{"id":98,"date":"2020-08-17T21:41:51","date_gmt":"2020-08-17T19:41:51","guid":{"rendered":"http:\/\/ceiptorrevieja.es\/?page_id=98"},"modified":"2025-09-26T13:05:23","modified_gmt":"2025-09-26T11:05:23","slug":"infantil-5-anos","status":"publish","type":"page","link":"https:\/\/ceiptorrevieja.es\/?page_id=98","title":{"rendered":"INFANTIL 5 A\u00d1OS"},"content":{"rendered":"\n<p class=\"has-text-align-center has-vivid-red-color has-pale-cyan-blue-background-color has-text-color has-background\"><strong>TUTORA:<\/strong>  <strong>ISABEL SANTANA<\/strong><\/p>\n\n\n\n<p> <a href=\"https:\/\/drive.google.com\/file\/d\/1SbyKPNHYlnH-oywDJIi49H3elEZ8w32z\/view?usp=sharing\">CALENDARIO ESCOLAR 2025-2026. ( Los d\u00edas 24 septiembre, 2 Marzo y 4 de Mayo  ser\u00e1n d\u00edas NO LECTIVOS )<\/a> <\/p>\n\n\n\n<div class=\"wp-block-group alignwide\"><div class=\"wp-block-group__inner-container\">\n<p><a href=\"https:\/\/ceiptorrevieja.es\/?p=275\">MEN\u00da COMEDOR<\/a><\/p>\n\n\n\n<p><a href=\"https:\/\/ceiptorrevieja.es\/?page_id=6029\">REUNION GENERAL DE OCTUBRE<\/a><\/p>\n\n\n\n<p><a href=\"https:\/\/view.genial.ly\/5f7b38f56183a40d34a54b87\/presentation-asamblea-de-otono\">PINCHA AQUI &#8230;<\/a><\/p>\n<\/div><\/div>\n\n\n\n<p><a href=\"https:\/\/view.genial.ly\/640b5adac3cda40014bed12f\/learning-experience-didactic-unit-propuesta-didactica-tics-4-anos\">PICHA AQU\u00cd Y APRENDER\u00c1S M\u00c1S&#8230;<\/a><\/p>\n\n\n\n<figure class=\"wp-block-image size-full\"><img loading=\"lazy\" width=\"345\" height=\"252\" src=\"https:\/\/ceiptorrevieja.es\/wp-content\/uploads\/2025\/09\/image-6.png\" alt=\"\" class=\"wp-image-7969\" srcset=\"https:\/\/ceiptorrevieja.es\/wp-content\/uploads\/2025\/09\/image-6.png 345w, https:\/\/ceiptorrevieja.es\/wp-content\/uploads\/2025\/09\/image-6-300x219.png 300w\" sizes=\"(max-width: 345px) 100vw, 345px\" \/><\/figure>\n\n\n\n<p class=\"has-text-align-center has-black-color has-light-green-cyan-background-color has-text-color has-background\">INGL\u00c9S &#8212;&#8211;Rutinas y vocabulario con canciones para infantil:<\/p>\n\n\n\n<p><a href=\"https:\/\/view.genially.com\/68bd49b6ef579141ba7dde33\/interactive-content-english-games2learn\">pincha en cada enlace INGL\u00c9S<\/a><\/p>\n\n\n\n<figure class=\"wp-block-image\"><a href=\"https:\/\/view.genially.com\/68bd49b6ef579141ba7dde33\/interactive-content-english-games2learn\"><img loading=\"lazy\" width=\"1024\" height=\"563\" src=\"https:\/\/ceiptorrevieja.es\/wp-content\/uploads\/2025\/09\/image-4-1024x563.png\" alt=\"\" class=\"wp-image-7952\" srcset=\"https:\/\/ceiptorrevieja.es\/wp-content\/uploads\/2025\/09\/image-4-1024x563.png 1024w, https:\/\/ceiptorrevieja.es\/wp-content\/uploads\/2025\/09\/image-4-300x165.png 300w, https:\/\/ceiptorrevieja.es\/wp-content\/uploads\/2025\/09\/image-4-768x422.png 768w, https:\/\/ceiptorrevieja.es\/wp-content\/uploads\/2025\/09\/image-4.png 1162w\" sizes=\"(max-width: 1024px) 100vw, 1024px\" \/><\/a><\/figure>\n\n\n\n<p><a href=\"https:\/\/view.genially.com\/68bd49b6ef579141ba7dde33#?secret=YkTOnapjP8\">https:\/\/view.genially.com\/68bd49b6ef579141ba7dde33#?secret=YkTOnapjP8<\/a><\/p>\n\n\n\n<p>Rutinas y vocabulario con canciones para infanti<\/p>\n\n\n\n<figure class=\"wp-block-image\"><a href=\"https:\/\/view.genially.com\/68907a8273428150ede3b3f4\/interactive-content-english-assembly\"><img loading=\"lazy\" width=\"1024\" height=\"487\" src=\"https:\/\/ceiptorrevieja.es\/wp-content\/uploads\/2025\/09\/image-7-1024x487.png\" alt=\"\" class=\"wp-image-7971\" srcset=\"https:\/\/ceiptorrevieja.es\/wp-content\/uploads\/2025\/09\/image-7-1024x487.png 1024w, https:\/\/ceiptorrevieja.es\/wp-content\/uploads\/2025\/09\/image-7-300x143.png 300w, https:\/\/ceiptorrevieja.es\/wp-content\/uploads\/2025\/09\/image-7-768x365.png 768w, https:\/\/ceiptorrevieja.es\/wp-content\/uploads\/2025\/09\/image-7.png 1185w\" sizes=\"(max-width: 1024px) 100vw, 1024px\" \/><\/a><\/figure>\n\n\n\n<p>PINCHA EN EL CUADRO<\/p>\n\n\n\n<div class=\"wp-block-image\"><figure class=\"aligncenter size-large is-resized\"><a href=\"https:\/\/view.genially.com\/61879c11a7e99d0dea4a9090\"><img loading=\"lazy\" src=\"https:\/\/ceiptorrevieja.es\/wp-content\/uploads\/2024\/10\/image-17-1024x547.png\" alt=\"\" class=\"wp-image-6960\" width=\"571\" height=\"305\" srcset=\"https:\/\/ceiptorrevieja.es\/wp-content\/uploads\/2024\/10\/image-17-1024x547.png 1024w, https:\/\/ceiptorrevieja.es\/wp-content\/uploads\/2024\/10\/image-17-300x160.png 300w, https:\/\/ceiptorrevieja.es\/wp-content\/uploads\/2024\/10\/image-17-768x410.png 768w, https:\/\/ceiptorrevieja.es\/wp-content\/uploads\/2024\/10\/image-17.png 1311w\" sizes=\"(max-width: 571px) 100vw, 571px\" \/><\/a><\/figure><\/div>\n","protected":false},"excerpt":{"rendered":"<p>TUTORA: ISABEL SANTANA CALENDARIO ESCOLAR 2025-2026. ( Los d\u00edas 24 septiembre, 2 Marzo y 4 de Mayo ser\u00e1n d\u00edas NO<\/p>\n","protected":false},"author":1,"featured_media":7969,"parent":0,"menu_order":0,"comment_status":"closed","ping_status":"closed","template":"","meta":[],"_links":{"self":[{"href":"https:\/\/ceiptorrevieja.es\/index.php?rest_route=\/wp\/v2\/pages\/98"}],"collection":[{"href":"https:\/\/ceiptorrevieja.es\/index.php?rest_route=\/wp\/v2\/pages"}],"about":[{"href":"https:\/\/ceiptorrevieja.es\/index.php?rest_route=\/wp\/v2\/types\/page"}],"author":[{"embeddable":true,"href":"https:\/\/ceiptorrevieja.es\/index.php?rest_route=\/wp\/v2\/users\/1"}],"replies":[{"embeddable":true,"href":"https:\/\/ceiptorrevieja.es\/index.php?rest_route=%2Fwp%2Fv2%2Fcomments&post=98"}],"version-history":[{"count":21,"href":"https:\/\/ceiptorrevieja.es\/index.php?rest_route=\/wp\/v2\/pages\/98\/revisions"}],"predecessor-version":[{"id":7983,"href":"https:\/\/ceiptorrevieja.es\/index.php?rest_route=\/wp\/v2\/pages\/98\/revisions\/7983"}],"wp:featuredmedia":[{"embeddable":true,"href":"https:\/\/ceiptorrevieja.es\/index.php?rest_route=\/wp\/v2\/media\/7969"}],"wp:attachment":[{"href":"https:\/\/ceiptorrevieja.es\/index.php?rest_route=%2Fwp%2Fv2%2Fmedia&parent=98"}],"curies":[{"name":"wp","href":"https:\/\/api.w.org\/{rel}","templated":true}]}}