{"id":96,"date":"2020-08-17T21:41:27","date_gmt":"2020-08-17T19:41:27","guid":{"rendered":"http:\/\/ceiptorrevieja.es\/?page_id=96"},"modified":"2025-09-26T13:04:26","modified_gmt":"2025-09-26T11:04:26","slug":"infantil-4-anos","status":"publish","type":"page","link":"https:\/\/ceiptorrevieja.es\/?page_id=96","title":{"rendered":"INFANTIL  4 A\u00d1OS"},"content":{"rendered":"\n<p><\/p>\n\n\n\n<div class=\"wp-block-group alignwide\"><div class=\"wp-block-group__inner-container\">\n<h5 class=\"has-text-align-center has-black-color has-vivid-green-cyan-background-color has-text-color has-background\">INFANTIL 4 A\u00d1OS<\/h5>\n\n\n\n<p class=\"has-text-align-center has-vivid-red-color has-pale-cyan-blue-background-color has-text-color has-background\"><strong>TUTORA: <\/strong>Andrades S\u00e1nchez, Mar\u00eda \u00c1ngeles<\/p>\n\n\n\n<div class=\"wp-block-image\"><figure class=\"aligncenter size-full is-resized\"><img loading=\"lazy\" src=\"https:\/\/ceiptorrevieja.es\/wp-content\/uploads\/2025\/09\/image-9.png\" alt=\"\" class=\"wp-image-7978\" width=\"670\" height=\"465\" srcset=\"https:\/\/ceiptorrevieja.es\/wp-content\/uploads\/2025\/09\/image-9.png 709w, https:\/\/ceiptorrevieja.es\/wp-content\/uploads\/2025\/09\/image-9-300x208.png 300w, https:\/\/ceiptorrevieja.es\/wp-content\/uploads\/2025\/09\/image-9-392x272.png 392w, https:\/\/ceiptorrevieja.es\/wp-content\/uploads\/2025\/09\/image-9-130x90.png 130w\" sizes=\"(max-width: 670px) 100vw, 670px\" \/><\/figure><\/div>\n\n\n\n<p> <a href=\"https:\/\/drive.google.com\/file\/d\/1SbyKPNHYlnH-oywDJIi49H3elEZ8w32z\/view?usp=sharing\">CALENDARIO ESCOLAR 2025-2026. ( Los d\u00edas 24 septiembre, 2 Marzo y 4 de Mayo  ser\u00e1n d\u00edas NO LECTIVOS )<\/a> <\/p>\n\n\n\n<p><a href=\"https:\/\/ceiptorrevieja.es\/?p=275\">MEN\u00da COMEDOR<\/a><\/p>\n\n\n\n<p><a href=\"https:\/\/ceiptorrevieja.es\/?page_id=6029\">REUNION GENERAL DE OCTUBRE<\/a><\/p>\n\n\n\n<p> <a href=\"https:\/\/view.genially.com\/68bd49b6ef579141ba7dde33\/interactive-content-english-games2learn\">pincha en cada enlace INGL\u00c9S<\/a><\/p>\n\n\n\n<figure class=\"wp-block-image size-large is-resized\"><a href=\"https:\/\/view.genially.com\/68bd49b6ef579141ba7dde33\/interactive-content-english-games2learn\"><img loading=\"lazy\" src=\"https:\/\/ceiptorrevieja.es\/wp-content\/uploads\/2025\/09\/image-4-1024x563.png\" alt=\"\" class=\"wp-image-7952\" width=\"347\" height=\"191\" srcset=\"https:\/\/ceiptorrevieja.es\/wp-content\/uploads\/2025\/09\/image-4-1024x563.png 1024w, https:\/\/ceiptorrevieja.es\/wp-content\/uploads\/2025\/09\/image-4-300x165.png 300w, https:\/\/ceiptorrevieja.es\/wp-content\/uploads\/2025\/09\/image-4-768x422.png 768w, https:\/\/ceiptorrevieja.es\/wp-content\/uploads\/2025\/09\/image-4.png 1162w\" sizes=\"(max-width: 347px) 100vw, 347px\" \/><\/a><\/figure>\n\n\n\n<figure class=\"wp-block-embed is-type-wp-embed is-provider-genially wp-block-embed-genially\"><div class=\"wp-block-embed__wrapper\">\n<iframe class=\"wp-embedded-content\" sandbox=\"allow-scripts\" security=\"restricted\" title=\"English games2learn\" frameborder='0' width='1200' height='675' src='https:\/\/view.genially.com\/68bd49b6ef579141ba7dde33#?secret=h7Og7hmmgl' data-secret='h7Og7hmmgl' scrolling='yes'><\/iframe>\n<\/div><\/figure>\n<\/div><\/div>\n\n\n\n<p class=\"has-text-align-center has-black-color has-light-green-cyan-background-color has-text-color has-background\">Rutinas y vocabulario con canciones para infanti<\/p>\n\n\n\n<figure class=\"wp-block-image size-large\"><a href=\"https:\/\/view.genially.com\/68907a8273428150ede3b3f4\/interactive-content-english-assembly\"><img loading=\"lazy\" width=\"1024\" height=\"487\" src=\"https:\/\/ceiptorrevieja.es\/wp-content\/uploads\/2025\/09\/image-7-1024x487.png\" alt=\"\" class=\"wp-image-7971\" srcset=\"https:\/\/ceiptorrevieja.es\/wp-content\/uploads\/2025\/09\/image-7-1024x487.png 1024w, https:\/\/ceiptorrevieja.es\/wp-content\/uploads\/2025\/09\/image-7-300x143.png 300w, https:\/\/ceiptorrevieja.es\/wp-content\/uploads\/2025\/09\/image-7-768x365.png 768w, https:\/\/ceiptorrevieja.es\/wp-content\/uploads\/2025\/09\/image-7.png 1185w\" sizes=\"(max-width: 1024px) 100vw, 1024px\" \/><\/a><\/figure>\n\n\n\n<p class=\"has-text-align-center has-black-color has-light-green-cyan-background-color has-text-color has-background\">l:<\/p>\n\n\n\n<p><\/p>\n\n\n\n<p>PINCHA EN EL CUADRO<\/p>\n\n\n\n<div class=\"wp-block-image\"><figure class=\"aligncenter size-large is-resized\"><a href=\"https:\/\/view.genially.com\/61879c11a7e99d0dea4a9090\"><img loading=\"lazy\" src=\"https:\/\/ceiptorrevieja.es\/wp-content\/uploads\/2024\/10\/image-17-1024x547.png\" alt=\"\" class=\"wp-image-6960\" width=\"571\" height=\"305\" srcset=\"https:\/\/ceiptorrevieja.es\/wp-content\/uploads\/2024\/10\/image-17-1024x547.png 1024w, https:\/\/ceiptorrevieja.es\/wp-content\/uploads\/2024\/10\/image-17-300x160.png 300w, https:\/\/ceiptorrevieja.es\/wp-content\/uploads\/2024\/10\/image-17-768x410.png 768w, https:\/\/ceiptorrevieja.es\/wp-content\/uploads\/2024\/10\/image-17.png 1311w\" sizes=\"(max-width: 571px) 100vw, 571px\" \/><\/a><\/figure><\/div>\n","protected":false},"excerpt":{"rendered":"<p>INFANTIL 4 A\u00d1OS TUTORA: Andrades S\u00e1nchez, Mar\u00eda \u00c1ngeles CALENDARIO ESCOLAR 2025-2026. ( Los d\u00edas 24 septiembre, 2 Marzo y 4<\/p>\n","protected":false},"author":1,"featured_media":0,"parent":0,"menu_order":0,"comment_status":"closed","ping_status":"closed","template":"","meta":[],"_links":{"self":[{"href":"https:\/\/ceiptorrevieja.es\/index.php?rest_route=\/wp\/v2\/pages\/96"}],"collection":[{"href":"https:\/\/ceiptorrevieja.es\/index.php?rest_route=\/wp\/v2\/pages"}],"about":[{"href":"https:\/\/ceiptorrevieja.es\/index.php?rest_route=\/wp\/v2\/types\/page"}],"author":[{"embeddable":true,"href":"https:\/\/ceiptorrevieja.es\/index.php?rest_route=\/wp\/v2\/users\/1"}],"replies":[{"embeddable":true,"href":"https:\/\/ceiptorrevieja.es\/index.php?rest_route=%2Fwp%2Fv2%2Fcomments&post=96"}],"version-history":[{"count":31,"href":"https:\/\/ceiptorrevieja.es\/index.php?rest_route=\/wp\/v2\/pages\/96\/revisions"}],"predecessor-version":[{"id":7982,"href":"https:\/\/ceiptorrevieja.es\/index.php?rest_route=\/wp\/v2\/pages\/96\/revisions\/7982"}],"wp:attachment":[{"href":"https:\/\/ceiptorrevieja.es\/index.php?rest_route=%2Fwp%2Fv2%2Fmedia&parent=96"}],"curies":[{"name":"wp","href":"https:\/\/api.w.org\/{rel}","templated":true}]}}