{"id":68,"date":"2020-08-17T19:05:19","date_gmt":"2020-08-17T17:05:19","guid":{"rendered":"http:\/\/ceiptorrevieja.es\/?page_id=68"},"modified":"2023-12-05T13:16:12","modified_gmt":"2023-12-05T12:16:12","slug":"quien-somos","status":"publish","type":"page","link":"https:\/\/ceiptorrevieja.es\/?page_id=68","title":{"rendered":"QUIENES SOMOS"},"content":{"rendered":"\n<p class=\"has-text-align-center has-black-color has-cyan-bluish-gray-background-color has-text-color has-background\"><strong><a href=\"https:\/\/ceiptorrevieja.es\/?page_id=80\">ORGANIGRAMA<\/a><\/strong><\/p>\n\n\n\n<div class=\"wp-block-image\"><figure class=\"aligncenter size-full is-resized\"><a href=\"https:\/\/ceiptorrevieja.es\/?page_id=80\"><img loading=\"lazy\" src=\"https:\/\/ceiptorrevieja.es\/wp-content\/uploads\/2022\/02\/image-2.png\" alt=\"\" class=\"wp-image-3653\" width=\"210\" height=\"147\" srcset=\"https:\/\/ceiptorrevieja.es\/wp-content\/uploads\/2022\/02\/image-2.png 586w, https:\/\/ceiptorrevieja.es\/wp-content\/uploads\/2022\/02\/image-2-300x210.png 300w, https:\/\/ceiptorrevieja.es\/wp-content\/uploads\/2022\/02\/image-2-392x272.png 392w, https:\/\/ceiptorrevieja.es\/wp-content\/uploads\/2022\/02\/image-2-130x90.png 130w\" sizes=\"(max-width: 210px) 100vw, 210px\" \/><\/a><\/figure><\/div>\n\n\n\n<h4 class=\"has-text-align-center\"><strong>CARTA DEL DIRECTOR:<\/strong><br><strong>NUESTRO CENTRO CEIP TORREVIEJA<\/strong><\/h4>\n\n\n\n<div class=\"wp-block-image\"><figure class=\"aligncenter size-large\"><img loading=\"lazy\" width=\"400\" height=\"300\" src=\"https:\/\/ceiptorrevieja.es\/wp-content\/uploads\/2020\/08\/dire.jpg\" alt=\"\" class=\"wp-image-138\" srcset=\"https:\/\/ceiptorrevieja.es\/wp-content\/uploads\/2020\/08\/dire.jpg 400w, https:\/\/ceiptorrevieja.es\/wp-content\/uploads\/2020\/08\/dire-300x225.jpg 300w\" sizes=\"(max-width: 400px) 100vw, 400px\" \/><\/figure><\/div>\n\n\n\n<p>Bienvenidos al Portal del Colegio P\u00fablico TORREVIEJA.<\/p>\n\n\n\n<p>Como Director del Colegio, es para mi un placer dirigirme a toda la Comunidad Educativa y a cuantos nos quieran visitar y conocer.<\/p>\n\n\n\n<p>Somos un Centro Educativo de Infantil y Primaria (3 a 12 a\u00f1os) de titularidad p\u00fablica de la Comunidad ANDALUZA, Fue creado en 1980<\/p>\n\n\n\n<p>Nuestra Comunidad Educativa est\u00e1 formada por algo m\u00e1s de 220 alumnos y alumnas, que cursan las Etapas de Educaci\u00f3n Infantil y Primaria. Las familias superan las 700 personas, entre padres, madres y tutores.<\/p>\n\n\n\n<p>Est\u00e1n atendidos por 16 maestros y maestras en su horario lectivo. Recibimos el apoyo semanal de los servicios del Equipo de Orientaci\u00f3n Escolar (Orientadora y Logopeda).<\/p>\n\n\n\n<p>Prestamos servicios de car\u00e1cter social mediante el Plan de Apoyo a las familias andaluzas ( Comedor Escolar y Actividades Extraescolares). Tambi\u00e9n impartimos Escuelas Deportivas por las tardes.<\/p>\n\n\n\n<p>El centro esta Situado en la localidad de Villamartin. En el a\u00f1o 2012 contaba con 12.394 habitantes. Su extensi\u00f3n superficial es de 210.3 km\u00b2 y tiene una densidad de 59,56 hab\/km\u00b2. Sus coordenadas geogr\u00e1ficas son 36\u00ba 52&#8242; N, 5\u00ba 38&#8242; O, en el centro de la Sierra de C\u00e1diz. Se encuentra situada a una altitud de 167 metros y a 80 kil\u00f3metros de la capital de provincia, C\u00e1diz<\/p>\n\n\n\n<p>Nuestro Centro lleva impl\u00edcito el cultivo y desarrollo de valores fundamentales para el aprendizaje tales como el esfuerzo personal, la curiosidad por aprender, la recompensa por el trabajo bien hecho, el af\u00e1n de superarse cada d\u00eda. Los resultados de nuestro Centro en los \u00faltimos a\u00f1os ha mejorado satifactoriamente.<\/p>\n\n\n\n<p>En cuanto al aspecto de educaci\u00f3n y civismo, nuestros alumnos\/as tienen interiorizados desde los tres a\u00f1os una serie de valores, la tolerancia, el respeto a las diferencias, el altruismo, la solidaridad y la justicia. Esta realidad supone que los nuevos alumnos que llegan a este Centro tengan siempre una excelente adaptaci\u00f3n e integraci\u00f3n.<\/p>\n\n\n\n<p>El Equipo Directivo, el Profesorado y los Padres y Madres de este Centro estamos convencidos de la calidad de la ense\u00f1anza de la Escuela P\u00fablica. El Proyecto Educativo de un Centro P\u00fablico es el resultado de la implicaci\u00f3n, la participaci\u00f3n y el consenso de todos los miembros de la Comunidad educativa.<\/p>\n\n\n\n<p>Por \u00faltimo, creemos que un Centro Educativo no s\u00f3lo es bueno por su \u00f3ptimo nivel acad\u00e9mico y educativo, sino tambi\u00e9n por la calidad de los servicios que presta. La calidad del Servicio de Comedor, el Deporte Escolar, Taller de Dramatizaci\u00f3n y Teatro y en definitiva, por la atenci\u00f3n esmerada y cuidadosa de todos y cada uno de los adultos que atendemos a los alumnos a lo largo de toda la jornada escolar.<\/p>\n\n\n\n<p>Si deciden optar por nuestro Centro Educativo, reciban nuestra m\u00e1s sincera bienvenida. Agradecemos la confianza depositada. Esperamos no defraudarles.<\/p>\n\n\n\n<p>D.David Tenorio Ruiz<br>Director<\/p>\n","protected":false},"excerpt":{"rendered":"<p>ORGANIGRAMA CARTA DEL DIRECTOR:NUESTRO CENTRO CEIP TORREVIEJA Bienvenidos al Portal del Colegio P\u00fablico TORREVIEJA. Como Director del Colegio, es para<\/p>\n","protected":false},"author":1,"featured_media":0,"parent":0,"menu_order":0,"comment_status":"closed","ping_status":"closed","template":"","meta":[],"_links":{"self":[{"href":"https:\/\/ceiptorrevieja.es\/index.php?rest_route=\/wp\/v2\/pages\/68"}],"collection":[{"href":"https:\/\/ceiptorrevieja.es\/index.php?rest_route=\/wp\/v2\/pages"}],"about":[{"href":"https:\/\/ceiptorrevieja.es\/index.php?rest_route=\/wp\/v2\/types\/page"}],"author":[{"embeddable":true,"href":"https:\/\/ceiptorrevieja.es\/index.php?rest_route=\/wp\/v2\/users\/1"}],"replies":[{"embeddable":true,"href":"https:\/\/ceiptorrevieja.es\/index.php?rest_route=%2Fwp%2Fv2%2Fcomments&post=68"}],"version-history":[{"count":8,"href":"https:\/\/ceiptorrevieja.es\/index.php?rest_route=\/wp\/v2\/pages\/68\/revisions"}],"predecessor-version":[{"id":6425,"href":"https:\/\/ceiptorrevieja.es\/index.php?rest_route=\/wp\/v2\/pages\/68\/revisions\/6425"}],"wp:attachment":[{"href":"https:\/\/ceiptorrevieja.es\/index.php?rest_route=%2Fwp%2Fv2%2Fmedia&parent=68"}],"curies":[{"name":"wp","href":"https:\/\/api.w.org\/{rel}","templated":true}]}}