{"id":604,"date":"2020-10-20T13:50:08","date_gmt":"2020-10-20T11:50:08","guid":{"rendered":"http:\/\/ceiptorrevieja.es\/?page_id=604"},"modified":"2022-05-24T19:28:34","modified_gmt":"2022-05-24T17:28:34","slug":"campana-solidaria-recogida-de-alimentos","status":"publish","type":"page","link":"https:\/\/ceiptorrevieja.es\/?page_id=604","title":{"rendered":"PROYECTO COEPAZ"},"content":{"rendered":"\n<p class=\"has-black-color has-cyan-bluish-gray-background-color has-text-color has-background\"><strong>PROYECTO ESCUELA ESPACIO DE PAZ Y COEDUCACI\u00d3N E IGUALDAD. PROYECTO COEPAZ<\/strong><\/p>\n\n\n\n<p class=\"has-text-align-center\">    <strong>  D\u00cdA DE LA MUJER. 8 DE MARZO<\/strong><\/p>\n\n\n\n<p>          Para tan importante fecha el grupo COEPAZ de la localidad, ha decidido realizar un mural gigante en una pared cedida por el Ayuntamiento, para de esta forma visibilizar esta efem\u00e9ride. El dibujo elegido para esta ocasi\u00f3n, se va a pintar entre todos los centros educativos de la localidad, en uno de los muros del IES Castillo de Matrera, dado su ubicaci\u00f3n estrat\u00e9gica de tr\u00e1nsito de la ciudadan\u00eda.<\/p>\n\n\n\n<p>          Hemos de decir, que ha sido todo un \u00e9xito por lo bien que lo hemos pasado y sobre todo, por lo que el alumnado ha disfrutado.<\/p>\n\n\n\n<figure class=\"wp-block-gallery columns-1 is-cropped\"><ul class=\"blocks-gallery-grid\"><li class=\"blocks-gallery-item\"><figure><img loading=\"lazy\" width=\"1024\" height=\"768\" src=\"https:\/\/ceiptorrevieja.es\/wp-content\/uploads\/2022\/05\/WhatsApp-Image-2022-04-26-at-11.25.57-AM-1024x768.jpeg\" alt=\"\" data-id=\"4436\" data-full-url=\"https:\/\/ceiptorrevieja.es\/wp-content\/uploads\/2022\/05\/WhatsApp-Image-2022-04-26-at-11.25.57-AM.jpeg\" data-link=\"https:\/\/ceiptorrevieja.es\/?attachment_id=4436\" class=\"wp-image-4436\" srcset=\"https:\/\/ceiptorrevieja.es\/wp-content\/uploads\/2022\/05\/WhatsApp-Image-2022-04-26-at-11.25.57-AM-1024x768.jpeg 1024w, https:\/\/ceiptorrevieja.es\/wp-content\/uploads\/2022\/05\/WhatsApp-Image-2022-04-26-at-11.25.57-AM-300x225.jpeg 300w, https:\/\/ceiptorrevieja.es\/wp-content\/uploads\/2022\/05\/WhatsApp-Image-2022-04-26-at-11.25.57-AM-768x576.jpeg 768w, https:\/\/ceiptorrevieja.es\/wp-content\/uploads\/2022\/05\/WhatsApp-Image-2022-04-26-at-11.25.57-AM-1536x1152.jpeg 1536w, https:\/\/ceiptorrevieja.es\/wp-content\/uploads\/2022\/05\/WhatsApp-Image-2022-04-26-at-11.25.57-AM.jpeg 2000w\" sizes=\"(max-width: 1024px) 100vw, 1024px\" \/><\/figure><\/li><\/ul><\/figure>\n\n\n\n<p class=\"has-text-align-center\">    <strong>  D\u00cdA ESCOLAR DE LA NO VIOLENCIA Y DE LA PAZ.  30 DE ENERO<\/strong><\/p>\n\n\n\n<p class=\"has-text-align-center\">             Con motivo de la celebraci\u00f3n del D\u00eda de la Paz , el centro ha realizado diferentes actividades conmemorando dicho d\u00eda. <\/p>\n\n\n\n<p class=\"has-text-align-center\">             A trav\u00e9s del \u00e1rea de Religi\u00f3n y de Valores C\u00edvicos todo el alumnado ha realizado un mural gigante, con lemas y mensajes relativos a la Paz.<\/p>\n\n\n\n<p class=\"has-text-align-center\">             Desde el proyecto COEPAZ intercentro de la localidad, los centros educativos de Villamart\u00edn han realizado un video. <\/p>\n\n\n\n<p class=\"has-text-align-center\">Nuestro centro ha contado con la              participaci\u00f3n de todo el alumnado de Infantil. <\/p>\n\n\n\n<p class=\"has-text-align-center\">             Y finalmente el AMPA del colegio, ha pintado junto con la colaboraci\u00f3n del alumnado de sexto, un mural gigante en relaci\u00f3n a la Paz<\/p>\n\n\n\n<p class=\"has-text-align-center\">             A continuaci\u00f3n dejamos el enlace, de los v\u00eddeos tanto de todos los centros de la localidad como uno s\u00f3lo de nuestro alumnado.<\/p>\n\n\n\n<p class=\"has-text-align-center\">            Pinchad encima del v\u00eddeo. Y a bailar&#8230;.!!!<\/p>\n\n\n\n<p class=\"has-text-align-center\">           <a href=\"https:\/\/drive.google.com\/file\/d\/1CN_j-rZsAS0Qik_1Ry8YfXQwDxD88InE\/view?usp=sharing\" data-type=\"URL\" data-id=\"https:\/\/drive.google.com\/file\/d\/1CN_j-rZsAS0Qik_1Ry8YfXQwDxD88InE\/view?usp=sharing\">V\u00eddeo intercentro.<\/a><\/p>\n\n\n\n<p class=\"has-text-align-center\">          <a href=\"https:\/\/drive.google.com\/file\/d\/1cIHKPslFFZYc7fg1-N4LBU9zqhyQbq3b\/view?usp=sharing\" data-type=\"URL\" data-id=\"https:\/\/drive.google.com\/file\/d\/1cIHKPslFFZYc7fg1-N4LBU9zqhyQbq3b\/view?usp=sharing\">V\u00eddeo CEIP Torrevieja.<\/a><\/p>\n\n\n\n<div class=\"wp-block-media-text has-media-on-the-right is-stacked-on-mobile is-vertically-aligned-top\" style=\"grid-template-columns:auto 38%\"><figure class=\"wp-block-media-text__media\"><img loading=\"lazy\" width=\"400\" height=\"287\" src=\"https:\/\/ceiptorrevieja.es\/wp-content\/uploads\/2021\/11\/Logo-RAEEP-color-590x423-copia.jpg\" alt=\"\" class=\"wp-image-2820 size-full\" srcset=\"https:\/\/ceiptorrevieja.es\/wp-content\/uploads\/2021\/11\/Logo-RAEEP-color-590x423-copia.jpg 400w, https:\/\/ceiptorrevieja.es\/wp-content\/uploads\/2021\/11\/Logo-RAEEP-color-590x423-copia-300x215.jpg 300w\" sizes=\"(max-width: 400px) 100vw, 400px\" \/><\/figure><div class=\"wp-block-media-text__content\">\n<figure class=\"wp-block-image is-resized\"><img loading=\"lazy\" src=\"https:\/\/ceiptorrevieja.es\/wp-content\/uploads\/2021\/11\/gender-equality-978x652-1.jpg\" alt=\"\" class=\"wp-image-2821\" width=\"410\" height=\"273\" srcset=\"https:\/\/ceiptorrevieja.es\/wp-content\/uploads\/2021\/11\/gender-equality-978x652-1.jpg 978w, https:\/\/ceiptorrevieja.es\/wp-content\/uploads\/2021\/11\/gender-equality-978x652-1-300x200.jpg 300w, https:\/\/ceiptorrevieja.es\/wp-content\/uploads\/2021\/11\/gender-equality-978x652-1-768x512.jpg 768w\" sizes=\"(max-width: 410px) 100vw, 410px\" \/><\/figure>\n<\/div><\/div>\n\n\n\n<p><\/p>\n\n\n\n<h2>JORNADAS EDUCANDO EN IGUALDAD<\/h2>\n\n\n\n<p> La Fundaci\u00f3n INCOTESA, con la colaboraci\u00f3n del \u00e1rea de Igualdad de la Diputaci\u00f3n Provincial de C\u00e1diz, ofrece al alumnado del tercer ciclo de todos los centros educativos de la localidad,  un proyecto cuyo principal objetivo es fomentar la igualdad de g\u00e9nero a trav\u00e9s  de din\u00e1micas en la que se trabajar\u00e1 con temas como los roles de g\u00e9nero, los mitos del amor rom\u00e1ntico y la violencia de g\u00e9nero.<\/p>\n\n\n\n<p>Proyecto COEPAZ intercentro.<\/p>\n\n\n\n<p><\/p>\n\n\n\n<p class=\"has-large-font-size\"><strong>J<\/strong>ORNADAS DE CULTURA PARA LA PAZ<\/p>\n\n\n\n<p>Jornadas sobre Educaci\u00f3n para la ciudadan\u00eda en el marco de una agenda global: acciones locales para un desarrollo sostenible. Dirigido al alumnado de 6\u00ba de primaria. Financiado por Diputaci\u00f3n de C\u00e1diz. Entidad implementadora: ASECOP<\/p>\n\n\n\n<p>BLOQUE I: Trabaja el aspecto social del Desarrollo Sostenible desde una aproximaci\u00f3n a la cultura y la comprensi\u00f3n de los Derechos Humanos.<\/p>\n\n\n\n<p>BLOQUE II: Trabaja la educaci\u00f3n mediooambiental.<\/p>\n\n\n\n<p>BLOQUE III: Trabaja el aspecto medioambiental del Desarrollo Sostenible, desde un punto de vista art\u00edstico.<\/p>\n\n\n\n<figure class=\"wp-block-gallery columns-3 is-cropped\"><ul class=\"blocks-gallery-grid\"><li class=\"blocks-gallery-item\"><figure><img loading=\"lazy\" width=\"300\" height=\"225\" src=\"https:\/\/ceiptorrevieja.es\/wp-content\/uploads\/2021\/11\/WhatsApp-Image-2021-11-02-at-17.02.19-300x225.jpeg\" alt=\"\" data-id=\"2846\" class=\"wp-image-2846\" srcset=\"https:\/\/ceiptorrevieja.es\/wp-content\/uploads\/2021\/11\/WhatsApp-Image-2021-11-02-at-17.02.19-300x225.jpeg 300w, https:\/\/ceiptorrevieja.es\/wp-content\/uploads\/2021\/11\/WhatsApp-Image-2021-11-02-at-17.02.19-1024x768.jpeg 1024w, https:\/\/ceiptorrevieja.es\/wp-content\/uploads\/2021\/11\/WhatsApp-Image-2021-11-02-at-17.02.19-768x576.jpeg 768w, https:\/\/ceiptorrevieja.es\/wp-content\/uploads\/2021\/11\/WhatsApp-Image-2021-11-02-at-17.02.19-1536x1152.jpeg 1536w, https:\/\/ceiptorrevieja.es\/wp-content\/uploads\/2021\/11\/WhatsApp-Image-2021-11-02-at-17.02.19.jpeg 2048w\" sizes=\"(max-width: 300px) 100vw, 300px\" \/><\/figure><\/li><li class=\"blocks-gallery-item\"><figure><img loading=\"lazy\" width=\"169\" height=\"300\" src=\"https:\/\/ceiptorrevieja.es\/wp-content\/uploads\/2021\/11\/WhatsApp-Image-2021-11-02-at-17.24.14-169x300.jpeg\" alt=\"\" data-id=\"2848\" data-link=\"https:\/\/ceiptorrevieja.es\/?attachment_id=2848\" class=\"wp-image-2848\" srcset=\"https:\/\/ceiptorrevieja.es\/wp-content\/uploads\/2021\/11\/WhatsApp-Image-2021-11-02-at-17.24.14-169x300.jpeg 169w, https:\/\/ceiptorrevieja.es\/wp-content\/uploads\/2021\/11\/WhatsApp-Image-2021-11-02-at-17.24.14-576x1024.jpeg 576w, https:\/\/ceiptorrevieja.es\/wp-content\/uploads\/2021\/11\/WhatsApp-Image-2021-11-02-at-17.24.14-768x1365.jpeg 768w, https:\/\/ceiptorrevieja.es\/wp-content\/uploads\/2021\/11\/WhatsApp-Image-2021-11-02-at-17.24.14-864x1536.jpeg 864w, https:\/\/ceiptorrevieja.es\/wp-content\/uploads\/2021\/11\/WhatsApp-Image-2021-11-02-at-17.24.14.jpeg 1152w\" sizes=\"(max-width: 169px) 100vw, 169px\" \/><\/figure><\/li><li class=\"blocks-gallery-item\"><figure><img loading=\"lazy\" width=\"169\" height=\"300\" src=\"https:\/\/ceiptorrevieja.es\/wp-content\/uploads\/2021\/11\/WhatsApp-Image-2021-11-02-at-17.24.07-169x300.jpeg\" alt=\"\" data-id=\"2849\" data-link=\"https:\/\/ceiptorrevieja.es\/?attachment_id=2849\" class=\"wp-image-2849\" srcset=\"https:\/\/ceiptorrevieja.es\/wp-content\/uploads\/2021\/11\/WhatsApp-Image-2021-11-02-at-17.24.07-169x300.jpeg 169w, https:\/\/ceiptorrevieja.es\/wp-content\/uploads\/2021\/11\/WhatsApp-Image-2021-11-02-at-17.24.07-577x1024.jpeg 577w, https:\/\/ceiptorrevieja.es\/wp-content\/uploads\/2021\/11\/WhatsApp-Image-2021-11-02-at-17.24.07-768x1364.jpeg 768w, https:\/\/ceiptorrevieja.es\/wp-content\/uploads\/2021\/11\/WhatsApp-Image-2021-11-02-at-17.24.07-865x1536.jpeg 865w, https:\/\/ceiptorrevieja.es\/wp-content\/uploads\/2021\/11\/WhatsApp-Image-2021-11-02-at-17.24.07.jpeg 1153w\" sizes=\"(max-width: 169px) 100vw, 169px\" \/><\/figure><\/li><\/ul><\/figure>\n\n\n\n<h2>CAMPA\u00d1A SOLIDARIA RECOGIDA DE ALIMENTOS<\/h2>\n\n\n\n<p>Durante el mes de Octubre , hemos trabajado el MES SOLIDARIO, el alumnado ha tra\u00eddo durante las tres primeras semanas de octubre alimentos y productos de higiene y limpieza.<\/p>\n\n\n\n<p>Nuestro objetivo es doble, por un lado, el participar desde nuestra comunidad educativa llevando a cabo labores en pro de los m\u00e1s desfavorecidos y por otro lado, el educar a nuestros alumnos en valores como el respeto, la tolerancia, la solidaridad\u2026<\/p>\n\n\n\n<p>Uno de los principales cambios que se ha producido en nuestra sociedad y que est\u00e1 en boca de todos, es la falta de valores.&nbsp; De ah\u00ed, que desde nuestro centro educativo, planteemos la necesidad de una educaci\u00f3n basada en el respeto, la tolerancia, la solidaridad&#8230;&nbsp;<\/p>\n\n\n\n<p>Nuestro centro educativo, se ha caracterizado a lo largo de su historia, por ser un centro solidario, participando en innumerables campa\u00f1as.<\/p>\n\n\n\n<p class=\"has-text-align-center\"><img loading=\"lazy\" width=\"1600\" height=\"1181\" class=\"wp-image-2699\" style=\"width: 414px;\" src=\"https:\/\/ceiptorrevieja.es\/wp-content\/uploads\/2021\/10\/WhatsApp-Image-2021-10-20-at-15.50.51.jpeg\" alt=\"\" srcset=\"https:\/\/ceiptorrevieja.es\/wp-content\/uploads\/2021\/10\/WhatsApp-Image-2021-10-20-at-15.50.51.jpeg 1600w, https:\/\/ceiptorrevieja.es\/wp-content\/uploads\/2021\/10\/WhatsApp-Image-2021-10-20-at-15.50.51-300x221.jpeg 300w, https:\/\/ceiptorrevieja.es\/wp-content\/uploads\/2021\/10\/WhatsApp-Image-2021-10-20-at-15.50.51-1024x756.jpeg 1024w, https:\/\/ceiptorrevieja.es\/wp-content\/uploads\/2021\/10\/WhatsApp-Image-2021-10-20-at-15.50.51-768x567.jpeg 768w, https:\/\/ceiptorrevieja.es\/wp-content\/uploads\/2021\/10\/WhatsApp-Image-2021-10-20-at-15.50.51-1536x1134.jpeg 1536w\" sizes=\"(max-width: 1600px) 100vw, 1600px\" \/><\/p>\n\n\n\n<p class=\"has-text-align-center\"><\/p>\n","protected":false},"excerpt":{"rendered":"<p>PROYECTO ESCUELA ESPACIO DE PAZ Y COEDUCACI\u00d3N E IGUALDAD. PROYECTO COEPAZ D\u00cdA DE LA MUJER. 8 DE MARZO Para tan<\/p>\n","protected":false},"author":2,"featured_media":0,"parent":0,"menu_order":0,"comment_status":"closed","ping_status":"closed","template":"","meta":[],"_links":{"self":[{"href":"https:\/\/ceiptorrevieja.es\/index.php?rest_route=\/wp\/v2\/pages\/604"}],"collection":[{"href":"https:\/\/ceiptorrevieja.es\/index.php?rest_route=\/wp\/v2\/pages"}],"about":[{"href":"https:\/\/ceiptorrevieja.es\/index.php?rest_route=\/wp\/v2\/types\/page"}],"author":[{"embeddable":true,"href":"https:\/\/ceiptorrevieja.es\/index.php?rest_route=\/wp\/v2\/users\/2"}],"replies":[{"embeddable":true,"href":"https:\/\/ceiptorrevieja.es\/index.php?rest_route=%2Fwp%2Fv2%2Fcomments&post=604"}],"version-history":[{"count":22,"href":"https:\/\/ceiptorrevieja.es\/index.php?rest_route=\/wp\/v2\/pages\/604\/revisions"}],"predecessor-version":[{"id":4439,"href":"https:\/\/ceiptorrevieja.es\/index.php?rest_route=\/wp\/v2\/pages\/604\/revisions\/4439"}],"wp:attachment":[{"href":"https:\/\/ceiptorrevieja.es\/index.php?rest_route=%2Fwp%2Fv2%2Fmedia&parent=604"}],"curies":[{"name":"wp","href":"https:\/\/api.w.org\/{rel}","templated":true}]}}