{"id":4862,"date":"2022-10-28T17:52:51","date_gmt":"2022-10-28T15:52:51","guid":{"rendered":"http:\/\/ceiptorrevieja.es\/?page_id=4862"},"modified":"2025-12-08T18:04:52","modified_gmt":"2025-12-08T17:04:52","slug":"naturales-2o","status":"publish","type":"page","link":"https:\/\/ceiptorrevieja.es\/?page_id=4862","title":{"rendered":"MATES 4\u00ba"},"content":{"rendered":"\n<p class=\"has-text-align-center has-black-color has-pale-cyan-blue-background-color has-text-color has-background\">1\u00ba TRIMESTRE<\/p>\n\n\n\n<p class=\"has-text-align-center\"><\/p>\n\n\n\n<p class=\"has-text-align-center has-light-green-cyan-background-color has-background\">TEMA 1<\/p>\n\n\n\n<figure class=\"wp-block-image size-full is-resized\"><img loading=\"lazy\" src=\"https:\/\/ceiptorrevieja.es\/wp-content\/uploads\/2023\/10\/image-17.png\" alt=\"\" class=\"wp-image-6094\" width=\"928\" height=\"125\" srcset=\"https:\/\/ceiptorrevieja.es\/wp-content\/uploads\/2023\/10\/image-17.png 801w, https:\/\/ceiptorrevieja.es\/wp-content\/uploads\/2023\/10\/image-17-300x40.png 300w, https:\/\/ceiptorrevieja.es\/wp-content\/uploads\/2023\/10\/image-17-768x104.png 768w\" sizes=\"(max-width: 928px) 100vw, 928px\" \/><\/figure>\n\n\n\n<p>-RECURSOS<\/p>\n\n\n\n<ul><li><a href=\"https:\/\/docs.google.com\/document\/d\/1nUR-cj-NIT0M8VU2pYzbQyiXIG_S3LUc\/edit?usp=sharing&amp;ouid=112180580807933240760&amp;rtpof=true&amp;sd=true\">CRITERIOS DE EVALUACI\u00d3N <\/a><\/li><\/ul>\n\n\n\n<div class=\"wp-block-image\"><figure class=\"aligncenter size-full\"><img loading=\"lazy\" width=\"566\" height=\"709\" src=\"https:\/\/ceiptorrevieja.es\/wp-content\/uploads\/2025\/12\/Captura-de-pantalla-de-2025-12-08-17-55-59.png\" alt=\"\" class=\"wp-image-8606\" srcset=\"https:\/\/ceiptorrevieja.es\/wp-content\/uploads\/2025\/12\/Captura-de-pantalla-de-2025-12-08-17-55-59.png 566w, https:\/\/ceiptorrevieja.es\/wp-content\/uploads\/2025\/12\/Captura-de-pantalla-de-2025-12-08-17-55-59-239x300.png 239w\" sizes=\"(max-width: 566px) 100vw, 566px\" \/><\/figure><\/div>\n\n\n\n<p class=\"has-text-align-center has-light-green-cyan-background-color has-background\">TEMA 2<\/p>\n\n\n\n<figure class=\"wp-block-image size-full is-resized\"><img loading=\"lazy\" src=\"https:\/\/ceiptorrevieja.es\/wp-content\/uploads\/2023\/10\/image-18.png\" alt=\"\" class=\"wp-image-6095\" width=\"952\" height=\"71\" srcset=\"https:\/\/ceiptorrevieja.es\/wp-content\/uploads\/2023\/10\/image-18.png 795w, https:\/\/ceiptorrevieja.es\/wp-content\/uploads\/2023\/10\/image-18-300x22.png 300w, https:\/\/ceiptorrevieja.es\/wp-content\/uploads\/2023\/10\/image-18-768x57.png 768w\" sizes=\"(max-width: 952px) 100vw, 952px\" \/><\/figure>\n\n\n\n<p>-RECURSOS<\/p>\n\n\n\n<ul><li><a href=\"https:\/\/docs.google.com\/document\/d\/1P_RWHITK5_XnsvYK6CzOxAoTQfhrAwUM\/edit?usp=sharing&amp;ouid=112180580807933240760&amp;rtpof=true&amp;sd=true\">CRITERIOS DE EVALUACI\u00d3N <\/a><\/li><\/ul>\n\n\n\n<div class=\"wp-block-image\"><figure class=\"aligncenter size-full\"><img loading=\"lazy\" width=\"560\" height=\"683\" src=\"https:\/\/ceiptorrevieja.es\/wp-content\/uploads\/2025\/12\/Captura-de-pantalla-de-2025-12-08-17-58-50.png\" alt=\"\" class=\"wp-image-8608\" srcset=\"https:\/\/ceiptorrevieja.es\/wp-content\/uploads\/2025\/12\/Captura-de-pantalla-de-2025-12-08-17-58-50.png 560w, https:\/\/ceiptorrevieja.es\/wp-content\/uploads\/2025\/12\/Captura-de-pantalla-de-2025-12-08-17-58-50-246x300.png 246w\" sizes=\"(max-width: 560px) 100vw, 560px\" \/><\/figure><\/div>\n\n\n\n<p class=\"has-text-align-center has-light-green-cyan-background-color has-background\">TEMA 3<\/p>\n\n\n\n<figure class=\"wp-block-image size-full is-resized\"><img loading=\"lazy\" src=\"https:\/\/ceiptorrevieja.es\/wp-content\/uploads\/2023\/10\/image-19.png\" alt=\"\" class=\"wp-image-6096\" width=\"959\" height=\"72\" srcset=\"https:\/\/ceiptorrevieja.es\/wp-content\/uploads\/2023\/10\/image-19.png 783w, https:\/\/ceiptorrevieja.es\/wp-content\/uploads\/2023\/10\/image-19-300x23.png 300w, https:\/\/ceiptorrevieja.es\/wp-content\/uploads\/2023\/10\/image-19-768x58.png 768w\" sizes=\"(max-width: 959px) 100vw, 959px\" \/><\/figure>\n\n\n\n<p>-RECURSOS<\/p>\n\n\n\n<ul><li><a href=\"https:\/\/docs.google.com\/document\/d\/1wvw0mHHVcecD-WE4u1P19NhK8iKhVAwA\/edit?usp=sharing&amp;ouid=112180580807933240760&amp;rtpof=true&amp;sd=true\">CRITERIOS DE EVALUACI\u00d3N<\/a> <\/li><\/ul>\n\n\n\n<div class=\"wp-block-image\"><figure class=\"aligncenter size-full\"><img loading=\"lazy\" width=\"569\" height=\"735\" src=\"https:\/\/ceiptorrevieja.es\/wp-content\/uploads\/2025\/12\/Captura-de-pantalla-de-2025-12-08-18-03-16.png\" alt=\"\" class=\"wp-image-8610\" srcset=\"https:\/\/ceiptorrevieja.es\/wp-content\/uploads\/2025\/12\/Captura-de-pantalla-de-2025-12-08-18-03-16.png 569w, https:\/\/ceiptorrevieja.es\/wp-content\/uploads\/2025\/12\/Captura-de-pantalla-de-2025-12-08-18-03-16-232x300.png 232w\" sizes=\"(max-width: 569px) 100vw, 569px\" \/><\/figure><\/div>\n\n\n\n<p class=\"has-light-green-cyan-background-color has-background\">TEMA 4<\/p>\n\n\n\n<figure class=\"wp-block-image size-full is-resized\"><img loading=\"lazy\" src=\"https:\/\/ceiptorrevieja.es\/wp-content\/uploads\/2023\/10\/image-20.png\" alt=\"\" class=\"wp-image-6097\" width=\"973\" height=\"79\" srcset=\"https:\/\/ceiptorrevieja.es\/wp-content\/uploads\/2023\/10\/image-20.png 784w, https:\/\/ceiptorrevieja.es\/wp-content\/uploads\/2023\/10\/image-20-300x24.png 300w, https:\/\/ceiptorrevieja.es\/wp-content\/uploads\/2023\/10\/image-20-768x63.png 768w\" sizes=\"(max-width: 973px) 100vw, 973px\" \/><\/figure>\n\n\n\n<p>-RECURSOS<\/p>\n\n\n\n<ul><li>CRITERIOS DE EVALUACI\u00d3N <\/li><\/ul>\n\n\n\n<p class=\"has-light-green-cyan-background-color has-background\">&#8211;<\/p>\n\n\n\n<p class=\"has-light-green-cyan-background-color has-background\">&#8211;<\/p>\n\n\n\n<p><\/p>\n","protected":false},"excerpt":{"rendered":"<p>1\u00ba TRIMESTRE TEMA 1 -RECURSOS CRITERIOS DE EVALUACI\u00d3N TEMA 2 -RECURSOS CRITERIOS DE EVALUACI\u00d3N TEMA 3 -RECURSOS CRITERIOS DE EVALUACI\u00d3N<\/p>\n","protected":false},"author":2,"featured_media":5828,"parent":0,"menu_order":0,"comment_status":"closed","ping_status":"closed","template":"","meta":[],"_links":{"self":[{"href":"https:\/\/ceiptorrevieja.es\/index.php?rest_route=\/wp\/v2\/pages\/4862"}],"collection":[{"href":"https:\/\/ceiptorrevieja.es\/index.php?rest_route=\/wp\/v2\/pages"}],"about":[{"href":"https:\/\/ceiptorrevieja.es\/index.php?rest_route=\/wp\/v2\/types\/page"}],"author":[{"embeddable":true,"href":"https:\/\/ceiptorrevieja.es\/index.php?rest_route=\/wp\/v2\/users\/2"}],"replies":[{"embeddable":true,"href":"https:\/\/ceiptorrevieja.es\/index.php?rest_route=%2Fwp%2Fv2%2Fcomments&post=4862"}],"version-history":[{"count":8,"href":"https:\/\/ceiptorrevieja.es\/index.php?rest_route=\/wp\/v2\/pages\/4862\/revisions"}],"predecessor-version":[{"id":8612,"href":"https:\/\/ceiptorrevieja.es\/index.php?rest_route=\/wp\/v2\/pages\/4862\/revisions\/8612"}],"wp:featuredmedia":[{"embeddable":true,"href":"https:\/\/ceiptorrevieja.es\/index.php?rest_route=\/wp\/v2\/media\/5828"}],"wp:attachment":[{"href":"https:\/\/ceiptorrevieja.es\/index.php?rest_route=%2Fwp%2Fv2%2Fmedia&parent=4862"}],"curies":[{"name":"wp","href":"https:\/\/api.w.org\/{rel}","templated":true}]}}