{"id":3164,"date":"2021-11-29T17:32:08","date_gmt":"2021-11-29T16:32:08","guid":{"rendered":"http:\/\/ceiptorrevieja.es\/?page_id=3164"},"modified":"2021-11-30T12:58:29","modified_gmt":"2021-11-30T11:58:29","slug":"piscina-escolar","status":"publish","type":"page","link":"https:\/\/ceiptorrevieja.es\/?page_id=3164","title":{"rendered":"PISCINA ESCOLAR"},"content":{"rendered":"\n<p><\/p>\n\n\n\n<p>El Colegio Ceip Torrevieja apuesta por la educaci\u00f3n integral de sus alumnos y consciente de los beneficios de la nataci\u00f3n dispone de actividades de piscina para sus alumnos\/as,en colaboraci\u00f3n con nuestro Ayuntamiento.<\/p>\n\n\n\n<p>Cada Viernes nuestro alumnado de 4\u00ba,5\u00ba y 6\u00ba visitan la piscina municipal acompa\u00f1ado de sus maestros de E.F, que lo evaluan y se integra dentro del  proyecto de centro Creciendo en Salud.<\/p>\n\n\n\n<p>Nadar es uno de los deportes m\u00e1s completos que existen. Adem\u00e1s del gran n\u00famero de m\u00fasculos que intervienen, el medio acu\u00e1tico es ideal para mantener sano el sistema cardiovascular, pr\u00e1cticamente a cualquier edad. En ni\u00f1os, adem\u00e1s, regula el colesterol y previene la obesidad.<\/p>\n\n\n\n<p>La pr\u00e1ctica de este deporte es beneficiosa para muchas partes del cuerpo, porque intervienen muchos grupos musculares. Adem\u00e1s, es una buena forma de prevenir afecciones como la hipertensi\u00f3n arterial o el sobrepeso.<\/p>\n\n\n\n<p>La nataci\u00f3n tambi\u00e9n mantiene en estado saludable el sistema circulatorio.<\/p>\n\n\n\n<p>Aporta todos los beneficios de todos los deportes, como una mejora de la respuesta cardiovascular ante el esfuerzo. Al tratarse de una disciplina deportiva muy t\u00e9cnica, la nataci\u00f3n incrementa la flexibilidad, y favorece la coordinaci\u00f3n y la agilidad.<\/p>\n\n\n\n<p>No debe olvidarse que la nataci\u00f3n, como la mayor\u00eda de los deportes, favorece la socializaci\u00f3n.<\/p>\n\n\n\n<p>Cabe resaltar que es uno de los deportes m\u00e1s beneficiosos, tal y como se\u00f1ala la Fundaci\u00f3n Espa\u00f1ola del Coraz\u00f3n.<\/p>\n\n\n\n<p>Algunas de las actividades que se realizan son:<\/p>\n\n\n\n<ul><li><em>Calentamiento.<\/em><\/li><li><em>Nataci\u00f3n con diferentes estilos.<\/em><\/li><li><em>Correcci\u00f3n de errores t\u00edpicos.<\/em><\/li><li><em>Tipos de respiraci\u00f3n.<\/em><\/li><li><em>Desplazamientos subacu\u00e1ticos.<\/em><\/li><li><em>Posiciones hidrodin\u00e1micas.<\/em><\/li><li><em>Higiene postural.<\/em><\/li><li><em>Waterpolo infantil.<\/em><\/li><\/ul>\n\n\n\n<p><strong>\u00bfQu\u00e9 hay que llevar los d\u00edas de piscina?<\/strong><\/p>\n\n\n\n<p>El d\u00eda que hay nataci\u00f3n los alumnos deben llevar una mochilita adicional con gorro de silicona, gafas, toalla, ba\u00f1ador y chanclas.<\/p>\n\n\n\n<p><\/p>\n\n\n\n<p>El alumnado de 2\u00ba y 3\u00ba  de primaria junto con un miembro de su familia podr\u00e1 participar en una actividad de piscina que organiza nuestro centro, una vez al trimestre dentro de las actividades de del Programa Creciendo en Salud.<\/p>\n\n\n\n<p>INFORMACI\u00d3N A LA FAMILIAS DE 2\u00ba CURSO<\/p>\n\n\n\n<p>iNFORMACI\u00d3N A LA FAMILAS DE 3\u00ba CURSO<\/p>\n\n\n\n<p><\/p>\n","protected":false},"excerpt":{"rendered":"<p>El Colegio Ceip Torrevieja apuesta por la educaci\u00f3n integral de sus alumnos y consciente de los beneficios de la nataci\u00f3n<\/p>\n","protected":false},"author":2,"featured_media":3182,"parent":0,"menu_order":0,"comment_status":"closed","ping_status":"closed","template":"","meta":[],"_links":{"self":[{"href":"https:\/\/ceiptorrevieja.es\/index.php?rest_route=\/wp\/v2\/pages\/3164"}],"collection":[{"href":"https:\/\/ceiptorrevieja.es\/index.php?rest_route=\/wp\/v2\/pages"}],"about":[{"href":"https:\/\/ceiptorrevieja.es\/index.php?rest_route=\/wp\/v2\/types\/page"}],"author":[{"embeddable":true,"href":"https:\/\/ceiptorrevieja.es\/index.php?rest_route=\/wp\/v2\/users\/2"}],"replies":[{"embeddable":true,"href":"https:\/\/ceiptorrevieja.es\/index.php?rest_route=%2Fwp%2Fv2%2Fcomments&post=3164"}],"version-history":[{"count":4,"href":"https:\/\/ceiptorrevieja.es\/index.php?rest_route=\/wp\/v2\/pages\/3164\/revisions"}],"predecessor-version":[{"id":3184,"href":"https:\/\/ceiptorrevieja.es\/index.php?rest_route=\/wp\/v2\/pages\/3164\/revisions\/3184"}],"wp:featuredmedia":[{"embeddable":true,"href":"https:\/\/ceiptorrevieja.es\/index.php?rest_route=\/wp\/v2\/media\/3182"}],"wp:attachment":[{"href":"https:\/\/ceiptorrevieja.es\/index.php?rest_route=%2Fwp%2Fv2%2Fmedia&parent=3164"}],"curies":[{"name":"wp","href":"https:\/\/api.w.org\/{rel}","templated":true}]}}