{"id":3112,"date":"2021-11-23T15:00:59","date_gmt":"2021-11-23T14:00:59","guid":{"rendered":"http:\/\/ceiptorrevieja.es\/?page_id=3112"},"modified":"2024-11-13T13:04:44","modified_gmt":"2024-11-13T12:04:44","slug":"proa","status":"publish","type":"page","link":"https:\/\/ceiptorrevieja.es\/?page_id=3112","title":{"rendered":"CONOCIMIENTO DEL MEDIO 3\u00ba"},"content":{"rendered":"\n<h1><\/h1>\n\n\n\n<p><\/p>\n\n\n\n<p><a href=\"https:\/\/drive.google.com\/file\/d\/1Na5UkDdaIYwtgsNpThkD6JKny-GIE3PD\/view?usp=sharing\">CRITERIOS DE EVALUACI\u00d3N <\/a><\/p>\n\n\n\n<p><a href=\"https:\/\/drive.google.com\/file\/d\/1gBZYaZj5TFhNCzGR31BpQh1ntZgtYZS2\/view?usp=sharing\">CRITERIOS DE EVALUACI\u00d3N EN RELACI\u00d3N CON CADA Sda<\/a><\/p>\n\n\n\n<p class=\"has-text-align-center has-black-color has-vivid-cyan-blue-background-color has-text-color has-background\">TEMA 1<\/p>\n\n\n\n<div class=\"wp-block-image\"><figure class=\"aligncenter size-full is-resized\"><img loading=\"lazy\" src=\"https:\/\/ceiptorrevieja.es\/wp-content\/uploads\/2023\/10\/image-58.png\" alt=\"\" class=\"wp-image-6176\" width=\"491\" height=\"225\" srcset=\"https:\/\/ceiptorrevieja.es\/wp-content\/uploads\/2023\/10\/image-58.png 826w, https:\/\/ceiptorrevieja.es\/wp-content\/uploads\/2023\/10\/image-58-300x137.png 300w, https:\/\/ceiptorrevieja.es\/wp-content\/uploads\/2023\/10\/image-58-768x351.png 768w\" sizes=\"(max-width: 491px) 100vw, 491px\" \/><\/figure><\/div>\n\n\n\n<p>RECURSOS <\/p>\n\n\n\n<p><\/p>\n\n\n\n<p class=\"has-text-align-center has-black-color has-luminous-vivid-orange-background-color has-text-color has-background\">TEMA 2<\/p>\n\n\n\n<div class=\"wp-block-image\"><figure class=\"aligncenter size-full is-resized\"><img loading=\"lazy\" src=\"https:\/\/ceiptorrevieja.es\/wp-content\/uploads\/2023\/10\/image-59.png\" alt=\"\" class=\"wp-image-6178\" width=\"538\" height=\"252\" srcset=\"https:\/\/ceiptorrevieja.es\/wp-content\/uploads\/2023\/10\/image-59.png 831w, https:\/\/ceiptorrevieja.es\/wp-content\/uploads\/2023\/10\/image-59-300x141.png 300w, https:\/\/ceiptorrevieja.es\/wp-content\/uploads\/2023\/10\/image-59-768x360.png 768w\" sizes=\"(max-width: 538px) 100vw, 538px\" \/><\/figure><\/div>\n\n\n\n<p>RECURSOS <\/p>\n\n\n\n<p>CRITERIOS DE EVALUACI\u00d3N<\/p>\n\n\n\n<p class=\"has-text-align-center has-black-color has-light-green-cyan-background-color has-text-color has-background\">TEMA 3<\/p>\n\n\n\n<div class=\"wp-block-image\"><figure class=\"aligncenter size-full is-resized\"><img loading=\"lazy\" src=\"https:\/\/ceiptorrevieja.es\/wp-content\/uploads\/2023\/10\/image-60.png\" alt=\"\" class=\"wp-image-6179\" width=\"504\" height=\"208\" srcset=\"https:\/\/ceiptorrevieja.es\/wp-content\/uploads\/2023\/10\/image-60.png 840w, https:\/\/ceiptorrevieja.es\/wp-content\/uploads\/2023\/10\/image-60-300x124.png 300w, https:\/\/ceiptorrevieja.es\/wp-content\/uploads\/2023\/10\/image-60-768x316.png 768w\" sizes=\"(max-width: 504px) 100vw, 504px\" \/><\/figure><\/div>\n\n\n\n<p>RECURSOS <\/p>\n\n\n\n<p>CRITERIOS DE EVALUACI\u00d3N<\/p>\n\n\n\n<p class=\"has-text-align-center has-black-color has-vivid-red-background-color has-text-color has-background\">TEMA 4<\/p>\n\n\n\n<div class=\"wp-block-image\"><figure class=\"aligncenter size-full is-resized\"><img loading=\"lazy\" src=\"https:\/\/ceiptorrevieja.es\/wp-content\/uploads\/2023\/10\/image-61.png\" alt=\"\" class=\"wp-image-6180\" width=\"608\" height=\"246\" srcset=\"https:\/\/ceiptorrevieja.es\/wp-content\/uploads\/2023\/10\/image-61.png 834w, https:\/\/ceiptorrevieja.es\/wp-content\/uploads\/2023\/10\/image-61-300x121.png 300w, https:\/\/ceiptorrevieja.es\/wp-content\/uploads\/2023\/10\/image-61-768x310.png 768w\" sizes=\"(max-width: 608px) 100vw, 608px\" \/><\/figure><\/div>\n\n\n\n<p>RECURSOS <\/p>\n\n\n\n<p>CRITERIOS DE EVALUACI\u00d3N<\/p>\n","protected":false},"excerpt":{"rendered":"<p>CRITERIOS DE EVALUACI\u00d3N CRITERIOS DE EVALUACI\u00d3N EN RELACI\u00d3N CON CADA Sda TEMA 1 RECURSOS TEMA 2 RECURSOS CRITERIOS DE EVALUACI\u00d3N<\/p>\n","protected":false},"author":2,"featured_media":6150,"parent":0,"menu_order":0,"comment_status":"closed","ping_status":"closed","template":"","meta":[],"_links":{"self":[{"href":"https:\/\/ceiptorrevieja.es\/index.php?rest_route=\/wp\/v2\/pages\/3112"}],"collection":[{"href":"https:\/\/ceiptorrevieja.es\/index.php?rest_route=\/wp\/v2\/pages"}],"about":[{"href":"https:\/\/ceiptorrevieja.es\/index.php?rest_route=\/wp\/v2\/types\/page"}],"author":[{"embeddable":true,"href":"https:\/\/ceiptorrevieja.es\/index.php?rest_route=\/wp\/v2\/users\/2"}],"replies":[{"embeddable":true,"href":"https:\/\/ceiptorrevieja.es\/index.php?rest_route=%2Fwp%2Fv2%2Fcomments&post=3112"}],"version-history":[{"count":13,"href":"https:\/\/ceiptorrevieja.es\/index.php?rest_route=\/wp\/v2\/pages\/3112\/revisions"}],"predecessor-version":[{"id":7153,"href":"https:\/\/ceiptorrevieja.es\/index.php?rest_route=\/wp\/v2\/pages\/3112\/revisions\/7153"}],"wp:featuredmedia":[{"embeddable":true,"href":"https:\/\/ceiptorrevieja.es\/index.php?rest_route=\/wp\/v2\/media\/6150"}],"wp:attachment":[{"href":"https:\/\/ceiptorrevieja.es\/index.php?rest_route=%2Fwp%2Fv2%2Fmedia&parent=3112"}],"curies":[{"name":"wp","href":"https:\/\/api.w.org\/{rel}","templated":true}]}}