{"id":2456,"date":"2021-09-28T14:36:35","date_gmt":"2021-09-28T12:36:35","guid":{"rendered":"http:\/\/ceiptorrevieja.es\/?page_id=2456"},"modified":"2025-11-22T10:13:55","modified_gmt":"2025-11-22T09:13:55","slug":"maestra-angela","status":"publish","type":"page","link":"https:\/\/ceiptorrevieja.es\/?page_id=2456","title":{"rendered":"MATES 3\u00ba"},"content":{"rendered":"\n<p><\/p>\n\n\n\n<p class=\"has-text-align-center has-very-dark-gray-color has-luminous-vivid-orange-background-color has-text-color has-background\">TEMA 1<\/p>\n\n\n\n<figure class=\"wp-block-image size-full is-resized\"><img loading=\"lazy\" src=\"https:\/\/ceiptorrevieja.es\/wp-content\/uploads\/2023\/10\/image-54.png\" alt=\"\" class=\"wp-image-6164\" width=\"935\" height=\"130\" srcset=\"https:\/\/ceiptorrevieja.es\/wp-content\/uploads\/2023\/10\/image-54.png 841w, https:\/\/ceiptorrevieja.es\/wp-content\/uploads\/2023\/10\/image-54-300x42.png 300w, https:\/\/ceiptorrevieja.es\/wp-content\/uploads\/2023\/10\/image-54-768x107.png 768w\" sizes=\"(max-width: 935px) 100vw, 935px\" \/><\/figure>\n\n\n\n<p>RECURSOS<\/p>\n\n\n\n<p><a href=\"https:\/\/docs.google.com\/document\/d\/12XM-vnf-94IhXBmZ9l7alEOa17UedE8P\/edit?usp=sharing&amp;ouid=112180580807933240760&amp;rtpof=true&amp;sd=true\">CRITERIOS DE EVALUACI\u00d3N<\/a><\/p>\n\n\n\n<p class=\"has-text-align-center has-very-dark-gray-color has-vivid-green-cyan-background-color has-text-color has-background\">TEMA 2<\/p>\n\n\n\n<figure class=\"wp-block-image size-full is-resized\"><img loading=\"lazy\" src=\"https:\/\/ceiptorrevieja.es\/wp-content\/uploads\/2023\/10\/image-55.png\" alt=\"\" class=\"wp-image-6166\" width=\"939\" height=\"91\" srcset=\"https:\/\/ceiptorrevieja.es\/wp-content\/uploads\/2023\/10\/image-55.png 869w, https:\/\/ceiptorrevieja.es\/wp-content\/uploads\/2023\/10\/image-55-300x29.png 300w, https:\/\/ceiptorrevieja.es\/wp-content\/uploads\/2023\/10\/image-55-768x74.png 768w\" sizes=\"(max-width: 939px) 100vw, 939px\" \/><\/figure>\n\n\n\n<p>RECURSOS<\/p>\n\n\n\n<p><a href=\"https:\/\/docs.google.com\/document\/d\/1kH9wdggS4iH7TRtoSEk99_fuUmDDpLv7\/edit?usp=sharing&amp;ouid=112180580807933240760&amp;rtpof=true&amp;sd=true\">CRITERIOS DE EVALUACI\u00d3N<\/a><\/p>\n\n\n\n<p class=\"has-text-align-center has-very-dark-gray-color has-vivid-red-background-color has-text-color has-background\">TEMA 3<\/p>\n\n\n\n<figure class=\"wp-block-image size-full is-resized\"><img loading=\"lazy\" src=\"https:\/\/ceiptorrevieja.es\/wp-content\/uploads\/2023\/10\/image-56.png\" alt=\"\" class=\"wp-image-6168\" width=\"990\" height=\"86\" srcset=\"https:\/\/ceiptorrevieja.es\/wp-content\/uploads\/2023\/10\/image-56.png 820w, https:\/\/ceiptorrevieja.es\/wp-content\/uploads\/2023\/10\/image-56-300x26.png 300w, https:\/\/ceiptorrevieja.es\/wp-content\/uploads\/2023\/10\/image-56-768x66.png 768w\" sizes=\"(max-width: 990px) 100vw, 990px\" \/><\/figure>\n\n\n\n<p>RECURSOS<\/p>\n\n\n\n<p><a href=\"https:\/\/docs.google.com\/document\/d\/1CULACa7kIgln5KXplTwCEGIqfI7UG62x\/edit?usp=sharing&amp;ouid=112180580807933240760&amp;rtpof=true&amp;sd=true\">CRITERIOS DE EVALUACI\u00d3N<\/a><\/p>\n\n\n\n<p class=\"has-text-align-center has-very-dark-gray-color has-light-green-cyan-background-color has-text-color has-background\">TEMA 4<\/p>\n\n\n\n<figure class=\"wp-block-image size-full is-resized\"><img loading=\"lazy\" src=\"https:\/\/ceiptorrevieja.es\/wp-content\/uploads\/2023\/10\/image-57.png\" alt=\"\" class=\"wp-image-6170\" width=\"984\" height=\"91\" srcset=\"https:\/\/ceiptorrevieja.es\/wp-content\/uploads\/2023\/10\/image-57.png 826w, https:\/\/ceiptorrevieja.es\/wp-content\/uploads\/2023\/10\/image-57-300x28.png 300w, https:\/\/ceiptorrevieja.es\/wp-content\/uploads\/2023\/10\/image-57-768x71.png 768w\" sizes=\"(max-width: 984px) 100vw, 984px\" \/><\/figure>\n\n\n\n<p>RECURSOS<\/p>\n\n\n\n<p><a href=\"https:\/\/docs.google.com\/document\/d\/1qN2HZpHjYew-nOVf2fWrbXqF32awZ5ws\/edit?usp=sharing&amp;ouid=112180580807933240760&amp;rtpof=true&amp;sd=true\">CRITERIOS DE EVALUACI\u00d3N<\/a><\/p>\n","protected":false},"excerpt":{"rendered":"<p>TEMA 1 RECURSOS CRITERIOS DE EVALUACI\u00d3N TEMA 2 RECURSOS CRITERIOS DE EVALUACI\u00d3N TEMA 3 RECURSOS CRITERIOS DE EVALUACI\u00d3N TEMA 4<\/p>\n","protected":false},"author":2,"featured_media":0,"parent":0,"menu_order":0,"comment_status":"closed","ping_status":"closed","template":"","meta":[],"_links":{"self":[{"href":"https:\/\/ceiptorrevieja.es\/index.php?rest_route=\/wp\/v2\/pages\/2456"}],"collection":[{"href":"https:\/\/ceiptorrevieja.es\/index.php?rest_route=\/wp\/v2\/pages"}],"about":[{"href":"https:\/\/ceiptorrevieja.es\/index.php?rest_route=\/wp\/v2\/types\/page"}],"author":[{"embeddable":true,"href":"https:\/\/ceiptorrevieja.es\/index.php?rest_route=\/wp\/v2\/users\/2"}],"replies":[{"embeddable":true,"href":"https:\/\/ceiptorrevieja.es\/index.php?rest_route=%2Fwp%2Fv2%2Fcomments&post=2456"}],"version-history":[{"count":57,"href":"https:\/\/ceiptorrevieja.es\/index.php?rest_route=\/wp\/v2\/pages\/2456\/revisions"}],"predecessor-version":[{"id":8498,"href":"https:\/\/ceiptorrevieja.es\/index.php?rest_route=\/wp\/v2\/pages\/2456\/revisions\/8498"}],"wp:attachment":[{"href":"https:\/\/ceiptorrevieja.es\/index.php?rest_route=%2Fwp%2Fv2%2Fmedia&parent=2456"}],"curies":[{"name":"wp","href":"https:\/\/api.w.org\/{rel}","templated":true}]}}