{"id":2395,"date":"2021-09-20T13:11:37","date_gmt":"2021-09-20T11:11:37","guid":{"rendered":"http:\/\/ceiptorrevieja.es\/?page_id=2395"},"modified":"2026-04-06T19:37:50","modified_gmt":"2026-04-06T17:37:50","slug":"english-2st","status":"publish","type":"page","link":"https:\/\/ceiptorrevieja.es\/?page_id=2395","title":{"rendered":"English &#8211; 2nd level"},"content":{"rendered":"\n<p class=\"has-text-align-center has-very-light-gray-color has-luminous-vivid-orange-background-color has-text-color has-background\">Maestra IRYNA KUTSKEVICH<\/p>\n\n\n\n<p class=\"has-text-align-center has-black-color has-text-color\">3\u00ba TRIMESTRE<\/p>\n\n\n\n<p class=\"has-black-color has-pale-cyan-blue-background-color has-text-color has-background\"> <a href=\"https:\/\/docs.google.com\/document\/d\/1-59zjWaoIwLMGbGBsileDWWL9ID3AwXl\/edit?usp=sharing&amp;ouid=112180580807933240760&amp;rtpof=true&amp;sd=true\"><strong><strong>PROGRAMACI\u00d3N SEMANAL.      PINCHA AQU\u00cd     <\/strong><img loading=\"lazy\" width=\"150\" height=\"150\" class=\"wp-image-8260\" style=\"width: 49px;\" src=\"https:\/\/ceiptorrevieja.es\/wp-content\/uploads\/2025\/11\/image-18.png\" alt=\"\"><strong>                         <strong>\u00a0Programaci\u00f3n semanal del 6  al 10 de ABRIL 2026<\/strong><\/strong><\/strong>   <\/a><\/p>\n\n\n\n<p class=\"has-text-align-center has-black-color has-light-green-cyan-background-color has-text-color has-background\">2\u00ba TRIMESTRE<\/p>\n\n\n\n<p class=\"has-black-color has-luminous-vivid-amber-background-color has-text-color has-background\">  <a href=\"https:\/\/docs.google.com\/document\/d\/1WnRrhBYcj_xj9SFYH25QOzT9sRwe_UU2\/edit?usp=sharing&amp;ouid=112180580807933240760&amp;rtpof=true&amp;sd=true\"><strong><strong>PROGRAMACI\u00d3N SEMANAL.      PINCHA AQU\u00cd     <\/strong><img loading=\"lazy\" width=\"150\" height=\"150\" class=\"wp-image-8260\" style=\"width: 49px;\" src=\"https:\/\/ceiptorrevieja.es\/wp-content\/uploads\/2025\/11\/image-18.png\" alt=\"\"><strong>                         <strong>&nbsp;Programaci\u00f3n semanal del 16  al 20 de Marzo 2026<\/strong><\/strong><\/strong>  <\/a>  <\/p>\n\n\n\n<p class=\"has-black-color has-luminous-vivid-amber-background-color has-text-color has-background\"><a href=\"https:\/\/docs.google.com\/document\/d\/1Y0OtO1tTfVKs4OeU0R0caa2tv6foMax0\/edit?usp=sharing&amp;ouid=112180580807933240760&amp;rtpof=true&amp;sd=true\"><strong><strong>PROGRAMACI\u00d3N SEMANAL.      PINCHA AQU\u00cd     <\/strong><img loading=\"lazy\" width=\"150\" height=\"150\" class=\"wp-image-8260\" style=\"width: 49px;\" src=\"https:\/\/ceiptorrevieja.es\/wp-content\/uploads\/2025\/11\/image-18.png\" alt=\"\"><strong>                         <strong>&nbsp;Programaci\u00f3n semanal del 3  al 6 de Marzo 2026<\/strong><\/strong><\/strong>  <\/a><\/p>\n\n\n\n<p class=\"has-black-color has-vivid-cyan-blue-background-color has-text-color has-background\"> <a href=\"https:\/\/docs.google.com\/document\/d\/1p6IZc-_diXRWVijtNH7Arj8HuDxJwk1Y\/edit?usp=sharing&amp;ouid=112180580807933240760&amp;rtpof=true&amp;sd=true\"><strong><strong>PROGRAMACI\u00d3N SEMANAL.      PINCHA<\/strong><\/strong><\/a><a href=\"https:\/\/docs.google.com\/document\/d\/141h9HnUvx7-YBbZWVTNPNhcTQCK9t4O1\/edit?usp=sharing&amp;ouid=112180580807933240760&amp;rtpof=true&amp;sd=true\"><strong><strong> AQU\u00cd     <\/strong><img loading=\"lazy\" width=\"150\" height=\"150\" class=\"wp-image-8260\" style=\"width: 49px;\" src=\"https:\/\/ceiptorrevieja.es\/wp-content\/uploads\/2025\/11\/image-18.png\" alt=\"\"><strong>                         <strong>&nbsp;Programaci\u00f3n semanal del 23  al 26 de Febrero 2026<\/strong><\/strong><\/strong> <\/a> <\/p>\n\n\n\n<p class=\"has-black-color has-vivid-cyan-blue-background-color has-text-color has-background\"> <a href=\"https:\/\/docs.google.com\/document\/d\/1p6IZc-_diXRWVijtNH7Arj8HuDxJwk1Y\/edit?usp=sharing&amp;ouid=112180580807933240760&amp;rtpof=true&amp;sd=true\"><strong><strong>PROGRAMACI\u00d3N SEMANAL.      PINCHA AQU\u00cd     <\/strong><img loading=\"lazy\" width=\"150\" height=\"150\" class=\"wp-image-8260\" style=\"width: 49px;\" src=\"https:\/\/ceiptorrevieja.es\/wp-content\/uploads\/2025\/11\/image-18.png\" alt=\"\"><strong>                         <strong>&nbsp;Programaci\u00f3n semanal del 16  al 20 de Febrero 2026<\/strong><\/strong><\/strong>   <\/a> <\/p>\n\n\n\n<p class=\"has-black-color has-vivid-cyan-blue-background-color has-text-color has-background\"> <a href=\"https:\/\/docs.google.com\/document\/d\/1QI2EnwMqByBj-VU7AW45-OUdj-OYnz6H\/edit?usp=sharing&amp;ouid=112180580807933240760&amp;rtpof=true&amp;sd=true\"><strong><strong>PROGRAMACI\u00d3N SEMANAL.      PINCHA AQU\u00cd     <\/strong><img loading=\"lazy\" width=\"150\" height=\"150\" class=\"wp-image-8260\" style=\"width: 49px;\" src=\"https:\/\/ceiptorrevieja.es\/wp-content\/uploads\/2025\/11\/image-18.png\" alt=\"\"><strong>                         <strong>&nbsp;Programaci\u00f3n semanal del 9  al 13 de Febrero 2026<\/strong><\/strong><\/strong>  <\/a> <\/p>\n\n\n\n<p class=\"has-black-color has-vivid-cyan-blue-background-color has-text-color has-background\"> <a href=\"https:\/\/docs.google.com\/document\/d\/1JMTOAp5fdnT7a75h_ydVQCFOi2myxB2R\/edit?usp=sharing&amp;ouid=112180580807933240760&amp;rtpof=true&amp;sd=true\"><strong><strong>PROGRAMACI\u00d3N SEMANAL.      PINCHA AQU\u00cd     <\/strong><img loading=\"lazy\" width=\"150\" height=\"150\" class=\"wp-image-8260\" style=\"width: 49px;\" src=\"https:\/\/ceiptorrevieja.es\/wp-content\/uploads\/2025\/11\/image-18.png\" alt=\"\"><strong>                         <strong>&nbsp;Programaci\u00f3n semanal del 2  al 6 de Febrero 2026<\/strong><\/strong><\/strong>  <\/a> <\/p>\n\n\n\n<p class=\"has-black-color has-pale-cyan-blue-background-color has-text-color has-background\"><a href=\"https:\/\/docs.google.com\/document\/d\/1W3wx1Sg5F0VBiWvGAVkz_OL83mproV5P\/edit?usp=sharing&amp;ouid=112180580807933240760&amp;rtpof=true&amp;sd=true\"><strong>PROGRAMACI\u00d3N SEMANAL. PINCHA AQU\u00cd&nbsp;&nbsp;&nbsp;Programaci\u00f3n semanal del 26 al 30 de enero 2026<\/strong><\/a><\/p>\n\n\n\n<p class=\"has-text-align-center has-black-color has-pale-cyan-blue-background-color has-text-color has-background\"><strong><a href=\"https:\/\/docs.google.com\/document\/d\/1zyLb1d0n4M9mJSFVwDCVTo_IWOvVcoc3\/edit?usp=sharing&amp;ouid=112180580807933240760&amp;rtpof=true&amp;sd=true\"> <strong>PROGRAMACI\u00d3N SEMANAL.      PINCHA AQU\u00cd     <\/strong><img loading=\"lazy\" width=\"150\" height=\"150\" class=\"wp-image-8260\" style=\"width: 49px;\" src=\"https:\/\/ceiptorrevieja.es\/wp-content\/uploads\/2025\/11\/image-18.png\" alt=\"\"><strong>                         <strong>&nbsp;Programaci\u00f3n semanal del 19 al 23 de enero 2026<\/strong><\/strong><\/a><\/strong><\/p>\n\n\n\n<p class=\"has-text-align-center has-black-color has-pale-cyan-blue-background-color has-text-color has-background\"><strong><a href=\"https:\/\/docs.google.com\/document\/d\/1f1Y8_P5FGJk041AdNdJayMvCrdgh3onw\/edit?usp=sharing&amp;ouid=112180580807933240760&amp;rtpof=true&amp;sd=true\"> <strong>PROGRAMACI\u00d3N SEMANAL.      PINCHA AQU\u00cd     <\/strong><img loading=\"lazy\" width=\"150\" height=\"150\" class=\"wp-image-8260\" style=\"width: 49px;\" src=\"https:\/\/ceiptorrevieja.es\/wp-content\/uploads\/2025\/11\/image-18.png\" alt=\"\"><strong>                         <strong>&nbsp;Programaci\u00f3n semanal del 12 al 16 de enero 2026<\/strong><\/strong><\/a><\/strong><\/p>\n\n\n\n<p><\/p>\n\n\n\n<p><\/p>\n\n\n\n<p class=\"has-text-align-center has-black-color has-vivid-cyan-blue-background-color has-text-color has-background\">1\u00ba Trimestre<\/p>\n\n\n\n<p>PINCHA EN CADA DIBUJO Y APRENDE<\/p>\n\n\n\n<figure class=\"wp-block-image is-resized\" id=\"block-7ec8c85c-19fa-4795-8371-ff700081b8de\"><img loading=\"lazy\" src=\"https:\/\/ceiptorrevieja.es\/wp-content\/uploads\/2025\/12\/Captura-de-pantalla-de-2025-12-08-17-23-18-1024x523.png\" alt=\"La imagen tiene un atributo ALT vac\u00edo; su nombre de archivo es Captura-de-pantalla-de-2025-12-08-17-23-18-1024x523.png\" width=\"161\" height=\"82\"\/><figcaption>F<\/figcaption><\/figure>\n\n\n\n<figure class=\"wp-block-image is-resized\" id=\"block-49b59f23-d5c3-461b-b6c7-a8b5a8933d50\"><img loading=\"lazy\" src=\"https:\/\/ceiptorrevieja.es\/wp-content\/uploads\/2025\/12\/Captura-de-pantalla-de-2025-12-08-17-25-25-1024x525.png\" alt=\"La imagen tiene un atributo ALT vac\u00edo; su nombre de archivo es Captura-de-pantalla-de-2025-12-08-17-25-25-1024x525.png\" width=\"161\" height=\"83\"\/><\/figure>\n\n\n\n<figure class=\"wp-block-image is-resized\" id=\"block-e23ecfde-ea35-4a31-bab8-c05c640681d9\"><img loading=\"lazy\" src=\"https:\/\/ceiptorrevieja.es\/wp-content\/uploads\/2025\/12\/Captura-de-pantalla-de-2025-12-08-17-27-08-1024x566.png\" alt=\"La imagen tiene un atributo ALT vac\u00edo; su nombre de archivo es Captura-de-pantalla-de-2025-12-08-17-27-08-1024x566.png\" width=\"161\" height=\"89\"\/><\/figure>\n\n\n\n<figure class=\"wp-block-image is-resized\" id=\"block-295724b6-d63a-4b6b-913c-6e76f9036cc9\"><img loading=\"lazy\" src=\"https:\/\/ceiptorrevieja.es\/wp-content\/uploads\/2025\/12\/Captura-de-pantalla-de-2025-12-08-17-30-04-1024x709.png\" alt=\"La imagen tiene un atributo ALT vac\u00edo; su nombre de archivo es Captura-de-pantalla-de-2025-12-08-17-30-04-1024x709.png\" width=\"160\" height=\"111\"\/><\/figure>\n\n\n\n<p class=\"has-text-align-center has-black-color has-vivid-cyan-blue-background-color has-text-color has-background\"><strong><a href=\"https:\/\/drive.google.com\/file\/d\/17pzkqomaC4Y9AQF_UUW2QUUW5_wwUvFj\/view?usp=sharing\"><strong>PROGRAMACI\u00d3N SEMANAL.      PINCHA AQU\u00cd     <\/strong><img loading=\"lazy\" width=\"150\" height=\"150\" class=\"wp-image-8260\" style=\"width: 49px;\" src=\"https:\/\/ceiptorrevieja.es\/wp-content\/uploads\/2025\/11\/image-18.png\" alt=\"\"><strong>                          SEMANA DEL 9 AL 19 DE DICIEMBRE<\/strong> <\/a><\/strong><\/p>\n\n\n\n<p class=\"has-text-align-center has-black-color has-vivid-cyan-blue-background-color has-text-color has-background\">  <a href=\"https:\/\/docs.google.com\/document\/d\/1Gd-uUHuTEzhNRIWP7j8oM_S8EUqR0bG3\/edit?usp=sharing&amp;ouid=112180580807933240760&amp;rtpof=true&amp;sd=true\"><strong>PROGRAMACI\u00d3N SEMANAL.      PINCHA AQU\u00cd     <\/strong><img loading=\"lazy\" width=\"150\" height=\"150\" class=\"wp-image-8260\" style=\"width: 49px;\" src=\"https:\/\/ceiptorrevieja.es\/wp-content\/uploads\/2025\/11\/image-18.png\" alt=\"\"><strong>                          SEMANA DEL 1 AL 5 DE DICIEMBRE<\/strong>  <\/a><\/p>\n\n\n\n<p class=\"has-text-align-center has-black-color has-light-green-cyan-background-color has-text-color has-background\"><a href=\"https:\/\/drive.google.com\/file\/d\/1sd6AdZA3JIPikRR5RFiUDbcvhtOeJzFw\/view?usp=sharing\"><strong>PROGRAMACI\u00d3N SEMANAL.      PINCHA AQU\u00cd     <\/strong><img loading=\"lazy\" width=\"150\" height=\"150\" class=\"wp-image-8260\" style=\"width: 49px;\" src=\"https:\/\/ceiptorrevieja.es\/wp-content\/uploads\/2025\/11\/image-18.png\" alt=\"\"><strong>                          SEMANA DEL 24  AL 28 DE NOVIEMBRE<\/strong><\/a><\/p>\n\n\n\n<p class=\"has-text-align-center has-black-color has-light-green-cyan-background-color has-text-color has-background has-small-font-size\"><a href=\"https:\/\/drive.google.com\/file\/d\/1TSSTod6EA6NMdLspdBd62ynRYuaelAke\/view?usp=sharing\"><strong>PROGRAMACI\u00d3N SEMANAL.      PINCHA AQU\u00cd     <\/strong><img loading=\"lazy\" width=\"150\" height=\"150\" class=\"wp-image-8260\" style=\"width: 49px;\" src=\"https:\/\/ceiptorrevieja.es\/wp-content\/uploads\/2025\/11\/image-18.png\" alt=\"\"><strong>                          SEMANA DEL 17 AL 21 DE NOVIEMBRE<\/strong><\/a><\/p>\n\n\n\n<p class=\"has-text-align-center has-black-color has-light-green-cyan-background-color has-text-color has-background has-small-font-size\"><a href=\"https:\/\/docs.google.com\/document\/d\/1-PB4XaqnLwlz4ASOeyV4jJHHXOpwh3_i\/edit?usp=sharing&amp;ouid=112180580807933240760&amp;rtpof=true&amp;sd=true\"><strong>PROGRAMACI\u00d3N SEMANAL.      PINCHA AQU\u00cd     <\/strong><img loading=\"lazy\" width=\"150\" height=\"150\" class=\"wp-image-8260\" style=\"width: 49px;\" src=\"https:\/\/ceiptorrevieja.es\/wp-content\/uploads\/2025\/11\/image-18.png\" alt=\"\"><strong>                          SEMANA DEL 10 AL 14 DE NOVIEMBRE<\/strong><\/a><\/p>\n\n\n\n<p><\/p>\n\n\n\n<p><a href=\"https:\/\/view.genially.com\/68bd49b6ef579141ba7dde33\/interactive-content-english-games2learn\">pincha en cada enlace INGL\u00c9S<\/a><\/p>\n\n\n\n<figure class=\"wp-block-image\"><a href=\"https:\/\/view.genially.com\/68bd49b6ef579141ba7dde33\/interactive-content-english-games2learn\"><img loading=\"lazy\" width=\"1024\" height=\"563\" src=\"https:\/\/ceiptorrevieja.es\/wp-content\/uploads\/2025\/09\/image-4-1024x563.png\" alt=\"\" class=\"wp-image-7952\" srcset=\"https:\/\/ceiptorrevieja.es\/wp-content\/uploads\/2025\/09\/image-4-1024x563.png 1024w, https:\/\/ceiptorrevieja.es\/wp-content\/uploads\/2025\/09\/image-4-300x165.png 300w, https:\/\/ceiptorrevieja.es\/wp-content\/uploads\/2025\/09\/image-4-768x422.png 768w, https:\/\/ceiptorrevieja.es\/wp-content\/uploads\/2025\/09\/image-4.png 1162w\" sizes=\"(max-width: 1024px) 100vw, 1024px\" \/><\/a><\/figure>\n\n\n\n<p><a href=\"https:\/\/view.genially.com\/68bd49b6ef579141ba7dde33#?secret=YkTOnapjP8\">https:\/\/view.genially.com\/68bd49b6ef579141ba7dde33#?secret=YkTOnapjP8<\/a><\/p>\n\n\n\n<p><\/p>\n\n\n\n<p>Estos libros son parte de nuestra biblioteca virtual de ingl\u00e9s. Hay una gran variedad de libros digitales muy buenos y educativos (potencian la educaci\u00f3n emocional, la educaci\u00f3n medioambiental, la igualdad de g\u00e9nero, el crecimiento en salud, el razonamiento l\u00f3gico y matem\u00e1tico, por supuesto, estimulan la adquisici\u00f3n de h\u00e1bitos lectores en ingl\u00e9s) Los libros son aptos para todos los ciclos de Primaria.<\/p>\n\n\n\n<p><a href=\"https:\/\/drive.google.com\/file\/d\/1PqG61eMa-5lHS4KIqRvjdD6Dxxdr_2Ol\/view?fbclid=IwY2xjawF0wT9leHRuA2FlbQIxMQABHd0_NaVqk5vmnvsSzopa_zK7YovX-CWKrd2Op4BQvIysGVt67faNag4qVw_aem_wD3DtM-betqNKp3E2JCoNA&amp;sfnsn=scwspwa\">Pincha Aqu\u00ed<\/a><\/p>\n\n\n\n<div class=\"wp-block-image\"><figure class=\"aligncenter\"><a href=\"https:\/\/drive.google.com\/file\/d\/1PqG61eMa-5lHS4KIqRvjdD6Dxxdr_2Ol\/view?fbclid=IwY2xjawF0wT9leHRuA2FlbQIxMQABHd0_NaVqk5vmnvsSzopa_zK7YovX-CWKrd2Op4BQvIysGVt67faNag4qVw_aem_wD3DtM-betqNKp3E2JCoNA&amp;sfnsn=scwspwa\"><img loading=\"lazy\" width=\"765\" height=\"620\" src=\"https:\/\/ceiptorrevieja.es\/wp-content\/uploads\/2025\/09\/image-5.png\" alt=\"\" class=\"wp-image-7961\" srcset=\"https:\/\/ceiptorrevieja.es\/wp-content\/uploads\/2025\/09\/image-5.png 765w, https:\/\/ceiptorrevieja.es\/wp-content\/uploads\/2025\/09\/image-5-300x243.png 300w\" sizes=\"(max-width: 765px) 100vw, 765px\" \/><\/a><\/figure><\/div>\n\n\n\n<p class=\"has-text-align-center has-black-color has-vivid-green-cyan-background-color has-text-color has-background\"><a href=\"https:\/\/view.genially.com\/616c483a1cefe30d487c6e85\/interactive-content-halloween-escape-game\"><strong>Genially de Halloween<\/strong>&nbsp;Pincha Aqu\u00ed<\/a><\/p>\n\n\n\n<div class=\"wp-block-image\"><figure class=\"aligncenter is-resized\"><a href=\"https:\/\/view.genially.com\/616c483a1cefe30d487c6e85\/interactive-content-halloween-escape-game\"><img loading=\"lazy\" src=\"https:\/\/ceiptorrevieja.es\/wp-content\/uploads\/2025\/10\/image-27-1024x587.png\" alt=\"\" class=\"wp-image-8113\" width=\"632\" height=\"362\" srcset=\"https:\/\/ceiptorrevieja.es\/wp-content\/uploads\/2025\/10\/image-27-1024x587.png 1024w, https:\/\/ceiptorrevieja.es\/wp-content\/uploads\/2025\/10\/image-27-300x172.png 300w, https:\/\/ceiptorrevieja.es\/wp-content\/uploads\/2025\/10\/image-27-768x440.png 768w, https:\/\/ceiptorrevieja.es\/wp-content\/uploads\/2025\/10\/image-27.png 1167w\" sizes=\"(max-width: 632px) 100vw, 632px\" \/><\/a><\/figure><\/div>\n","protected":false},"excerpt":{"rendered":"<p>Maestra IRYNA KUTSKEVICH 3\u00ba TRIMESTRE PROGRAMACI\u00d3N SEMANAL. PINCHA AQU\u00cd \u00a0Programaci\u00f3n semanal del 6 al 10 de ABRIL 2026 2\u00ba TRIMESTRE<\/p>\n","protected":false},"author":11,"featured_media":0,"parent":0,"menu_order":0,"comment_status":"closed","ping_status":"closed","template":"","meta":[],"_links":{"self":[{"href":"https:\/\/ceiptorrevieja.es\/index.php?rest_route=\/wp\/v2\/pages\/2395"}],"collection":[{"href":"https:\/\/ceiptorrevieja.es\/index.php?rest_route=\/wp\/v2\/pages"}],"about":[{"href":"https:\/\/ceiptorrevieja.es\/index.php?rest_route=\/wp\/v2\/types\/page"}],"author":[{"embeddable":true,"href":"https:\/\/ceiptorrevieja.es\/index.php?rest_route=\/wp\/v2\/users\/11"}],"replies":[{"embeddable":true,"href":"https:\/\/ceiptorrevieja.es\/index.php?rest_route=%2Fwp%2Fv2%2Fcomments&post=2395"}],"version-history":[{"count":79,"href":"https:\/\/ceiptorrevieja.es\/index.php?rest_route=\/wp\/v2\/pages\/2395\/revisions"}],"predecessor-version":[{"id":9075,"href":"https:\/\/ceiptorrevieja.es\/index.php?rest_route=\/wp\/v2\/pages\/2395\/revisions\/9075"}],"wp:attachment":[{"href":"https:\/\/ceiptorrevieja.es\/index.php?rest_route=%2Fwp%2Fv2%2Fmedia&parent=2395"}],"curies":[{"name":"wp","href":"https:\/\/api.w.org\/{rel}","templated":true}]}}