{"id":2385,"date":"2021-09-20T09:17:03","date_gmt":"2021-09-20T07:17:03","guid":{"rendered":"http:\/\/ceiptorrevieja.es\/?page_id=2385"},"modified":"2026-04-06T19:36:46","modified_gmt":"2026-04-06T17:36:46","slug":"1-curso","status":"publish","type":"page","link":"https:\/\/ceiptorrevieja.es\/?page_id=2385","title":{"rendered":"English &#8211; 1st level"},"content":{"rendered":"\n<p class=\"has-text-align-center has-very-light-gray-color has-vivid-red-background-color has-text-color has-background\">Maestra IRYNA KUTSKEVICH<\/p>\n\n\n\n<p class=\"has-black-color has-light-green-cyan-background-color has-text-color has-background\"> <a href=\"https:\/\/docs.google.com\/document\/d\/1-59zjWaoIwLMGbGBsileDWWL9ID3AwXl\/edit?usp=sharing&amp;ouid=112180580807933240760&amp;rtpof=true&amp;sd=true\"><strong><strong>PROGRAMACI\u00d3N SEMANAL.      PINCHA AQU\u00cd     <\/strong><img loading=\"lazy\" width=\"150\" height=\"150\" class=\"wp-image-8260\" style=\"width: 49px;\" src=\"https:\/\/ceiptorrevieja.es\/wp-content\/uploads\/2025\/11\/image-18.png\" alt=\"\"><strong>                         <strong>\u00a0Programaci\u00f3n semanal del 6  al 10 de ABRIL 2026<\/strong><\/strong><\/strong>   <\/a><\/p>\n\n\n\n<p class=\"has-black-color has-luminous-vivid-amber-background-color has-text-color has-background\"> <a href=\"https:\/\/docs.google.com\/document\/d\/1WnRrhBYcj_xj9SFYH25QOzT9sRwe_UU2\/edit?usp=sharing&amp;ouid=112180580807933240760&amp;rtpof=true&amp;sd=true\"><strong><strong>PROGRAMACI\u00d3N SEMANAL.      PINCHA AQU\u00cd     <\/strong><img loading=\"lazy\" width=\"150\" height=\"150\" class=\"wp-image-8260\" style=\"width: 49px;\" src=\"https:\/\/ceiptorrevieja.es\/wp-content\/uploads\/2025\/11\/image-18.png\" alt=\"\"><strong>                         <strong>&nbsp;Programaci\u00f3n semanal del 16  al 20 de Marzo 2026<\/strong><\/strong><\/strong>  <\/a> <\/p>\n\n\n\n<p class=\"has-black-color has-luminous-vivid-amber-background-color has-text-color has-background\"><a href=\"https:\/\/docs.google.com\/document\/d\/1Y0OtO1tTfVKs4OeU0R0caa2tv6foMax0\/edit?usp=sharing&amp;ouid=112180580807933240760&amp;rtpof=true&amp;sd=true\"><strong><strong>PROGRAMACI\u00d3N SEMANAL.      PINCHA AQU\u00cd     <\/strong><img loading=\"lazy\" width=\"150\" height=\"150\" class=\"wp-image-8260\" style=\"width: 49px;\" src=\"https:\/\/ceiptorrevieja.es\/wp-content\/uploads\/2025\/11\/image-18.png\" alt=\"\"><strong>                         <strong>&nbsp;Programaci\u00f3n semanal del 3  al 6 de Marzo 2026<\/strong><\/strong><\/strong>  <\/a><\/p>\n\n\n\n<p><\/p>\n\n\n\n<p class=\"has-black-color has-vivid-cyan-blue-background-color has-text-color has-background\"> <a href=\"https:\/\/docs.google.com\/document\/d\/1p6IZc-_diXRWVijtNH7Arj8HuDxJwk1Y\/edit?usp=sharing&amp;ouid=112180580807933240760&amp;rtpof=true&amp;sd=true\"><strong><strong>PROGRAMACI\u00d3N SEMANAL.      PINCHA<\/strong><\/strong><\/a><a href=\"https:\/\/docs.google.com\/document\/d\/141h9HnUvx7-YBbZWVTNPNhcTQCK9t4O1\/edit?usp=sharing&amp;ouid=112180580807933240760&amp;rtpof=true&amp;sd=true\"><strong><strong> AQU\u00cd     <\/strong><img loading=\"lazy\" width=\"150\" height=\"150\" class=\"wp-image-8260\" style=\"width: 49px;\" src=\"https:\/\/ceiptorrevieja.es\/wp-content\/uploads\/2025\/11\/image-18.png\" alt=\"\"><strong>                         <strong>&nbsp;Programaci\u00f3n semanal del 23  al 26 de Febrero 2026<\/strong><\/strong><\/strong>  <\/a><\/p>\n\n\n\n<p class=\"has-black-color has-vivid-cyan-blue-background-color has-text-color has-background\"> <a href=\"https:\/\/docs.google.com\/document\/d\/1p6IZc-_diXRWVijtNH7Arj8HuDxJwk1Y\/edit?usp=sharing&amp;ouid=112180580807933240760&amp;rtpof=true&amp;sd=true\"><strong><strong>PROGRAMACI\u00d3N SEMANAL.      PINCHA AQU\u00cd     <\/strong><img loading=\"lazy\" width=\"150\" height=\"150\" class=\"wp-image-8260\" style=\"width: 49px;\" src=\"https:\/\/ceiptorrevieja.es\/wp-content\/uploads\/2025\/11\/image-18.png\" alt=\"\"><strong>                         <strong>&nbsp;Programaci\u00f3n semanal del 16  al 20 de Febrero 2026<\/strong><\/strong><\/strong>   <\/a><\/p>\n\n\n\n<p class=\"has-black-color has-vivid-cyan-blue-background-color has-text-color has-background\"> <a href=\"https:\/\/docs.google.com\/document\/d\/1QI2EnwMqByBj-VU7AW45-OUdj-OYnz6H\/edit?usp=sharing&amp;ouid=112180580807933240760&amp;rtpof=true&amp;sd=true\"><strong><strong>PROGRAMACI\u00d3N SEMANAL.      PINCHA AQU\u00cd     <\/strong><img loading=\"lazy\" width=\"150\" height=\"150\" class=\"wp-image-8260\" style=\"width: 49px;\" src=\"https:\/\/ceiptorrevieja.es\/wp-content\/uploads\/2025\/11\/image-18.png\" alt=\"\"><strong>                         <strong>&nbsp;Programaci\u00f3n semanal del 9  al 13 de Febrero 2026<\/strong><\/strong><\/strong>  <\/a><\/p>\n\n\n\n<p class=\"has-black-color has-vivid-cyan-blue-background-color has-text-color has-background\"> <a href=\"https:\/\/docs.google.com\/document\/d\/1JMTOAp5fdnT7a75h_ydVQCFOi2myxB2R\/edit?usp=sharing&amp;ouid=112180580807933240760&amp;rtpof=true&amp;sd=true\"><strong><strong>PROGRAMACI\u00d3N SEMANAL.      PINCHA AQU\u00cd     <\/strong><img loading=\"lazy\" width=\"150\" height=\"150\" class=\"wp-image-8260\" style=\"width: 49px;\" src=\"https:\/\/ceiptorrevieja.es\/wp-content\/uploads\/2025\/11\/image-18.png\" alt=\"\"><strong>                         <strong>&nbsp;Programaci\u00f3n semanal del 2  al 6 de Febrero 2026<\/strong><\/strong><\/strong>  <\/a><\/p>\n\n\n\n<p><\/p>\n\n\n\n<p class=\"has-black-color has-light-green-cyan-background-color has-text-color has-background\"> <strong><a href=\"https:\/\/docs.google.com\/document\/d\/1zyLb1d0n4M9mJSFVwDCVTo_IWOvVcoc3\/edit?usp=sharing&amp;ouid=112180580807933240760&amp;rtpof=true&amp;sd=true\"> <\/a><\/strong><a href=\"https:\/\/docs.google.com\/document\/d\/1W3wx1Sg5F0VBiWvGAVkz_OL83mproV5P\/edit?usp=sharing&amp;ouid=112180580807933240760&amp;rtpof=true&amp;sd=true\"><strong><strong>PROGRAMACI\u00d3N SEMANAL.      PINCHA AQU\u00cd     <\/strong><img loading=\"lazy\" width=\"150\" height=\"150\" class=\"wp-image-8260\" style=\"width: 49px;\" src=\"https:\/\/ceiptorrevieja.es\/wp-content\/uploads\/2025\/11\/image-18.png\" alt=\"\"><strong>                         <strong>&nbsp;Programaci\u00f3n semanal del 26 al 30 de enero 2026<\/strong><\/strong><\/strong> <\/a><\/p>\n\n\n\n<p class=\"has-black-color has-light-green-cyan-background-color has-text-color has-background\"><strong><a href=\"https:\/\/docs.google.com\/document\/d\/1zyLb1d0n4M9mJSFVwDCVTo_IWOvVcoc3\/edit?usp=sharing&amp;ouid=112180580807933240760&amp;rtpof=true&amp;sd=true\"> <strong>PROGRAMACI\u00d3N SEMANAL.      PINCHA AQU\u00cd     <\/strong><img loading=\"lazy\" width=\"150\" height=\"150\" class=\"wp-image-8260\" style=\"width: 49px;\" src=\"https:\/\/ceiptorrevieja.es\/wp-content\/uploads\/2025\/11\/image-18.png\" alt=\"\"><strong>                         <strong>&nbsp;Programaci\u00f3n semanal del 19 al 23 de enero 2026<\/strong><\/strong><\/a><\/strong><\/p>\n\n\n\n<p class=\"has-text-align-center has-black-color has-light-green-cyan-background-color has-text-color has-background\"><strong><a href=\"https:\/\/docs.google.com\/document\/d\/1f1Y8_P5FGJk041AdNdJayMvCrdgh3onw\/edit?usp=sharing&amp;ouid=112180580807933240760&amp;rtpof=true&amp;sd=true\"> <strong>PROGRAMACI\u00d3N SEMANAL.      PINCHA AQU\u00cd     <\/strong><img loading=\"lazy\" width=\"150\" height=\"150\" class=\"wp-image-8260\" style=\"width: 49px;\" src=\"https:\/\/ceiptorrevieja.es\/wp-content\/uploads\/2025\/11\/image-18.png\" alt=\"\"><strong>                         <strong>&nbsp;Programaci\u00f3n semanal del 12 al 16 de enero 2026<\/strong><\/strong><\/a><\/strong><\/p>\n\n\n\n<p><\/p>\n\n\n\n<p>PINCHA EN CADA DIBUJO Y APRENDE<\/p>\n\n\n\n<figure class=\"wp-block-image is-resized\"><a href=\"https:\/\/view.genially.com\/68d648960fd090c11905f43b\"><img loading=\"lazy\" src=\"https:\/\/ceiptorrevieja.es\/wp-content\/uploads\/2025\/12\/Captura-de-pantalla-de-2025-12-08-17-23-18-1024x523.png\" alt=\"\" class=\"wp-image-8576\" width=\"187\" height=\"96\" srcset=\"https:\/\/ceiptorrevieja.es\/wp-content\/uploads\/2025\/12\/Captura-de-pantalla-de-2025-12-08-17-23-18-1024x523.png 1024w, https:\/\/ceiptorrevieja.es\/wp-content\/uploads\/2025\/12\/Captura-de-pantalla-de-2025-12-08-17-23-18-300x153.png 300w, https:\/\/ceiptorrevieja.es\/wp-content\/uploads\/2025\/12\/Captura-de-pantalla-de-2025-12-08-17-23-18-768x393.png 768w, https:\/\/ceiptorrevieja.es\/wp-content\/uploads\/2025\/12\/Captura-de-pantalla-de-2025-12-08-17-23-18.png 1530w\" sizes=\"(max-width: 187px) 100vw, 187px\" \/><\/a><figcaption>F<\/figcaption><\/figure>\n\n\n\n<figure class=\"wp-block-image is-resized\"><a href=\"https:\/\/view.genially.com\/6107cca54b16990ddddcc875\"><img loading=\"lazy\" src=\"https:\/\/ceiptorrevieja.es\/wp-content\/uploads\/2025\/12\/Captura-de-pantalla-de-2025-12-08-17-25-25-1024x525.png\" alt=\"\" class=\"wp-image-8577\" width=\"178\" height=\"91\" srcset=\"https:\/\/ceiptorrevieja.es\/wp-content\/uploads\/2025\/12\/Captura-de-pantalla-de-2025-12-08-17-25-25-1024x525.png 1024w, https:\/\/ceiptorrevieja.es\/wp-content\/uploads\/2025\/12\/Captura-de-pantalla-de-2025-12-08-17-25-25-300x154.png 300w, https:\/\/ceiptorrevieja.es\/wp-content\/uploads\/2025\/12\/Captura-de-pantalla-de-2025-12-08-17-25-25-768x393.png 768w, https:\/\/ceiptorrevieja.es\/wp-content\/uploads\/2025\/12\/Captura-de-pantalla-de-2025-12-08-17-25-25.png 1511w\" sizes=\"(max-width: 178px) 100vw, 178px\" \/><\/a><\/figure>\n\n\n\n<figure class=\"wp-block-image is-resized\"><a href=\"https:\/\/view.genially.com\/5ffeec233127360d0e31a245\/interactive-content-winter-games\"><img loading=\"lazy\" src=\"https:\/\/ceiptorrevieja.es\/wp-content\/uploads\/2025\/12\/Captura-de-pantalla-de-2025-12-08-17-27-08-1024x566.png\" alt=\"\" class=\"wp-image-8579\" width=\"180\" height=\"100\" srcset=\"https:\/\/ceiptorrevieja.es\/wp-content\/uploads\/2025\/12\/Captura-de-pantalla-de-2025-12-08-17-27-08-1024x566.png 1024w, https:\/\/ceiptorrevieja.es\/wp-content\/uploads\/2025\/12\/Captura-de-pantalla-de-2025-12-08-17-27-08-300x166.png 300w, https:\/\/ceiptorrevieja.es\/wp-content\/uploads\/2025\/12\/Captura-de-pantalla-de-2025-12-08-17-27-08-768x424.png 768w, https:\/\/ceiptorrevieja.es\/wp-content\/uploads\/2025\/12\/Captura-de-pantalla-de-2025-12-08-17-27-08-800x445.png 800w, https:\/\/ceiptorrevieja.es\/wp-content\/uploads\/2025\/12\/Captura-de-pantalla-de-2025-12-08-17-27-08.png 1287w\" sizes=\"(max-width: 180px) 100vw, 180px\" \/><\/a><\/figure>\n\n\n\n<figure class=\"wp-block-image is-resized\"><a href=\"https:\/\/view.genially.com\/5ea5b55a59aa2b0da8e03789\/interactive-image-winter-clothes\"><img loading=\"lazy\" src=\"https:\/\/ceiptorrevieja.es\/wp-content\/uploads\/2025\/12\/Captura-de-pantalla-de-2025-12-08-17-30-04-1024x709.png\" alt=\"\" class=\"wp-image-8583\" width=\"178\" height=\"123\" srcset=\"https:\/\/ceiptorrevieja.es\/wp-content\/uploads\/2025\/12\/Captura-de-pantalla-de-2025-12-08-17-30-04-1024x709.png 1024w, https:\/\/ceiptorrevieja.es\/wp-content\/uploads\/2025\/12\/Captura-de-pantalla-de-2025-12-08-17-30-04-300x208.png 300w, https:\/\/ceiptorrevieja.es\/wp-content\/uploads\/2025\/12\/Captura-de-pantalla-de-2025-12-08-17-30-04-768x532.png 768w, https:\/\/ceiptorrevieja.es\/wp-content\/uploads\/2025\/12\/Captura-de-pantalla-de-2025-12-08-17-30-04-392x272.png 392w, https:\/\/ceiptorrevieja.es\/wp-content\/uploads\/2025\/12\/Captura-de-pantalla-de-2025-12-08-17-30-04-130x90.png 130w, https:\/\/ceiptorrevieja.es\/wp-content\/uploads\/2025\/12\/Captura-de-pantalla-de-2025-12-08-17-30-04.png 1058w\" sizes=\"(max-width: 178px) 100vw, 178px\" \/><\/a><\/figure>\n\n\n\n<p class=\"has-text-align-center has-black-color has-vivid-cyan-blue-background-color has-text-color has-background\"><strong> <a href=\"https:\/\/drive.google.com\/file\/d\/17pzkqomaC4Y9AQF_UUW2QUUW5_wwUvFj\/view?usp=sharing\"><strong>PROGRAMACI\u00d3N SEMANAL.      PINCHA AQU\u00cd     <\/strong><img loading=\"lazy\" width=\"150\" height=\"150\" class=\"wp-image-8260\" style=\"width: 49px;\" src=\"https:\/\/ceiptorrevieja.es\/wp-content\/uploads\/2025\/11\/image-18.png\" alt=\"\"><strong>                          SEMANA DEL 9 AL 19 DE DICIEMBRE<\/strong> <\/a><\/strong><\/p>\n\n\n\n<p class=\"has-text-align-center has-black-color has-vivid-cyan-blue-background-color has-text-color has-background\"> <a href=\"https:\/\/docs.google.com\/document\/d\/1f3ossiOSFebVRN_MhsFn_F9tOEpS7xD6\/edit?usp=sharing&amp;ouid=112180580807933240760&amp;rtpof=true&amp;sd=true\"><strong>PROGRAMACI\u00d3N SEMANAL.      PINCHA AQU\u00cd     <\/strong><\/a><a href=\"https:\/\/docs.google.com\/document\/d\/1Gd-uUHuTEzhNRIWP7j8oM_S8EUqR0bG3\/edit?usp=sharing&amp;ouid=112180580807933240760&amp;rtpof=true&amp;sd=true\"><img loading=\"lazy\" width=\"150\" height=\"150\" class=\"wp-image-8260\" style=\"width: 49px;\" src=\"https:\/\/ceiptorrevieja.es\/wp-content\/uploads\/2025\/11\/image-18.png\" alt=\"\"><strong>                          SEMANA DEL 1 AL 5 DE DICIEMBRE<\/strong> <\/a><\/p>\n\n\n\n<p class=\"has-text-align-center has-black-color has-light-green-cyan-background-color has-text-color has-background\"><a href=\"https:\/\/docs.google.com\/document\/d\/1f3ossiOSFebVRN_MhsFn_F9tOEpS7xD6\/edit?usp=sharing&amp;ouid=112180580807933240760&amp;rtpof=true&amp;sd=true\"><strong>PROGRAMACI\u00d3N SEMANAL.      PINCHA AQU\u00cd     <\/strong><img loading=\"lazy\" width=\"150\" height=\"150\" class=\"wp-image-8260\" style=\"width: 49px;\" src=\"https:\/\/ceiptorrevieja.es\/wp-content\/uploads\/2025\/11\/image-18.png\" alt=\"\"><strong>                          SEMANA DEL 24 AL 28 DE NOVIEMBRE<\/strong><\/a><\/p>\n\n\n\n<div class=\"wp-block-columns\">\n<div class=\"wp-block-column\"><\/div>\n<\/div>\n\n\n\n<p class=\"has-text-align-center has-black-color has-light-green-cyan-background-color has-text-color has-background has-small-font-size\"><a href=\"https:\/\/drive.google.com\/file\/d\/1xF5h6owrQr5VR8qrS6CNyaqXs9blAkHI\/view?usp=sharing\"><strong>PROGRAMACI\u00d3N SEMANAL.      PINCHA AQU\u00cd     <\/strong><img loading=\"lazy\" width=\"150\" height=\"150\" class=\"wp-image-8260\" style=\"width: 49px;\" src=\"https:\/\/ceiptorrevieja.es\/wp-content\/uploads\/2025\/11\/image-18.png\" alt=\"\"><strong>                          SEMANA DEL 17 AL 21 DE NOVIEMBRE<\/strong><\/a><\/p>\n\n\n\n<p class=\"has-text-align-center has-black-color has-light-green-cyan-background-color has-text-color has-background has-small-font-size\"><a href=\"https:\/\/docs.google.com\/document\/d\/1ddPXKnvIGJ56Xhd3VWlvB_53QrcrIc4c\/edit?usp=sharing&amp;ouid=112180580807933240760&amp;rtpof=true&amp;sd=true\"><strong>PROGRAMACI\u00d3N SEMANAL.      PINCHA AQU\u00cd     <\/strong><img loading=\"lazy\" width=\"150\" height=\"150\" class=\"wp-image-8260\" style=\"width: 49px;\" src=\"https:\/\/ceiptorrevieja.es\/wp-content\/uploads\/2025\/11\/image-18.png\" alt=\"\"><strong>                          SEMANA DEL 10 AL 14 DE NOVIEMBRE<\/strong><\/a><\/p>\n\n\n\n<p class=\"has-pale-cyan-blue-background-color has-background\"><\/p>\n\n\n\n<p><a href=\"https:\/\/view.genially.com\/68bd49b6ef579141ba7dde33\/interactive-content-english-games2learn\">pincha en cada enlace INGL\u00c9S<\/a><\/p>\n\n\n\n<figure class=\"wp-block-image\"><a href=\"https:\/\/view.genially.com\/68bd49b6ef579141ba7dde33\/interactive-content-english-games2learn\"><img loading=\"lazy\" width=\"1024\" height=\"563\" src=\"https:\/\/ceiptorrevieja.es\/wp-content\/uploads\/2025\/09\/image-4-1024x563.png\" alt=\"\" class=\"wp-image-7952\" srcset=\"https:\/\/ceiptorrevieja.es\/wp-content\/uploads\/2025\/09\/image-4-1024x563.png 1024w, https:\/\/ceiptorrevieja.es\/wp-content\/uploads\/2025\/09\/image-4-300x165.png 300w, https:\/\/ceiptorrevieja.es\/wp-content\/uploads\/2025\/09\/image-4-768x422.png 768w, https:\/\/ceiptorrevieja.es\/wp-content\/uploads\/2025\/09\/image-4.png 1162w\" sizes=\"(max-width: 1024px) 100vw, 1024px\" \/><\/a><\/figure>\n\n\n\n<p><a href=\"https:\/\/view.genially.com\/68bd49b6ef579141ba7dde33#?secret=YkTOnapjP8\">https:\/\/view.genially.com\/68bd49b6ef579141ba7dde33#?secret=YkTOnapjP8<\/a><\/p>\n\n\n\n<p>Estos libros son parte de nuestra biblioteca virtual de ingl\u00e9s. Hay una gran variedad de libros digitales muy buenos y educativos (potencian la educaci\u00f3n emocional, la educaci\u00f3n medioambiental, la igualdad de g\u00e9nero, el crecimiento en salud, el razonamiento l\u00f3gico y matem\u00e1tico, por supuesto, estimulan la adquisici\u00f3n de h\u00e1bitos lectores en ingl\u00e9s) Los libros son aptos para todos los ciclos de Primaria.<\/p>\n\n\n\n<p><a href=\"https:\/\/drive.google.com\/file\/d\/1PqG61eMa-5lHS4KIqRvjdD6Dxxdr_2Ol\/view?fbclid=IwY2xjawF0wT9leHRuA2FlbQIxMQABHd0_NaVqk5vmnvsSzopa_zK7YovX-CWKrd2Op4BQvIysGVt67faNag4qVw_aem_wD3DtM-betqNKp3E2JCoNA&amp;sfnsn=scwspwa\">Pincha Aqu\u00ed<\/a><\/p>\n\n\n\n<div class=\"wp-block-image\"><figure class=\"aligncenter size-full is-resized\"><a href=\"https:\/\/drive.google.com\/file\/d\/1PqG61eMa-5lHS4KIqRvjdD6Dxxdr_2Ol\/view?fbclid=IwY2xjawF0wT9leHRuA2FlbQIxMQABHd0_NaVqk5vmnvsSzopa_zK7YovX-CWKrd2Op4BQvIysGVt67faNag4qVw_aem_wD3DtM-betqNKp3E2JCoNA&amp;sfnsn=scwspwa\"><img loading=\"lazy\" src=\"https:\/\/ceiptorrevieja.es\/wp-content\/uploads\/2025\/09\/image-5.png\" alt=\"\" class=\"wp-image-7961\" width=\"730\" height=\"592\" srcset=\"https:\/\/ceiptorrevieja.es\/wp-content\/uploads\/2025\/09\/image-5.png 765w, https:\/\/ceiptorrevieja.es\/wp-content\/uploads\/2025\/09\/image-5-300x243.png 300w\" sizes=\"(max-width: 730px) 100vw, 730px\" \/><\/a><\/figure><\/div>\n\n\n\n<p class=\"has-text-align-center has-black-color has-vivid-green-cyan-background-color has-text-color has-background\"><a href=\"https:\/\/view.genially.com\/616c483a1cefe30d487c6e85\/interactive-content-halloween-escape-game\"><strong>Genially de Halloween<\/strong>&nbsp;Pincha Aqu\u00ed<\/a><\/p>\n\n\n\n<figure class=\"wp-block-image is-resized\"><a href=\"https:\/\/view.genially.com\/616c483a1cefe30d487c6e85\/interactive-content-halloween-escape-game\"><img loading=\"lazy\" src=\"https:\/\/ceiptorrevieja.es\/wp-content\/uploads\/2025\/10\/image-27-1024x587.png\" alt=\"\" class=\"wp-image-8113\" width=\"670\" height=\"384\" srcset=\"https:\/\/ceiptorrevieja.es\/wp-content\/uploads\/2025\/10\/image-27-1024x587.png 1024w, https:\/\/ceiptorrevieja.es\/wp-content\/uploads\/2025\/10\/image-27-300x172.png 300w, https:\/\/ceiptorrevieja.es\/wp-content\/uploads\/2025\/10\/image-27-768x440.png 768w, https:\/\/ceiptorrevieja.es\/wp-content\/uploads\/2025\/10\/image-27.png 1167w\" sizes=\"(max-width: 670px) 100vw, 670px\" \/><\/a><\/figure>\n\n\n\n<p><\/p>\n","protected":false},"excerpt":{"rendered":"<p>Maestra IRYNA KUTSKEVICH PROGRAMACI\u00d3N SEMANAL. PINCHA AQU\u00cd \u00a0Programaci\u00f3n semanal del 6 al 10 de ABRIL 2026 PROGRAMACI\u00d3N SEMANAL. PINCHA AQU\u00cd<\/p>\n","protected":false},"author":11,"featured_media":0,"parent":0,"menu_order":0,"comment_status":"closed","ping_status":"closed","template":"","meta":[],"_links":{"self":[{"href":"https:\/\/ceiptorrevieja.es\/index.php?rest_route=\/wp\/v2\/pages\/2385"}],"collection":[{"href":"https:\/\/ceiptorrevieja.es\/index.php?rest_route=\/wp\/v2\/pages"}],"about":[{"href":"https:\/\/ceiptorrevieja.es\/index.php?rest_route=\/wp\/v2\/types\/page"}],"author":[{"embeddable":true,"href":"https:\/\/ceiptorrevieja.es\/index.php?rest_route=\/wp\/v2\/users\/11"}],"replies":[{"embeddable":true,"href":"https:\/\/ceiptorrevieja.es\/index.php?rest_route=%2Fwp%2Fv2%2Fcomments&post=2385"}],"version-history":[{"count":83,"href":"https:\/\/ceiptorrevieja.es\/index.php?rest_route=\/wp\/v2\/pages\/2385\/revisions"}],"predecessor-version":[{"id":9073,"href":"https:\/\/ceiptorrevieja.es\/index.php?rest_route=\/wp\/v2\/pages\/2385\/revisions\/9073"}],"wp:attachment":[{"href":"https:\/\/ceiptorrevieja.es\/index.php?rest_route=%2Fwp%2Fv2%2Fmedia&parent=2385"}],"curies":[{"name":"wp","href":"https:\/\/api.w.org\/{rel}","templated":true}]}}