{"id":107,"date":"2020-08-17T21:45:35","date_gmt":"2020-08-17T19:45:35","guid":{"rendered":"http:\/\/ceiptorrevieja.es\/?page_id=107"},"modified":"2026-04-06T19:31:21","modified_gmt":"2026-04-06T17:31:21","slug":"4o-primaria","status":"publish","type":"page","link":"https:\/\/ceiptorrevieja.es\/?page_id=107","title":{"rendered":"4\u00ba PRIMARIA"},"content":{"rendered":"\n<p><\/p>\n\n\n\n<p class=\"has-text-align-center has-vivid-red-color has-pale-cyan-blue-background-color has-text-color has-background\"><strong>TUTOR: <\/strong>YOLANDA ZARCO<\/p>\n\n\n\n<p> <a href=\"https:\/\/drive.google.com\/file\/d\/1pg2jOVD6dfg0ovvAya8GYMl2nlG8Ei0N\/view?usp=sharing\">HORARIO CLASE<\/a><\/p>\n\n\n\n<p><a href=\"https:\/\/drive.google.com\/file\/d\/1SbyKPNHYlnH-oywDJIi49H3elEZ8w32z\/view?usp=sharing\">CALENDARIO ESCOLAR 2025-2026. ( Los d\u00edas 24 septiembre, 2 Marzo y 4 de Mayo  ser\u00e1n d\u00edas NO LECTIVOS )<\/a><\/p>\n\n\n\n<p><a href=\"https:\/\/ceiptorrevieja.es\/?p=275\">MEN\u00da COMEDOR<\/a><\/p>\n\n\n\n<p><a href=\"https:\/\/ceiptorrevieja.es\/?page_id=488\"><strong>PINCHA AQU\u00cd&#8212;-REUNI\u00d3N GENERAL DE PADRES \/MADRES<\/strong><\/a><\/p>\n\n\n\n<p class=\"has-text-align-center\"><strong>PINCHA EN CADA AREAS Y PODR\u00c1S REPASAR CADA TEMA<\/strong><\/p>\n\n\n\n<p class=\"has-text-align-left\"> <\/p>\n\n\n\n<p class=\"has-black-color has-text-color\">L<a href=\"https:\/\/ceiptorrevieja.es\/?page_id=1910\"><img loading=\"lazy\" width=\"1528\" height=\"1907\" class=\"wp-image-5827\" style=\"width: 150px;\" src=\"https:\/\/ceiptorrevieja.es\/wp-content\/uploads\/2023\/09\/indice.jpeg\" alt=\"\" srcset=\"https:\/\/ceiptorrevieja.es\/wp-content\/uploads\/2023\/09\/indice.jpeg 1528w, https:\/\/ceiptorrevieja.es\/wp-content\/uploads\/2023\/09\/indice-240x300.jpeg 240w, https:\/\/ceiptorrevieja.es\/wp-content\/uploads\/2023\/09\/indice-820x1024.jpeg 820w, https:\/\/ceiptorrevieja.es\/wp-content\/uploads\/2023\/09\/indice-768x958.jpeg 768w, https:\/\/ceiptorrevieja.es\/wp-content\/uploads\/2023\/09\/indice-1231x1536.jpeg 1231w\" sizes=\"(max-width: 1528px) 100vw, 1528px\" \/><\/a> M<a href=\"https:\/\/ceiptorrevieja.es\/?page_id=4862\"><img loading=\"lazy\" width=\"1464\" height=\"1886\" class=\"wp-image-5828\" style=\"width: 150px;\" src=\"https:\/\/ceiptorrevieja.es\/wp-content\/uploads\/2023\/09\/MATES.jpeg\" alt=\"\" srcset=\"https:\/\/ceiptorrevieja.es\/wp-content\/uploads\/2023\/09\/MATES.jpeg 1464w, https:\/\/ceiptorrevieja.es\/wp-content\/uploads\/2023\/09\/MATES-233x300.jpeg 233w, https:\/\/ceiptorrevieja.es\/wp-content\/uploads\/2023\/09\/MATES-795x1024.jpeg 795w, https:\/\/ceiptorrevieja.es\/wp-content\/uploads\/2023\/09\/MATES-768x989.jpeg 768w, https:\/\/ceiptorrevieja.es\/wp-content\/uploads\/2023\/09\/MATES-1192x1536.jpeg 1192w\" sizes=\"(max-width: 1464px) 100vw, 1464px\" \/><\/a> C<a href=\"https:\/\/ceiptorrevieja.es\/?page_id=1902\"><img loading=\"lazy\" width=\"1472\" height=\"1859\" class=\"wp-image-5829\" style=\"width: 150px;\" src=\"https:\/\/ceiptorrevieja.es\/wp-content\/uploads\/2023\/09\/CM.jpeg\" alt=\"\" srcset=\"https:\/\/ceiptorrevieja.es\/wp-content\/uploads\/2023\/09\/CM.jpeg 1472w, https:\/\/ceiptorrevieja.es\/wp-content\/uploads\/2023\/09\/CM-238x300.jpeg 238w, https:\/\/ceiptorrevieja.es\/wp-content\/uploads\/2023\/09\/CM-811x1024.jpeg 811w, https:\/\/ceiptorrevieja.es\/wp-content\/uploads\/2023\/09\/CM-768x970.jpeg 768w, https:\/\/ceiptorrevieja.es\/wp-content\/uploads\/2023\/09\/CM-1216x1536.jpeg 1216w\" sizes=\"(max-width: 1472px) 100vw, 1472px\" \/><\/a><\/p>\n\n\n\n<p>I<a href=\"https:\/\/ceiptorrevieja.es\/?page_id=2402\"><img loading=\"lazy\" width=\"418\" height=\"297\" class=\"wp-image-6261\" style=\"width: 150px;\" src=\"https:\/\/ceiptorrevieja.es\/wp-content\/uploads\/2023\/11\/image.png\" alt=\"\" srcset=\"https:\/\/ceiptorrevieja.es\/wp-content\/uploads\/2023\/11\/image.png 418w, https:\/\/ceiptorrevieja.es\/wp-content\/uploads\/2023\/11\/image-300x213.png 300w\" sizes=\"(max-width: 418px) 100vw, 418px\" \/><\/a><\/p>\n\n\n\n<p><\/p>\n\n\n\n<p class=\"has-text-align-center\">3\u00ba TRIMESTRE<\/p>\n\n\n\n<p class=\"has-text-align-center\">D<img loading=\"lazy\" width=\"738\" height=\"442\" class=\"wp-image-9056\" style=\"width: 400px;\" src=\"https:\/\/ceiptorrevieja.es\/wp-content\/uploads\/2026\/04\/plantilla-abril-2026-v2-2.webp\" alt=\"\" srcset=\"https:\/\/ceiptorrevieja.es\/wp-content\/uploads\/2026\/04\/plantilla-abril-2026-v2-2.webp 738w, https:\/\/ceiptorrevieja.es\/wp-content\/uploads\/2026\/04\/plantilla-abril-2026-v2-2-300x180.webp 300w\" sizes=\"(max-width: 738px) 100vw, 738px\" \/><\/p>\n\n\n\n<p class=\"has-text-align-center has-black-color has-pale-cyan-blue-background-color has-text-color has-background\"><strong><a href=\"https:\/\/docs.google.com\/document\/d\/1W7z_QJyj3fk-rQTbvrqDbnYvnQG8CvLE\/edit?usp=sharing&amp;ouid=112180580807933240760&amp;rtpof=true&amp;sd=true\">TAREAS DE LA SEMANA  DE  6 ABRIL  AL 10 ABRIL<\/a><\/strong><\/p>\n\n\n\n<p><a href=\"https:\/\/docs.google.com\/document\/d\/1W7z_QJyj3fk-rQTbvrqDbnYvnQG8CvLE\/edit?usp=sharing&amp;ouid=112180580807933240760&amp;rtpof=true&amp;sd=true\"><strong>PINCHA AQU\u00cd&#8212;&#8211; <\/strong>PROGRAMACION SEMANAL<\/a><\/p>\n\n\n\n<p><a href=\"https:\/\/ceiptorrevieja.es\/?page_id=2402\">INGLES<img loading=\"lazy\" width=\"418\" height=\"297\" class=\"wp-image-6261\" style=\"width: 150px;\" src=\"https:\/\/ceiptorrevieja.es\/wp-content\/uploads\/2023\/11\/image.png\" alt=\"\" srcset=\"https:\/\/ceiptorrevieja.es\/wp-content\/uploads\/2023\/11\/image.png 418w, https:\/\/ceiptorrevieja.es\/wp-content\/uploads\/2023\/11\/image-300x213.png 300w\" sizes=\"(max-width: 418px) 100vw, 418px\" \/><\/a><\/p>\n\n\n\n<p><\/p>\n\n\n\n<p class=\"has-black-color has-cyan-bluish-gray-background-color has-text-color has-background\">&#8211;<\/p>\n\n\n\n<p><\/p>\n\n\n\n<p><\/p>\n\n\n\n<p class=\"has-text-align-center\"><strong>2\u00ba TRIMESTRE<\/strong><\/p>\n\n\n\n<p class=\"has-text-align-center\">D<img loading=\"lazy\" width=\"742\" height=\"506\" class=\"wp-image-8957\" style=\"width: 400px;\" src=\"https:\/\/ceiptorrevieja.es\/wp-content\/uploads\/2026\/03\/plantilla-marzo-2026-v2.webp\" alt=\"\" srcset=\"https:\/\/ceiptorrevieja.es\/wp-content\/uploads\/2026\/03\/plantilla-marzo-2026-v2.webp 742w, https:\/\/ceiptorrevieja.es\/wp-content\/uploads\/2026\/03\/plantilla-marzo-2026-v2-300x205.webp 300w, https:\/\/ceiptorrevieja.es\/wp-content\/uploads\/2026\/03\/plantilla-marzo-2026-v2-130x90.webp 130w\" sizes=\"(max-width: 742px) 100vw, 742px\" \/><\/p>\n\n\n\n<p class=\"has-text-align-center has-black-color has-light-green-cyan-background-color has-text-color has-background\"><strong><a href=\"https:\/\/docs.google.com\/document\/d\/1uAjDE-p5z1icd83QFG5eSvip3JquNiZd\/edit?usp=sharing&amp;ouid=112180580807933240760&amp;rtpof=true&amp;sd=true\">TAREAS DE LA SEMANA  DE  16 MARZO  AL 20 MARZO<\/a><\/strong><\/p>\n\n\n\n<p><a href=\"https:\/\/docs.google.com\/document\/d\/1uAjDE-p5z1icd83QFG5eSvip3JquNiZd\/edit?usp=sharing&amp;ouid=112180580807933240760&amp;rtpof=true&amp;sd=true\"><strong>PINCHA AQU\u00cd&#8212;&#8211; <\/strong>PROGRAMACION SEMANAL<\/a><\/p>\n\n\n\n<p><a href=\"https:\/\/ceiptorrevieja.es\/?page_id=2402\">INGLES<img loading=\"lazy\" width=\"418\" height=\"297\" class=\"wp-image-6261\" style=\"width: 150px;\" src=\"https:\/\/ceiptorrevieja.es\/wp-content\/uploads\/2023\/11\/image.png\" alt=\"\" srcset=\"https:\/\/ceiptorrevieja.es\/wp-content\/uploads\/2023\/11\/image.png 418w, https:\/\/ceiptorrevieja.es\/wp-content\/uploads\/2023\/11\/image-300x213.png 300w\" sizes=\"(max-width: 418px) 100vw, 418px\" \/><\/a><\/p>\n\n\n\n<p class=\"has-text-align-center has-black-color has-light-green-cyan-background-color has-text-color has-background\"><strong><a href=\"https:\/\/docs.google.com\/document\/d\/1I23kK1z4FJa4TyBvvFciNNu4qEp3Epu-\/edit?usp=sharing&amp;ouid=112180580807933240760&amp;rtpof=true&amp;sd=true\">TAREAS DE LA SEMANA  DE  2 MARZO  AL 6 MARZO<\/a><\/strong><\/p>\n\n\n\n<p><a href=\"https:\/\/docs.google.com\/document\/d\/1I23kK1z4FJa4TyBvvFciNNu4qEp3Epu-\/edit?usp=sharing&amp;ouid=112180580807933240760&amp;rtpof=true&amp;sd=true\"><strong>PINCHA AQU\u00cd&#8212;&#8211; <\/strong>PROGRAMACION SEMANAL<\/a><\/p>\n\n\n\n<p><a href=\"https:\/\/ceiptorrevieja.es\/?page_id=2402\">INGLES<img loading=\"lazy\" width=\"418\" height=\"297\" class=\"wp-image-6261\" style=\"width: 150px;\" src=\"https:\/\/ceiptorrevieja.es\/wp-content\/uploads\/2023\/11\/image.png\" alt=\"\" srcset=\"https:\/\/ceiptorrevieja.es\/wp-content\/uploads\/2023\/11\/image.png 418w, https:\/\/ceiptorrevieja.es\/wp-content\/uploads\/2023\/11\/image-300x213.png 300w\" sizes=\"(max-width: 418px) 100vw, 418px\" \/><\/a><\/p>\n\n\n\n<p><\/p>\n\n\n\n<p class=\"has-text-align-center has-black-color has-vivid-cyan-blue-background-color has-text-color has-background\"><strong><a href=\"https:\/\/docs.google.com\/document\/d\/1svWGCc3uqZuDt8nsAgSKeY97pOf95Gsx\/edit?usp=sharing&amp;ouid=112180580807933240760&amp;rtpof=true&amp;sd=true\">TAREAS DE LA SEMANA  DE  23  FEBRERO  AL 26 FEBRERO<\/a><\/strong><\/p>\n\n\n\n<p><a href=\"https:\/\/docs.google.com\/document\/d\/1svWGCc3uqZuDt8nsAgSKeY97pOf95Gsx\/edit?usp=sharing&amp;ouid=112180580807933240760&amp;rtpof=true&amp;sd=true\"><strong>PINCHA AQU\u00cd&#8212;&#8211; <\/strong>PROGRAMACION SEMANAL<\/a><\/p>\n\n\n\n<p><a href=\"https:\/\/ceiptorrevieja.es\/?page_id=2402\">INGLES<img loading=\"lazy\" width=\"418\" height=\"297\" class=\"wp-image-6261\" style=\"width: 150px;\" src=\"https:\/\/ceiptorrevieja.es\/wp-content\/uploads\/2023\/11\/image.png\" alt=\"\" srcset=\"https:\/\/ceiptorrevieja.es\/wp-content\/uploads\/2023\/11\/image.png 418w, https:\/\/ceiptorrevieja.es\/wp-content\/uploads\/2023\/11\/image-300x213.png 300w\" sizes=\"(max-width: 418px) 100vw, 418px\" \/><\/a><\/p>\n\n\n\n<p class=\"has-text-align-center has-black-color has-vivid-cyan-blue-background-color has-text-color has-background\"><strong><a href=\"https:\/\/docs.google.com\/document\/d\/1Om2oOA9tYvEATxSZrM_bpnp0pxAm6QOf\/edit?usp=sharing&amp;ouid=112180580807933240760&amp;rtpof=true&amp;sd=true\">TAREAS DE LA SEMANA  DE  16  FEBRERO  AL 20 FEBRERO<\/a><\/strong><\/p>\n\n\n\n<p><a href=\"https:\/\/docs.google.com\/document\/d\/1Om2oOA9tYvEATxSZrM_bpnp0pxAm6QOf\/edit?usp=sharing&amp;ouid=112180580807933240760&amp;rtpof=true&amp;sd=true\"><strong>PINCHA AQU\u00cd&#8212;&#8211; <\/strong>PROGRAMACION SEMANAL<\/a><\/p>\n\n\n\n<p><a href=\"https:\/\/ceiptorrevieja.es\/?page_id=2402\">INGLES<img loading=\"lazy\" width=\"418\" height=\"297\" class=\"wp-image-6261\" style=\"width: 150px;\" src=\"https:\/\/ceiptorrevieja.es\/wp-content\/uploads\/2023\/11\/image.png\" alt=\"\" srcset=\"https:\/\/ceiptorrevieja.es\/wp-content\/uploads\/2023\/11\/image.png 418w, https:\/\/ceiptorrevieja.es\/wp-content\/uploads\/2023\/11\/image-300x213.png 300w\" sizes=\"(max-width: 418px) 100vw, 418px\" \/><\/a><\/p>\n\n\n\n<p class=\"has-text-align-center has-black-color has-vivid-cyan-blue-background-color has-text-color has-background\"><strong><a href=\"https:\/\/docs.google.com\/document\/d\/1fqzyWGIYNxtcokcqOst-jM4cTzGiT-_D\/edit?usp=sharing&amp;ouid=112180580807933240760&amp;rtpof=true&amp;sd=true\">TAREAS DE LA SEMANA  DE  9  FEBRERO  AL 13 FEBRERO<\/a><\/strong><\/p>\n\n\n\n<p><a href=\"https:\/\/docs.google.com\/document\/d\/1fqzyWGIYNxtcokcqOst-jM4cTzGiT-_D\/edit?usp=sharing&amp;ouid=112180580807933240760&amp;rtpof=true&amp;sd=true\"><strong>PINCHA AQU\u00cd&#8212;&#8211; <\/strong>PROGRAMACION SEMANAL<\/a><\/p>\n\n\n\n<p><a href=\"https:\/\/ceiptorrevieja.es\/?page_id=2402\">INGLES<img loading=\"lazy\" width=\"418\" height=\"297\" class=\"wp-image-6261\" style=\"width: 150px;\" src=\"https:\/\/ceiptorrevieja.es\/wp-content\/uploads\/2023\/11\/image.png\" alt=\"\" srcset=\"https:\/\/ceiptorrevieja.es\/wp-content\/uploads\/2023\/11\/image.png 418w, https:\/\/ceiptorrevieja.es\/wp-content\/uploads\/2023\/11\/image-300x213.png 300w\" sizes=\"(max-width: 418px) 100vw, 418px\" \/><\/a><\/p>\n\n\n\n<p class=\"has-text-align-center has-black-color has-vivid-cyan-blue-background-color has-text-color has-background\"><strong><a href=\"https:\/\/docs.google.com\/document\/d\/159aQTLIy9Hq8y1YluRnaUZb1-blVaRdj\/edit?usp=sharing&amp;ouid=112180580807933240760&amp;rtpof=true&amp;sd=true\">TAREAS DE LA SEMANA  DE  2  FEBRERO  AL 6 FEBRERO<\/a><\/strong><\/p>\n\n\n\n<p><a href=\"https:\/\/docs.google.com\/document\/d\/159aQTLIy9Hq8y1YluRnaUZb1-blVaRdj\/edit?usp=sharing&amp;ouid=112180580807933240760&amp;rtpof=true&amp;sd=true\"><strong>PINCHA AQU\u00cd&#8212;&#8211; <\/strong>PROGRAMACION SEMANAL<\/a><\/p>\n\n\n\n<p><a href=\"https:\/\/ceiptorrevieja.es\/?page_id=2402\">INGLES<img loading=\"lazy\" width=\"418\" height=\"297\" class=\"wp-image-6261\" style=\"width: 150px;\" src=\"https:\/\/ceiptorrevieja.es\/wp-content\/uploads\/2023\/11\/image.png\" alt=\"\" srcset=\"https:\/\/ceiptorrevieja.es\/wp-content\/uploads\/2023\/11\/image.png 418w, https:\/\/ceiptorrevieja.es\/wp-content\/uploads\/2023\/11\/image-300x213.png 300w\" sizes=\"(max-width: 418px) 100vw, 418px\" \/><\/a><\/p>\n\n\n\n<p><\/p>\n\n\n\n<p><\/p>\n\n\n\n<p class=\"has-text-align-center\">d<img loading=\"lazy\" width=\"747\" height=\"452\" class=\"wp-image-8683\" style=\"width: 400px;\" src=\"https:\/\/ceiptorrevieja.es\/wp-content\/uploads\/2026\/01\/plantilla-enero-2026-v2.webp\" alt=\"\" srcset=\"https:\/\/ceiptorrevieja.es\/wp-content\/uploads\/2026\/01\/plantilla-enero-2026-v2.webp 747w, https:\/\/ceiptorrevieja.es\/wp-content\/uploads\/2026\/01\/plantilla-enero-2026-v2-300x182.webp 300w\" sizes=\"(max-width: 747px) 100vw, 747px\" \/><\/p>\n\n\n\n<p class=\"has-text-align-center has-black-color has-vivid-cyan-blue-background-color has-text-color has-background\"><strong><a href=\"https:\/\/docs.google.com\/document\/d\/13u34vHC1PgZqaPfFKnO4hAu9MRUQd8kC\/edit?usp=sharing&amp;ouid=112180580807933240760&amp;rtpof=true&amp;sd=true\">TAREAS DE LA SEMANA  DE  26  ENERO  AL 30 ENERO<\/a><\/strong><\/p>\n\n\n\n<p><a href=\"https:\/\/docs.google.com\/document\/d\/13u34vHC1PgZqaPfFKnO4hAu9MRUQd8kC\/edit?usp=sharing&amp;ouid=112180580807933240760&amp;rtpof=true&amp;sd=true\"><strong>PINCHA AQU\u00cd&#8212;&#8211; <\/strong>PROGRAMACION SEMANAL<\/a><\/p>\n\n\n\n<p><a href=\"https:\/\/ceiptorrevieja.es\/?page_id=2402\">INGLES<img loading=\"lazy\" width=\"418\" height=\"297\" class=\"wp-image-6261\" style=\"width: 150px;\" src=\"https:\/\/ceiptorrevieja.es\/wp-content\/uploads\/2023\/11\/image.png\" alt=\"\" srcset=\"https:\/\/ceiptorrevieja.es\/wp-content\/uploads\/2023\/11\/image.png 418w, https:\/\/ceiptorrevieja.es\/wp-content\/uploads\/2023\/11\/image-300x213.png 300w\" sizes=\"(max-width: 418px) 100vw, 418px\" \/><\/a><\/p>\n\n\n\n<p class=\"has-text-align-center has-black-color has-vivid-cyan-blue-background-color has-text-color has-background\"><strong><a href=\"https:\/\/docs.google.com\/document\/d\/18VwfmvP29iPskJuZss74PMhrn7Noe6LK\/edit?usp=sharing&amp;ouid=112180580807933240760&amp;rtpof=true&amp;sd=true\">TAREAS DE LA SEMANA  DE  19  ENERO  AL 23 ENERO<\/a><\/strong><\/p>\n\n\n\n<p><a href=\"https:\/\/docs.google.com\/document\/d\/18VwfmvP29iPskJuZss74PMhrn7Noe6LK\/edit?usp=sharing&amp;ouid=112180580807933240760&amp;rtpof=true&amp;sd=true\"><strong>PINCHA AQU\u00cd&#8212;&#8211; <\/strong>PROGRAMACION SEMANAL<\/a><\/p>\n\n\n\n<p><a href=\"https:\/\/ceiptorrevieja.es\/?page_id=2402\">INGLES<img loading=\"lazy\" width=\"418\" height=\"297\" class=\"wp-image-6261\" style=\"width: 150px;\" src=\"https:\/\/ceiptorrevieja.es\/wp-content\/uploads\/2023\/11\/image.png\" alt=\"\" srcset=\"https:\/\/ceiptorrevieja.es\/wp-content\/uploads\/2023\/11\/image.png 418w, https:\/\/ceiptorrevieja.es\/wp-content\/uploads\/2023\/11\/image-300x213.png 300w\" sizes=\"(max-width: 418px) 100vw, 418px\" \/><\/a><\/p>\n\n\n\n<p class=\"has-text-align-center has-black-color has-vivid-cyan-blue-background-color has-text-color has-background\"><strong><a href=\"https:\/\/docs.google.com\/document\/d\/1vxuwX6qPhx_7goJerBEpxhuSsd2ynvLN\/edit?usp=sharing&amp;ouid=112180580807933240760&amp;rtpof=true&amp;sd=true\">TAREAS DE LA SEMANA  DE  12 ENERO  AL 16 ENERO<\/a><\/strong><\/p>\n\n\n\n<p><a href=\"https:\/\/docs.google.com\/document\/d\/1vxuwX6qPhx_7goJerBEpxhuSsd2ynvLN\/edit?usp=sharing&amp;ouid=112180580807933240760&amp;rtpof=true&amp;sd=true\"><strong>PINCHA AQU\u00cd&#8212;&#8211; <\/strong>PROGRAMACION SEMANAL<\/a><\/p>\n\n\n\n<p><a href=\"https:\/\/ceiptorrevieja.es\/?page_id=2402\">INGLES<img loading=\"lazy\" width=\"418\" height=\"297\" class=\"wp-image-6261\" style=\"width: 150px;\" src=\"https:\/\/ceiptorrevieja.es\/wp-content\/uploads\/2023\/11\/image.png\" alt=\"\" srcset=\"https:\/\/ceiptorrevieja.es\/wp-content\/uploads\/2023\/11\/image.png 418w, https:\/\/ceiptorrevieja.es\/wp-content\/uploads\/2023\/11\/image-300x213.png 300w\" sizes=\"(max-width: 418px) 100vw, 418px\" \/><\/a><\/p>\n\n\n\n<p class=\"has-text-align-center has-black-color has-vivid-cyan-blue-background-color has-text-color has-background\"><strong>TAREAS DE LA SEMANA  DE  8 ENERO  AL 9 ENERO<\/strong><\/p>\n\n\n\n<p><a href=\"https:\/\/docs.google.com\/document\/d\/1cHVFdl_ZhmBtObIQNvDKHYhnBzSSB1PA\/edit?usp=sharing&amp;ouid=112180580807933240760&amp;rtpof=true&amp;sd=true\"><strong>PINCHA AQU\u00cd&#8212;&#8211; <\/strong>PROGRAMACION SEMANAL<\/a><\/p>\n\n\n\n<p><a href=\"https:\/\/ceiptorrevieja.es\/?page_id=2402\">INGLES<img loading=\"lazy\" width=\"418\" height=\"297\" class=\"wp-image-6261\" style=\"width: 150px;\" src=\"https:\/\/ceiptorrevieja.es\/wp-content\/uploads\/2023\/11\/image.png\" alt=\"\" srcset=\"https:\/\/ceiptorrevieja.es\/wp-content\/uploads\/2023\/11\/image.png 418w, https:\/\/ceiptorrevieja.es\/wp-content\/uploads\/2023\/11\/image-300x213.png 300w\" sizes=\"(max-width: 418px) 100vw, 418px\" \/><\/a><\/p>\n\n\n\n<p><\/p>\n\n\n\n<p class=\"has-black-color has-pale-cyan-blue-background-color has-text-color has-background\">&#8211;<\/p>\n\n\n\n<h5 class=\"has-text-align-center has-vivid-green-cyan-color has-text-color\"><strong>1\u00ba TRIMESTRE<\/strong><\/h5>\n\n\n\n<p class=\"has-text-align-center\">d<img loading=\"lazy\" width=\"3386\" height=\"2255\" class=\"wp-image-8529\" style=\"width: 400px;\" src=\"https:\/\/ceiptorrevieja.es\/wp-content\/uploads\/2025\/11\/calendario-de-diciembre-2025.png\" alt=\"\" srcset=\"https:\/\/ceiptorrevieja.es\/wp-content\/uploads\/2025\/11\/calendario-de-diciembre-2025.png 3386w, https:\/\/ceiptorrevieja.es\/wp-content\/uploads\/2025\/11\/calendario-de-diciembre-2025-300x200.png 300w, https:\/\/ceiptorrevieja.es\/wp-content\/uploads\/2025\/11\/calendario-de-diciembre-2025-1024x682.png 1024w, https:\/\/ceiptorrevieja.es\/wp-content\/uploads\/2025\/11\/calendario-de-diciembre-2025-768x511.png 768w, https:\/\/ceiptorrevieja.es\/wp-content\/uploads\/2025\/11\/calendario-de-diciembre-2025-1536x1023.png 1536w, https:\/\/ceiptorrevieja.es\/wp-content\/uploads\/2025\/11\/calendario-de-diciembre-2025-2048x1364.png 2048w\" sizes=\"(max-width: 3386px) 100vw, 3386px\" \/><\/p>\n\n\n\n<p class=\"has-text-align-center has-black-color has-vivid-cyan-blue-background-color has-text-color has-background\"><strong><strong><a href=\"https:\/\/docs.google.com\/document\/d\/1SJ_r7BazsR587jlKtI286rWbVnaAyoKy\/edit?usp=sharing&amp;ouid=112180580807933240760&amp;rtpof=true&amp;sd=true\">TAREAS DE LA SEMANA  DE  9 DICIEMBRE   AL 12 DICIEMBRE <\/a><\/strong><\/strong><\/p>\n\n\n\n<p><a href=\"https:\/\/docs.google.com\/document\/d\/1SJ_r7BazsR587jlKtI286rWbVnaAyoKy\/edit?usp=sharing&amp;ouid=112180580807933240760&amp;rtpof=true&amp;sd=true\"><strong>PINCHA AQU\u00cd&#8212;&#8211; <\/strong>PROGRAMACION SEMANAL<\/a><\/p>\n\n\n\n<p><a href=\"https:\/\/ceiptorrevieja.es\/?page_id=2402\">INGLES<img loading=\"lazy\" width=\"418\" height=\"297\" class=\"wp-image-6261\" style=\"width: 150px;\" src=\"https:\/\/ceiptorrevieja.es\/wp-content\/uploads\/2023\/11\/image.png\" alt=\"\" srcset=\"https:\/\/ceiptorrevieja.es\/wp-content\/uploads\/2023\/11\/image.png 418w, https:\/\/ceiptorrevieja.es\/wp-content\/uploads\/2023\/11\/image-300x213.png 300w\" sizes=\"(max-width: 418px) 100vw, 418px\" \/><\/a><\/p>\n\n\n\n<p class=\"has-text-align-center has-black-color has-vivid-cyan-blue-background-color has-text-color has-background\"><strong><strong><a href=\"https:\/\/docs.google.com\/document\/d\/1a-Js0X56Al-fu0WFjm6NHXqzC26EUWvt\/edit?usp=sharing&amp;ouid=112180580807933240760&amp;rtpof=true&amp;sd=true\">TAREAS DE LA SEMANA  DE  1 DICIEMBRE   AL 5 DICIEMBRE <\/a><\/strong><\/strong><\/p>\n\n\n\n<p><a href=\"https:\/\/docs.google.com\/document\/d\/1a-Js0X56Al-fu0WFjm6NHXqzC26EUWvt\/edit?usp=sharing&amp;ouid=112180580807933240760&amp;rtpof=true&amp;sd=true\"><strong>PINCHA AQU\u00cd&#8212;&#8211; <\/strong>PROGRAMACION SEMANAL<\/a><\/p>\n\n\n\n<p><a href=\"https:\/\/ceiptorrevieja.es\/?page_id=2402\">INGLES<img loading=\"lazy\" width=\"418\" height=\"297\" class=\"wp-image-6261\" style=\"width: 150px;\" src=\"https:\/\/ceiptorrevieja.es\/wp-content\/uploads\/2023\/11\/image.png\" alt=\"\" srcset=\"https:\/\/ceiptorrevieja.es\/wp-content\/uploads\/2023\/11\/image.png 418w, https:\/\/ceiptorrevieja.es\/wp-content\/uploads\/2023\/11\/image-300x213.png 300w\" sizes=\"(max-width: 418px) 100vw, 418px\" \/><\/a><\/p>\n\n\n\n<p><\/p>\n\n\n\n<p class=\"has-light-green-cyan-color has-light-green-cyan-background-color has-text-color has-background\">&#8211;<\/p>\n\n\n\n<p><\/p>\n\n\n\n<div class=\"wp-block-image\"><figure class=\"aligncenter is-resized\"><img loading=\"lazy\" src=\"https:\/\/michelzbinden.com\/es\/2025\/calendario-noviembre-2025-481ld.webp\" alt=\"Calendario de noviembre de 2025 - Michel Zbinden ES\" width=\"384\" height=\"288\"\/><\/figure><\/div>\n\n\n\n<p class=\"has-text-align-center has-black-color has-vivid-cyan-blue-background-color has-text-color has-background\"><strong><strong><a href=\"https:\/\/docs.google.com\/document\/d\/1z9nxhOcmTd2tOB1XMZmzamqdGbTTxKnI\/edit?usp=sharing&amp;ouid=112180580807933240760&amp;rtpof=true&amp;sd=true\">TAREAS DE LA SEMANA  DE  17 NOVIEMBRE   AL 21 NOVIEMBRE <\/a><\/strong><\/strong><\/p>\n\n\n\n<p><a href=\"https:\/\/docs.google.com\/document\/d\/1D1I_MfO8aeuMiG1avjVp7lc_6ZpcH0eR\/edit?usp=sharing&amp;ouid=112180580807933240760&amp;rtpof=true&amp;sd=true\"><strong>PINCHA AQU\u00cd&#8212;&#8211; LENGUA-MATES-<\/strong>CONOCIMIENTO<\/a><\/p>\n\n\n\n<p><a href=\"https:\/\/ceiptorrevieja.es\/?page_id=2402\">INGLES<img loading=\"lazy\" width=\"418\" height=\"297\" class=\"wp-image-6261\" style=\"width: 150px;\" src=\"https:\/\/ceiptorrevieja.es\/wp-content\/uploads\/2023\/11\/image.png\" alt=\"\" srcset=\"https:\/\/ceiptorrevieja.es\/wp-content\/uploads\/2023\/11\/image.png 418w, https:\/\/ceiptorrevieja.es\/wp-content\/uploads\/2023\/11\/image-300x213.png 300w\" sizes=\"(max-width: 418px) 100vw, 418px\" \/><\/a><\/p>\n\n\n\n<p class=\"has-text-align-center has-very-dark-gray-color has-vivid-cyan-blue-background-color has-text-color has-background\"><strong><strong>TAREAS DE LA SEMANA  DE  10 NOVIEMBRE   AL 14 NOVIEMBRE <\/strong><\/strong><\/p>\n\n\n\n<p><a href=\"https:\/\/docs.google.com\/document\/d\/1D1I_MfO8aeuMiG1avjVp7lc_6ZpcH0eR\/edit?usp=sharing&amp;ouid=112180580807933240760&amp;rtpof=true&amp;sd=true\"><strong>PINCHA AQU\u00cd&#8212;&#8211; LENGUA-MATES-<\/strong>CONOCIMIENTO<\/a><\/p>\n\n\n\n<p><a href=\"https:\/\/ceiptorrevieja.es\/?page_id=2402\">INGLES<img loading=\"lazy\" width=\"418\" height=\"297\" class=\"wp-image-6261\" style=\"width: 150px;\" src=\"https:\/\/ceiptorrevieja.es\/wp-content\/uploads\/2023\/11\/image.png\" alt=\"\" srcset=\"https:\/\/ceiptorrevieja.es\/wp-content\/uploads\/2023\/11\/image.png 418w, https:\/\/ceiptorrevieja.es\/wp-content\/uploads\/2023\/11\/image-300x213.png 300w\" sizes=\"(max-width: 418px) 100vw, 418px\" \/><\/a><\/p>\n\n\n\n<p class=\"has-black-color has-pale-cyan-blue-background-color has-text-color has-background\">&#8211;<\/p>\n\n\n\n<p class=\"has-text-align-center\">D<\/p>\n\n\n\n<div class=\"wp-block-image\"><figure class=\"aligncenter is-resized\"><img loading=\"lazy\" src=\"https:\/\/www.calendarpedia.com\/images-large\/espana\/mensual\/2025\/calendario-de-octubre-2025.png\" alt=\"Calendario octubre 2025 en PDF, Excel y Word | Calendarpedia\" width=\"388\" height=\"272\"\/><\/figure><\/div>\n\n\n\n<p class=\"has-text-align-center has-very-dark-gray-color has-vivid-cyan-blue-background-color has-text-color has-background\"><strong><strong>TAREAS DE LA SEMANA  DE  20 OCTUBRE   AL 24 OCTUBRE <\/strong><\/strong><\/p>\n\n\n\n<p><a href=\"https:\/\/docs.google.com\/document\/d\/1SG5J_rgulqG89-a5m46KWDvZjhdZakd-\/edit?usp=sharing&amp;ouid=112180580807933240760&amp;rtpof=true&amp;sd=true\"><strong>PINCHA AQU\u00cd&#8212;&#8211; LENGUA-MATES-<\/strong>CONOCIMIENTO<\/a><\/p>\n\n\n\n<p><a href=\"https:\/\/ceiptorrevieja.es\/?page_id=2402\">INGLES<img loading=\"lazy\" width=\"418\" height=\"297\" class=\"wp-image-6261\" style=\"width: 150px;\" src=\"https:\/\/ceiptorrevieja.es\/wp-content\/uploads\/2023\/11\/image.png\" alt=\"\" srcset=\"https:\/\/ceiptorrevieja.es\/wp-content\/uploads\/2023\/11\/image.png 418w, https:\/\/ceiptorrevieja.es\/wp-content\/uploads\/2023\/11\/image-300x213.png 300w\" sizes=\"(max-width: 418px) 100vw, 418px\" \/><\/a><\/p>\n\n\n\n<p class=\"has-vivid-green-cyan-background-color has-background\"><\/p>\n\n\n\n<p class=\"has-vivid-cyan-blue-background-color has-background\">&#8211;<\/p>\n\n\n\n<p class=\"has-light-green-cyan-background-color has-background\">&#8211;<\/p>\n","protected":false},"excerpt":{"rendered":"<p>TUTOR: YOLANDA ZARCO HORARIO CLASE CALENDARIO ESCOLAR 2025-2026. ( Los d\u00edas 24 septiembre, 2 Marzo y 4 de Mayo ser\u00e1n<\/p>\n","protected":false},"author":1,"featured_media":7941,"parent":0,"menu_order":0,"comment_status":"closed","ping_status":"closed","template":"","meta":[],"_links":{"self":[{"href":"https:\/\/ceiptorrevieja.es\/index.php?rest_route=\/wp\/v2\/pages\/107"}],"collection":[{"href":"https:\/\/ceiptorrevieja.es\/index.php?rest_route=\/wp\/v2\/pages"}],"about":[{"href":"https:\/\/ceiptorrevieja.es\/index.php?rest_route=\/wp\/v2\/types\/page"}],"author":[{"embeddable":true,"href":"https:\/\/ceiptorrevieja.es\/index.php?rest_route=\/wp\/v2\/users\/1"}],"replies":[{"embeddable":true,"href":"https:\/\/ceiptorrevieja.es\/index.php?rest_route=%2Fwp%2Fv2%2Fcomments&post=107"}],"version-history":[{"count":208,"href":"https:\/\/ceiptorrevieja.es\/index.php?rest_route=\/wp\/v2\/pages\/107\/revisions"}],"predecessor-version":[{"id":9070,"href":"https:\/\/ceiptorrevieja.es\/index.php?rest_route=\/wp\/v2\/pages\/107\/revisions\/9070"}],"wp:featuredmedia":[{"embeddable":true,"href":"https:\/\/ceiptorrevieja.es\/index.php?rest_route=\/wp\/v2\/media\/7941"}],"wp:attachment":[{"href":"https:\/\/ceiptorrevieja.es\/index.php?rest_route=%2Fwp%2Fv2%2Fmedia&parent=107"}],"curies":[{"name":"wp","href":"https:\/\/api.w.org\/{rel}","templated":true}]}}