{"id":1036,"date":"2020-12-03T12:31:45","date_gmt":"2020-12-03T11:31:45","guid":{"rendered":"http:\/\/ceiptorrevieja.es\/?page_id=1036"},"modified":"2020-12-03T13:12:11","modified_gmt":"2020-12-03T12:12:11","slug":"dia-internacional-de-las-personas-con-discapacidad","status":"publish","type":"page","link":"https:\/\/ceiptorrevieja.es\/?page_id=1036","title":{"rendered":"DIA INTERNACIONAL DE LAS PERSONAS CON DISCAPACIDAD"},"content":{"rendered":"\n<p>El 3 de diciembre se celebra el&nbsp;<strong>D\u00eda Internacional de las Personas con Discapacidad<\/strong>&nbsp;con el objetivo de promover los derechos y el bienestar de las personas con discapacidad en todos los \u00e1mbitos de la sociedad, as\u00ed como concienciar sobre su situaci\u00f3n en todos los aspectos de la vida.<\/p>\n\n\n\n<p><\/p>\n\n\n\n<p><\/p>\n\n\n\n<p class=\"has-text-color has-background has-text-align-center has-vivid-red-color has-pale-cyan-blue-background-color\"><a href=\"https:\/\/drive.google.com\/file\/d\/15ZV3lxV4tUyu_H8qZM3cIkxr9gaC_mv5\/view?ths=true\"><strong>LECTURAS PARA EDUCAR <\/strong><\/a><img loading=\"lazy\" width=\"628\" height=\"322\" class=\"wp-image-1052\" style=\"width: 150px;\" src=\"https:\/\/ceiptorrevieja.es\/wp-content\/uploads\/2020\/12\/apps-lectura-Tiching.jpg\" alt=\"\" srcset=\"https:\/\/ceiptorrevieja.es\/wp-content\/uploads\/2020\/12\/apps-lectura-Tiching.jpg 628w, https:\/\/ceiptorrevieja.es\/wp-content\/uploads\/2020\/12\/apps-lectura-Tiching-300x154.jpg 300w\" sizes=\"(max-width: 628px) 100vw, 628px\" \/><\/p>\n\n\n\n<p class=\"has-text-color has-background has-text-align-center has-very-dark-gray-color has-vivid-green-cyan-background-color\"><strong><a href=\"https:\/\/drive.google.com\/file\/d\/1jJ7aTd_o7ZZxAfzvtv7B0Aofr-coPzqF\/view?ths=true\">CARTELERA INCLUSIVA&#8230;CINE<\/a> <\/strong><img loading=\"lazy\" width=\"268\" height=\"188\" class=\"wp-image-1054\" style=\"width: 150px;\" src=\"https:\/\/ceiptorrevieja.es\/wp-content\/uploads\/2020\/12\/descarga-1.png\" alt=\"\" srcset=\"https:\/\/ceiptorrevieja.es\/wp-content\/uploads\/2020\/12\/descarga-1.png 268w, https:\/\/ceiptorrevieja.es\/wp-content\/uploads\/2020\/12\/descarga-1-130x90.png 130w\" sizes=\"(max-width: 268px) 100vw, 268px\" \/><\/p>\n\n\n\n<p><\/p>\n\n\n\n<p class=\"has-text-color has-background has-text-align-center has-very-dark-gray-color has-pale-pink-background-color\"><a href=\"https:\/\/www.facebook.com\/100004181983038\/videos\/1842851132530935\/\"><strong>VIDEO\u00a0<\/strong>DEL TRABAJO REALIZADO POR EL ALUMNADO<\/a><img loading=\"lazy\" width=\"1280\" height=\"720\" class=\"wp-image-1057\" style=\"width: 150px;\" src=\"https:\/\/ceiptorrevieja.es\/wp-content\/uploads\/2020\/12\/historia-de-facebook-1280x720-1.jpg\" alt=\"\" srcset=\"https:\/\/ceiptorrevieja.es\/wp-content\/uploads\/2020\/12\/historia-de-facebook-1280x720-1.jpg 1280w, https:\/\/ceiptorrevieja.es\/wp-content\/uploads\/2020\/12\/historia-de-facebook-1280x720-1-300x169.jpg 300w, https:\/\/ceiptorrevieja.es\/wp-content\/uploads\/2020\/12\/historia-de-facebook-1280x720-1-1024x576.jpg 1024w, https:\/\/ceiptorrevieja.es\/wp-content\/uploads\/2020\/12\/historia-de-facebook-1280x720-1-768x432.jpg 768w\" sizes=\"(max-width: 1280px) 100vw, 1280px\" \/><\/p>\n","protected":false},"excerpt":{"rendered":"<p>El 3 de diciembre se celebra el&nbsp;D\u00eda Internacional de las Personas con Discapacidad&nbsp;con el objetivo de promover los derechos y<\/p>\n","protected":false},"author":2,"featured_media":1033,"parent":0,"menu_order":0,"comment_status":"closed","ping_status":"closed","template":"","meta":[],"_links":{"self":[{"href":"https:\/\/ceiptorrevieja.es\/index.php?rest_route=\/wp\/v2\/pages\/1036"}],"collection":[{"href":"https:\/\/ceiptorrevieja.es\/index.php?rest_route=\/wp\/v2\/pages"}],"about":[{"href":"https:\/\/ceiptorrevieja.es\/index.php?rest_route=\/wp\/v2\/types\/page"}],"author":[{"embeddable":true,"href":"https:\/\/ceiptorrevieja.es\/index.php?rest_route=\/wp\/v2\/users\/2"}],"replies":[{"embeddable":true,"href":"https:\/\/ceiptorrevieja.es\/index.php?rest_route=%2Fwp%2Fv2%2Fcomments&post=1036"}],"version-history":[{"count":9,"href":"https:\/\/ceiptorrevieja.es\/index.php?rest_route=\/wp\/v2\/pages\/1036\/revisions"}],"predecessor-version":[{"id":1058,"href":"https:\/\/ceiptorrevieja.es\/index.php?rest_route=\/wp\/v2\/pages\/1036\/revisions\/1058"}],"wp:featuredmedia":[{"embeddable":true,"href":"https:\/\/ceiptorrevieja.es\/index.php?rest_route=\/wp\/v2\/media\/1033"}],"wp:attachment":[{"href":"https:\/\/ceiptorrevieja.es\/index.php?rest_route=%2Fwp%2Fv2%2Fmedia&parent=1036"}],"curies":[{"name":"wp","href":"https:\/\/api.w.org\/{rel}","templated":true}]}}