{"id":103,"date":"2020-08-17T21:44:51","date_gmt":"2020-08-17T19:44:51","guid":{"rendered":"http:\/\/ceiptorrevieja.es\/?page_id=103"},"modified":"2026-04-06T19:24:15","modified_gmt":"2026-04-06T17:24:15","slug":"2o-primaria","status":"publish","type":"page","link":"https:\/\/ceiptorrevieja.es\/?page_id=103","title":{"rendered":"2\u00ba PRIMARIA"},"content":{"rendered":"\n<p class=\"has-text-align-center has-vivid-red-color has-pale-cyan-blue-background-color has-text-color has-background\"><strong>TUTORA: <\/strong>REYES RODRIGUEZ<\/p>\n\n\n\n<p class=\"has-text-align-left has-vivid-red-color has-text-color\"><strong><a href=\"https:\/\/drive.google.com\/file\/d\/1Az4Cm9eRmgH0saGq8FlE8-KZxcqKdIcy\/view?usp=sharing\">HORARIO DE CLASE<\/a><\/strong><\/p>\n\n\n\n<p>  <a href=\"https:\/\/drive.google.com\/file\/d\/1SbyKPNHYlnH-oywDJIi49H3elEZ8w32z\/view?usp=sharing\">CALENDARIO ESCOLAR 2025-2026. ( Los d\u00edas 24 septiembre, 2 Marzo y 4 de Mayo  ser\u00e1n d\u00edas NO LECTIVOS )<\/a>  <\/p>\n\n\n\n<p class=\"has-vivid-green-cyan-color has-text-color\"><a href=\"https:\/\/ceiptorrevieja.es\/?p=275\"><strong>MEN\u00da COMEDOR<\/strong><\/a><\/p>\n\n\n\n<p class=\"has-luminous-vivid-orange-color has-text-color has-normal-font-size\"><strong><a href=\"https:\/\/ceiptorrevieja.es\/?page_id=497\">PINCHA AQU\u00cd&#8212;REUNI\u00d3N GENERAL DE PADRES\/MADRES<\/a><\/strong><\/p>\n\n\n\n<p><a href=\"https:\/\/drive.google.com\/file\/d\/1HRbkUo549aUIC1xbhr0sBPOgILXsk3Cm\/view?ths=true\">PAUTAS PARA LOS CUADERNOS.<\/a><\/p>\n\n\n\n<p>PINCHA EN CADA LIBRO Y ENTRA EN CADA TEMA&#8230;<\/p>\n\n\n\n<p><\/p>\n\n\n\n<p class=\"has-text-align-center\">3\u00ba trimestre<\/p>\n\n\n\n<p class=\"has-text-align-center\">d<img loading=\"lazy\" width=\"738\" height=\"442\" class=\"wp-image-9056\" style=\"width: 400px;\" src=\"https:\/\/ceiptorrevieja.es\/wp-content\/uploads\/2026\/04\/plantilla-abril-2026-v2-2.webp\" alt=\"\" srcset=\"https:\/\/ceiptorrevieja.es\/wp-content\/uploads\/2026\/04\/plantilla-abril-2026-v2-2.webp 738w, https:\/\/ceiptorrevieja.es\/wp-content\/uploads\/2026\/04\/plantilla-abril-2026-v2-2-300x180.webp 300w\" sizes=\"(max-width: 738px) 100vw, 738px\" \/><\/p>\n\n\n\n<p class=\"has-text-align-center has-very-dark-gray-color has-vivid-cyan-blue-background-color has-text-color has-background\"><strong><strong><a href=\"https:\/\/docs.google.com\/document\/d\/11gm533M9yzkBkMnO1MC-FNIGpPKdQztY\/edit?usp=sharing&amp;ouid=112180580807933240760&amp;rtpof=true&amp;sd=true\">TAREAS DE LA SEMANA  Del  6 Abril   AL 10   Abril <\/a><\/strong><\/strong><\/p>\n\n\n\n<p><strong><a href=\"https:\/\/docs.google.com\/document\/d\/11gm533M9yzkBkMnO1MC-FNIGpPKdQztY\/edit?usp=sharing&amp;ouid=112180580807933240760&amp;rtpof=true&amp;sd=true\">PINCHA AQU\u00cd&#8212;&#8211; PROGRAMACION SEMANAL<\/a><\/strong><\/p>\n\n\n\n<p> <a href=\"https:\/\/ceiptorrevieja.es\/?page_id=2395\"> PINCHA AQUI&#8212;-INGL\u00c9S <img loading=\"lazy\" width=\"418\" height=\"297\" class=\"wp-image-6261\" style=\"width: 150px;\" src=\"https:\/\/ceiptorrevieja.es\/wp-content\/uploads\/2023\/11\/image.png\" alt=\"\" srcset=\"https:\/\/ceiptorrevieja.es\/wp-content\/uploads\/2023\/11\/image.png 418w, https:\/\/ceiptorrevieja.es\/wp-content\/uploads\/2023\/11\/image-300x213.png 300w\" sizes=\"(max-width: 418px) 100vw, 418px\" \/><\/a><\/p>\n\n\n\n<p><\/p>\n\n\n\n<p class=\"has-black-color has-cyan-bluish-gray-background-color has-text-color has-background\">&#8211;<\/p>\n\n\n\n<p><\/p>\n\n\n\n<p><\/p>\n\n\n\n<p class=\"has-text-align-center\"><strong>2\u00ba TRIMESTRE<\/strong><\/p>\n\n\n\n<p class=\"has-text-align-center\">d<img loading=\"lazy\" width=\"742\" height=\"506\" class=\"wp-image-8957\" style=\"width: 400px;\" src=\"https:\/\/ceiptorrevieja.es\/wp-content\/uploads\/2026\/03\/plantilla-marzo-2026-v2.webp\" alt=\"\" srcset=\"https:\/\/ceiptorrevieja.es\/wp-content\/uploads\/2026\/03\/plantilla-marzo-2026-v2.webp 742w, https:\/\/ceiptorrevieja.es\/wp-content\/uploads\/2026\/03\/plantilla-marzo-2026-v2-300x205.webp 300w, https:\/\/ceiptorrevieja.es\/wp-content\/uploads\/2026\/03\/plantilla-marzo-2026-v2-130x90.webp 130w\" sizes=\"(max-width: 742px) 100vw, 742px\" \/><\/p>\n\n\n\n<p class=\"has-text-align-center has-very-dark-gray-color has-vivid-cyan-blue-background-color has-text-color has-background\"><strong><strong><a href=\"https:\/\/docs.google.com\/document\/d\/1AxP6dSNWQKYuMGUB-6uMEDzofNE_H0Oz\/edit?usp=sharing&amp;ouid=112180580807933240760&amp;rtpof=true&amp;sd=true\">TAREAS DE LA SEMANA  Del  16 Marzo   AL 20   Marzo <\/a><\/strong><\/strong><\/p>\n\n\n\n<p><strong><a href=\"https:\/\/docs.google.com\/document\/d\/1AxP6dSNWQKYuMGUB-6uMEDzofNE_H0Oz\/edit?usp=sharing&amp;ouid=112180580807933240760&amp;rtpof=true&amp;sd=true\">PINCHA AQU\u00cd&#8212;&#8211; PROGRAMACION SEMANAL<\/a><\/strong><\/p>\n\n\n\n<p> <a href=\"https:\/\/ceiptorrevieja.es\/?page_id=2395\"> PINCHA AQUI&#8212;-INGL\u00c9S <img loading=\"lazy\" width=\"418\" height=\"297\" class=\"wp-image-6261\" style=\"width: 150px;\" src=\"https:\/\/ceiptorrevieja.es\/wp-content\/uploads\/2023\/11\/image.png\" alt=\"\" srcset=\"https:\/\/ceiptorrevieja.es\/wp-content\/uploads\/2023\/11\/image.png 418w, https:\/\/ceiptorrevieja.es\/wp-content\/uploads\/2023\/11\/image-300x213.png 300w\" sizes=\"(max-width: 418px) 100vw, 418px\" \/><\/a><\/p>\n\n\n\n<p class=\"has-text-align-center has-very-dark-gray-color has-vivid-green-cyan-background-color has-text-color has-background\"><strong><strong><a href=\"https:\/\/docs.google.com\/document\/d\/1_75bVDNsCCcH9B2r8CfOIGuN3SwhQUn4\/edit?usp=sharing&amp;ouid=112180580807933240760&amp;rtpof=true&amp;sd=true\">TAREAS DE LA SEMANA  Del  2 Febrero   AL 6   Febrero <\/a><\/strong><\/strong><\/p>\n\n\n\n<p><strong><a href=\"https:\/\/docs.google.com\/document\/d\/1_75bVDNsCCcH9B2r8CfOIGuN3SwhQUn4\/edit?usp=sharing&amp;ouid=112180580807933240760&amp;rtpof=true&amp;sd=true\">PINCHA AQU\u00cd&#8212;&#8211; PROGRAMACION SEMANAL<\/a><\/strong><\/p>\n\n\n\n<p> <a href=\"https:\/\/ceiptorrevieja.es\/?page_id=2395\"> PINCHA AQUI&#8212;-INGL\u00c9S <img loading=\"lazy\" width=\"418\" height=\"297\" class=\"wp-image-6261\" style=\"width: 150px;\" src=\"https:\/\/ceiptorrevieja.es\/wp-content\/uploads\/2023\/11\/image.png\" alt=\"\" srcset=\"https:\/\/ceiptorrevieja.es\/wp-content\/uploads\/2023\/11\/image.png 418w, https:\/\/ceiptorrevieja.es\/wp-content\/uploads\/2023\/11\/image-300x213.png 300w\" sizes=\"(max-width: 418px) 100vw, 418px\" \/><\/a><\/p>\n\n\n\n<p class=\"has-black-color has-cyan-bluish-gray-background-color has-text-color has-background\">&#8211;<\/p>\n\n\n\n<p class=\"has-text-align-center\">D<img loading=\"lazy\" width=\"747\" height=\"452\" class=\"wp-image-8683\" style=\"width: 400px;\" src=\"https:\/\/ceiptorrevieja.es\/wp-content\/uploads\/2026\/01\/plantilla-enero-2026-v2.webp\" alt=\"\" srcset=\"https:\/\/ceiptorrevieja.es\/wp-content\/uploads\/2026\/01\/plantilla-enero-2026-v2.webp 747w, https:\/\/ceiptorrevieja.es\/wp-content\/uploads\/2026\/01\/plantilla-enero-2026-v2-300x182.webp 300w\" sizes=\"(max-width: 747px) 100vw, 747px\" \/><\/p>\n\n\n\n<p><\/p>\n\n\n\n<p class=\"has-text-align-center has-very-dark-gray-color has-vivid-cyan-blue-background-color has-text-color has-background\"><strong><strong><a href=\"https:\/\/docs.google.com\/document\/d\/1nEXhxLKZSBhOYVTkbL5OWSoqkwXEJjpV\/edit?usp=sharing&amp;ouid=112180580807933240760&amp;rtpof=true&amp;sd=true\">TAREAS DE LA SEMANA  DE 19 ENERO   AL 23  ENERO <\/a><\/strong><\/strong><\/p>\n\n\n\n<p><strong><a href=\"https:\/\/docs.google.com\/document\/d\/1bC8h7A3vPNTk_FQ3kerHAc7fRbpZmx8_\/edit?usp=sharing&amp;ouid=112180580807933240760&amp;rtpof=true&amp;sd=true\">PIN<\/a><a href=\"https:\/\/docs.google.com\/document\/d\/1nEXhxLKZSBhOYVTkbL5OWSoqkwXEJjpV\/edit?usp=sharing&amp;ouid=112180580807933240760&amp;rtpof=true&amp;sd=true\">CHA AQU\u00cd&#8212;&#8211; PROGRAMACION SEMANAL<\/a><\/strong><\/p>\n\n\n\n<p> <a href=\"https:\/\/ceiptorrevieja.es\/?page_id=2395\"> PINCHA AQUI&#8212;-INGL\u00c9S <img loading=\"lazy\" width=\"418\" height=\"297\" class=\"wp-image-6261\" style=\"width: 150px;\" src=\"https:\/\/ceiptorrevieja.es\/wp-content\/uploads\/2023\/11\/image.png\" alt=\"\" srcset=\"https:\/\/ceiptorrevieja.es\/wp-content\/uploads\/2023\/11\/image.png 418w, https:\/\/ceiptorrevieja.es\/wp-content\/uploads\/2023\/11\/image-300x213.png 300w\" sizes=\"(max-width: 418px) 100vw, 418px\" \/><\/a><\/p>\n\n\n\n<p>  <\/p>\n\n\n\n<p class=\"has-text-align-center has-very-dark-gray-color has-vivid-cyan-blue-background-color has-text-color has-background\"><strong><strong><a href=\"https:\/\/docs.google.com\/document\/d\/1bC8h7A3vPNTk_FQ3kerHAc7fRbpZmx8_\/edit?usp=sharing&amp;ouid=112180580807933240760&amp;rtpof=true&amp;sd=true\">TAREAS DE LA SEMANA  DE 12 ENERO   AL 16  ENERO <\/a><\/strong><\/strong><\/p>\n\n\n\n<p><strong><a href=\"https:\/\/docs.google.com\/document\/d\/1bC8h7A3vPNTk_FQ3kerHAc7fRbpZmx8_\/edit?usp=sharing&amp;ouid=112180580807933240760&amp;rtpof=true&amp;sd=true\">PINCHA AQU\u00cd&#8212;&#8211; PROGRAMACION SEMANAL<\/a><\/strong><\/p>\n\n\n\n<p> <a href=\"https:\/\/ceiptorrevieja.es\/?page_id=2395\"> PINCHA AQUI&#8212;-INGL\u00c9S <img loading=\"lazy\" width=\"418\" height=\"297\" class=\"wp-image-6261\" style=\"width: 150px;\" src=\"https:\/\/ceiptorrevieja.es\/wp-content\/uploads\/2023\/11\/image.png\" alt=\"\" srcset=\"https:\/\/ceiptorrevieja.es\/wp-content\/uploads\/2023\/11\/image.png 418w, https:\/\/ceiptorrevieja.es\/wp-content\/uploads\/2023\/11\/image-300x213.png 300w\" sizes=\"(max-width: 418px) 100vw, 418px\" \/><\/a><\/p>\n\n\n\n<p class=\"has-text-align-center has-very-dark-gray-color has-vivid-cyan-blue-background-color has-text-color has-background\"><strong><strong><a href=\"https:\/\/docs.google.com\/document\/d\/1xVjsLoYuBxC9NBn0cDiTDWPxxjRtOHeJ\/edit?usp=sharing&amp;ouid=112180580807933240760&amp;rtpof=true&amp;sd=true\">TAREAS DE LA SEMANA  DE 8 ENERO   AL 9  ENERO <\/a><\/strong><\/strong><\/p>\n\n\n\n<p><strong><a href=\"https:\/\/docs.google.com\/document\/d\/1xVjsLoYuBxC9NBn0cDiTDWPxxjRtOHeJ\/edit?usp=sharing&amp;ouid=112180580807933240760&amp;rtpof=true&amp;sd=true\">PINCHA AQU\u00cd&#8212;&#8211; PROGRAMACION SEMANAL<\/a><\/strong><\/p>\n\n\n\n<p> <a href=\"https:\/\/ceiptorrevieja.es\/?page_id=2395\"> PINCHA AQUI&#8212;-INGL\u00c9S <img loading=\"lazy\" width=\"418\" height=\"297\" class=\"wp-image-6261\" style=\"width: 150px;\" src=\"https:\/\/ceiptorrevieja.es\/wp-content\/uploads\/2023\/11\/image.png\" alt=\"\" srcset=\"https:\/\/ceiptorrevieja.es\/wp-content\/uploads\/2023\/11\/image.png 418w, https:\/\/ceiptorrevieja.es\/wp-content\/uploads\/2023\/11\/image-300x213.png 300w\" sizes=\"(max-width: 418px) 100vw, 418px\" \/><\/a><\/p>\n\n\n\n<p class=\"has-black-color has-light-green-cyan-background-color has-text-color has-background\">.<\/p>\n\n\n\n<h5 class=\"has-text-align-center has-vivid-green-cyan-color has-text-color\"><strong>1\u00ba TRIMESTRE<\/strong><\/h5>\n\n\n\n<p class=\"has-text-align-center\">D<img loading=\"lazy\" width=\"3386\" height=\"2255\" class=\"wp-image-8529\" style=\"width: 400px;\" src=\"https:\/\/ceiptorrevieja.es\/wp-content\/uploads\/2025\/11\/calendario-de-diciembre-2025.png\" alt=\"\" srcset=\"https:\/\/ceiptorrevieja.es\/wp-content\/uploads\/2025\/11\/calendario-de-diciembre-2025.png 3386w, https:\/\/ceiptorrevieja.es\/wp-content\/uploads\/2025\/11\/calendario-de-diciembre-2025-300x200.png 300w, https:\/\/ceiptorrevieja.es\/wp-content\/uploads\/2025\/11\/calendario-de-diciembre-2025-1024x682.png 1024w, https:\/\/ceiptorrevieja.es\/wp-content\/uploads\/2025\/11\/calendario-de-diciembre-2025-768x511.png 768w, https:\/\/ceiptorrevieja.es\/wp-content\/uploads\/2025\/11\/calendario-de-diciembre-2025-1536x1023.png 1536w, https:\/\/ceiptorrevieja.es\/wp-content\/uploads\/2025\/11\/calendario-de-diciembre-2025-2048x1364.png 2048w\" sizes=\"(max-width: 3386px) 100vw, 3386px\" \/><\/p>\n\n\n\n<p class=\"has-text-align-center has-very-dark-gray-color has-vivid-cyan-blue-background-color has-text-color has-background\"><strong><strong><a href=\"https:\/\/docs.google.com\/document\/d\/1xVjsLoYuBxC9NBn0cDiTDWPxxjRtOHeJ\/edit?usp=sharing&amp;ouid=112180580807933240760&amp;rtpof=true&amp;sd=true\">TAREAS DE LA SEMANA  DE 1 DICIEMBRE   AL 5 DICIEMBRE <\/a><\/strong><\/strong><\/p>\n\n\n\n<p><strong><a href=\"https:\/\/docs.google.com\/document\/d\/1xVjsLoYuBxC9NBn0cDiTDWPxxjRtOHeJ\/edit?usp=sharing&amp;ouid=112180580807933240760&amp;rtpof=true&amp;sd=true\">PINCHA AQU\u00cd&#8212;&#8211; PROGRAMACION SEMANAL<\/a><\/strong><\/p>\n\n\n\n<p> <a href=\"https:\/\/ceiptorrevieja.es\/?page_id=2395\"> PINCHA AQUI&#8212;-INGL\u00c9S <img loading=\"lazy\" width=\"418\" height=\"297\" class=\"wp-image-6261\" style=\"width: 150px;\" src=\"https:\/\/ceiptorrevieja.es\/wp-content\/uploads\/2023\/11\/image.png\" alt=\"\" srcset=\"https:\/\/ceiptorrevieja.es\/wp-content\/uploads\/2023\/11\/image.png 418w, https:\/\/ceiptorrevieja.es\/wp-content\/uploads\/2023\/11\/image-300x213.png 300w\" sizes=\"(max-width: 418px) 100vw, 418px\" \/><\/a><\/p>\n\n\n\n<p><\/p>\n\n\n\n<p class=\"has-light-green-cyan-background-color has-background\">&#8211;<a href=\"https:\/\/ceiptorrevieja.es\/?page_id=2395\"><\/a><\/p>\n\n\n\n<p><\/p>\n\n\n\n<p class=\"has-text-align-center\">D<img loading=\"lazy\" width=\"3386\" height=\"2370\" class=\"wp-image-8190\" style=\"width: 400px;\" src=\"https:\/\/ceiptorrevieja.es\/wp-content\/uploads\/2025\/11\/calendario-de-noviembre-2025-2.png\" alt=\"\" srcset=\"https:\/\/ceiptorrevieja.es\/wp-content\/uploads\/2025\/11\/calendario-de-noviembre-2025-2.png 3386w, https:\/\/ceiptorrevieja.es\/wp-content\/uploads\/2025\/11\/calendario-de-noviembre-2025-2-300x210.png 300w, https:\/\/ceiptorrevieja.es\/wp-content\/uploads\/2025\/11\/calendario-de-noviembre-2025-2-1024x717.png 1024w, https:\/\/ceiptorrevieja.es\/wp-content\/uploads\/2025\/11\/calendario-de-noviembre-2025-2-768x538.png 768w, https:\/\/ceiptorrevieja.es\/wp-content\/uploads\/2025\/11\/calendario-de-noviembre-2025-2-1536x1075.png 1536w, https:\/\/ceiptorrevieja.es\/wp-content\/uploads\/2025\/11\/calendario-de-noviembre-2025-2-2048x1433.png 2048w, https:\/\/ceiptorrevieja.es\/wp-content\/uploads\/2025\/11\/calendario-de-noviembre-2025-2-130x90.png 130w\" sizes=\"(max-width: 3386px) 100vw, 3386px\" \/><\/p>\n\n\n\n<p class=\"has-text-align-center has-very-dark-gray-color has-vivid-cyan-blue-background-color has-text-color has-background\"><strong><strong><a href=\"https:\/\/docs.google.com\/document\/d\/1D4pcVW6suoElRO5bAED9gOfkmZqdkbLb\/edit?usp=sharing&amp;ouid=112180580807933240760&amp;rtpof=true&amp;sd=true\">TAREAS DE LA SEMANA  DE 24 NOVIEMBRE   AL 28 NOVIEMBRE <\/a><\/strong><\/strong><\/p>\n\n\n\n<p><strong><a href=\"https:\/\/docs.google.com\/document\/d\/1D4pcVW6suoElRO5bAED9gOfkmZqdkbLb\/edit?usp=sharing&amp;ouid=112180580807933240760&amp;rtpof=true&amp;sd=true\">PINCHA AQU\u00cd&#8212;&#8211; PROGRAMACION SEMANAL<\/a><\/strong><\/p>\n\n\n\n<p> <a href=\"https:\/\/ceiptorrevieja.es\/?page_id=2395\"> PINCHA AQUI&#8212;-INGL\u00c9S <img loading=\"lazy\" width=\"418\" height=\"297\" class=\"wp-image-6261\" style=\"width: 150px;\" src=\"https:\/\/ceiptorrevieja.es\/wp-content\/uploads\/2023\/11\/image.png\" alt=\"\" srcset=\"https:\/\/ceiptorrevieja.es\/wp-content\/uploads\/2023\/11\/image.png 418w, https:\/\/ceiptorrevieja.es\/wp-content\/uploads\/2023\/11\/image-300x213.png 300w\" sizes=\"(max-width: 418px) 100vw, 418px\" \/><\/a><a href=\"https:\/\/ceiptorrevieja.es\/?page_id=2395\"><\/a><\/p>\n\n\n\n<p class=\"has-text-align-center has-very-dark-gray-color has-vivid-cyan-blue-background-color has-text-color has-background\"><strong><strong><a href=\"https:\/\/docs.google.com\/document\/d\/1fxDJvpMt5SeMwOuMxzQB2F_MneuEnC0H\/edit?usp=sharing&amp;ouid=112180580807933240760&amp;rtpof=true&amp;sd=true\">TAREAS DE LA SEMANA  DE 17 NOVIEMBRE   AL 21 NOVIEMBRE <\/a><\/strong><\/strong><\/p>\n\n\n\n<p><a href=\"https:\/\/docs.google.com\/document\/d\/1fxDJvpMt5SeMwOuMxzQB2F_MneuEnC0H\/edit?usp=sharing&amp;ouid=112180580807933240760&amp;rtpof=true&amp;sd=true\"><strong>PINCHA AQU\u00cd&#8212;&#8211; PROGRAMACION SEMANAL<\/strong><\/a><\/p>\n\n\n\n<p> <a href=\"https:\/\/ceiptorrevieja.es\/?page_id=2395\"> PINCHA AQUI&#8212;-INGL\u00c9S <img loading=\"lazy\" width=\"418\" height=\"297\" class=\"wp-image-6261\" style=\"width: 150px;\" src=\"https:\/\/ceiptorrevieja.es\/wp-content\/uploads\/2023\/11\/image.png\" alt=\"\" srcset=\"https:\/\/ceiptorrevieja.es\/wp-content\/uploads\/2023\/11\/image.png 418w, https:\/\/ceiptorrevieja.es\/wp-content\/uploads\/2023\/11\/image-300x213.png 300w\" sizes=\"(max-width: 418px) 100vw, 418px\" \/><\/a><a href=\"https:\/\/ceiptorrevieja.es\/?page_id=2395\"><\/a><\/p>\n\n\n\n<p class=\"has-text-align-center has-very-dark-gray-color has-vivid-cyan-blue-background-color has-text-color has-background\"><strong><strong>TAREAS DE LA SEMANA  DE 10 NOVIEMBRE   AL 14 NOVIEMBRE <\/strong><\/strong><\/p>\n\n\n\n<p><a href=\"https:\/\/docs.google.com\/document\/d\/1fUPUTevu-VRl9edCb7bWcI-e2Ixr5-y_\/edit?usp=sharing&amp;ouid=112180580807933240760&amp;rtpof=true&amp;sd=true\"><strong>PINCHA AQU\u00cd&#8212;&#8211; LENGUA-MATES-<\/strong>CONOCIMIENTO<\/a><\/p>\n\n\n\n<p> <a href=\"https:\/\/ceiptorrevieja.es\/?page_id=2395\"> PINCHA AQUI&#8212;-INGL\u00c9S <img loading=\"lazy\" width=\"418\" height=\"297\" class=\"wp-image-6261\" style=\"width: 150px;\" src=\"https:\/\/ceiptorrevieja.es\/wp-content\/uploads\/2023\/11\/image.png\" alt=\"\" srcset=\"https:\/\/ceiptorrevieja.es\/wp-content\/uploads\/2023\/11\/image.png 418w, https:\/\/ceiptorrevieja.es\/wp-content\/uploads\/2023\/11\/image-300x213.png 300w\" sizes=\"(max-width: 418px) 100vw, 418px\" \/><\/a><a href=\"https:\/\/ceiptorrevieja.es\/?page_id=2395\"><\/a><\/p>\n\n\n\n<p class=\"has-black-color has-cyan-bluish-gray-background-color has-text-color has-background\">&#8211;<\/p>\n\n\n\n<div class=\"wp-block-image\"><figure class=\"aligncenter is-resized\"><img loading=\"lazy\" src=\"https:\/\/www.calendarpedia.com\/images-large\/espana\/mensual\/2025\/calendario-de-octubre-2025.png\" alt=\"Calendario octubre 2025 en PDF, Excel y Word | Calendarpedia\" width=\"388\" height=\"272\"\/><\/figure><\/div>\n\n\n\n<p class=\"has-text-align-center has-very-dark-gray-color has-vivid-cyan-blue-background-color has-text-color has-background\"><strong><strong>TAREAS DE LA SEMANA  DE 1 OCTUBRE   AL 4 OCTUBRE <\/strong><\/strong><\/p>\n\n\n\n<p><strong>PINCHA AQU\u00cd&#8212;&#8211; LENGUA-MATES-<\/strong>CONOCIMIENTO<\/p>\n\n\n\n<p> <a href=\"https:\/\/ceiptorrevieja.es\/?page_id=2395\"> PINCHA AQUI&#8212;-INGL\u00c9S <img loading=\"lazy\" width=\"418\" height=\"297\" class=\"wp-image-6261\" style=\"width: 150px;\" src=\"https:\/\/ceiptorrevieja.es\/wp-content\/uploads\/2023\/11\/image.png\" alt=\"\" srcset=\"https:\/\/ceiptorrevieja.es\/wp-content\/uploads\/2023\/11\/image.png 418w, https:\/\/ceiptorrevieja.es\/wp-content\/uploads\/2023\/11\/image-300x213.png 300w\" sizes=\"(max-width: 418px) 100vw, 418px\" \/><\/a><a href=\"https:\/\/ceiptorrevieja.es\/?page_id=2395\"><\/a><\/p>\n\n\n\n<p class=\"has-cyan-bluish-gray-background-color has-background\">&#8211;<\/p>\n\n\n\n<p class=\"has-vivid-green-cyan-background-color has-background\">&#8211;<\/p>\n","protected":false},"excerpt":{"rendered":"<p>TUTORA: REYES RODRIGUEZ HORARIO DE CLASE CALENDARIO ESCOLAR 2025-2026. ( Los d\u00edas 24 septiembre, 2 Marzo y 4 de Mayo<\/p>\n","protected":false},"author":1,"featured_media":8307,"parent":0,"menu_order":0,"comment_status":"closed","ping_status":"closed","template":"","meta":[],"_links":{"self":[{"href":"https:\/\/ceiptorrevieja.es\/index.php?rest_route=\/wp\/v2\/pages\/103"}],"collection":[{"href":"https:\/\/ceiptorrevieja.es\/index.php?rest_route=\/wp\/v2\/pages"}],"about":[{"href":"https:\/\/ceiptorrevieja.es\/index.php?rest_route=\/wp\/v2\/types\/page"}],"author":[{"embeddable":true,"href":"https:\/\/ceiptorrevieja.es\/index.php?rest_route=\/wp\/v2\/users\/1"}],"replies":[{"embeddable":true,"href":"https:\/\/ceiptorrevieja.es\/index.php?rest_route=%2Fwp%2Fv2%2Fcomments&post=103"}],"version-history":[{"count":238,"href":"https:\/\/ceiptorrevieja.es\/index.php?rest_route=\/wp\/v2\/pages\/103\/revisions"}],"predecessor-version":[{"id":9066,"href":"https:\/\/ceiptorrevieja.es\/index.php?rest_route=\/wp\/v2\/pages\/103\/revisions\/9066"}],"wp:featuredmedia":[{"embeddable":true,"href":"https:\/\/ceiptorrevieja.es\/index.php?rest_route=\/wp\/v2\/media\/8307"}],"wp:attachment":[{"href":"https:\/\/ceiptorrevieja.es\/index.php?rest_route=%2Fwp%2Fv2%2Fmedia&parent=103"}],"curies":[{"name":"wp","href":"https:\/\/api.w.org\/{rel}","templated":true}]}}