{"id":101,"date":"2020-08-17T21:44:32","date_gmt":"2020-08-17T19:44:32","guid":{"rendered":"http:\/\/ceiptorrevieja.es\/?page_id=101"},"modified":"2026-04-16T13:53:42","modified_gmt":"2026-04-16T11:53:42","slug":"1o-primaria","status":"publish","type":"page","link":"https:\/\/ceiptorrevieja.es\/?page_id=101","title":{"rendered":"1\u00ba PRIMARIA."},"content":{"rendered":"\n<p class=\"has-text-align-center has-vivid-red-color has-pale-cyan-blue-background-color has-text-color has-background has-medium-font-size\"><strong>TUTORA: <\/strong>LAURA VALENCIA<\/p>\n\n\n\n<p> <\/p>\n\n\n\n<p class=\"has-vivid-purple-color has-text-color\"><strong><a href=\"https:\/\/drive.google.com\/file\/d\/1XOvCpRl5ovB5RJBvvq5_QzNU4YvWSgL_\/view?usp=sharing\">HORARIO DE CLASE<\/a><\/strong><\/p>\n\n\n\n<p class=\"has-vivid-cyan-blue-color has-text-color\"><a href=\"https:\/\/drive.google.com\/file\/d\/1SbyKPNHYlnH-oywDJIi49H3elEZ8w32z\/view?usp=sharing\">CALENDARIO ESCOLAR 2025-2026. ( Los d\u00edas 24 septiembre, 2 Marzo y 4 de Mayo  ser\u00e1n d\u00edas NO LECTIVOS )<\/a><\/p>\n\n\n\n<p><a href=\"https:\/\/ceiptorrevieja.es\/?p=275\">MEN\u00da COMEDOR<\/a><\/p>\n\n\n\n<p><a href=\"https:\/\/drive.google.com\/file\/d\/1HRbkUo549aUIC1xbhr0sBPOgILXsk3Cm\/view?ths=true\">PAUTAS PARA LOS CUADERNOS.<\/a><\/p>\n\n\n\n<p><strong><a href=\"https:\/\/ceiptorrevieja.es\/?page_id=497\">PINCHA AQU\u00cd&#8212;REUNI\u00d3N GENERAL DE PADRES\/MADRES<\/a><\/strong><\/p>\n\n\n\n<p><\/p>\n\n\n\n<p>Aqu\u00ed encontrareis las tareas de la semana pincha en cada enlace <\/p>\n\n\n\n<p class=\"has-text-align-center\">2\u00ba TRIMESTRE<\/p>\n\n\n\n<p class=\"has-text-align-center\">D<img loading=\"lazy\" width=\"742\" height=\"506\" class=\"wp-image-8957\" style=\"width: 400px;\" src=\"https:\/\/ceiptorrevieja.es\/wp-content\/uploads\/2026\/03\/plantilla-marzo-2026-v2.webp\" alt=\"\" srcset=\"https:\/\/ceiptorrevieja.es\/wp-content\/uploads\/2026\/03\/plantilla-marzo-2026-v2.webp 742w, https:\/\/ceiptorrevieja.es\/wp-content\/uploads\/2026\/03\/plantilla-marzo-2026-v2-300x205.webp 300w, https:\/\/ceiptorrevieja.es\/wp-content\/uploads\/2026\/03\/plantilla-marzo-2026-v2-130x90.webp 130w\" sizes=\"(max-width: 742px) 100vw, 742px\" \/><\/p>\n\n\n\n<p class=\"has-text-align-center has-very-dark-gray-color has-vivid-cyan-blue-background-color has-text-color has-background\"><strong><a href=\"https:\/\/docs.google.com\/document\/d\/1l97p6cCOnI1nIZb3ZeB5nlC25Ix464jB\/edit?usp=sharing&amp;ouid=112180580807933240760&amp;rtpof=true&amp;sd=true\">TAREAS DE LA SEMANA  DE 12 ENERO AL 16 ENERO<\/a><\/strong><\/p>\n\n\n\n<p><a href=\"https:\/\/docs.google.com\/document\/d\/1l97p6cCOnI1nIZb3ZeB5nlC25Ix464jB\/edit?usp=sharing&amp;ouid=112180580807933240760&amp;rtpof=true&amp;sd=true\"><strong>PINCHA AQU\u00cd&#8212;&#8211;<\/strong>PROGRAMACI\u00d3N SEMANAL<\/a><\/p>\n\n\n\n<p><a href=\"https:\/\/ceiptorrevieja.es\/?page_id=2385\">PINCHA AQUI&#8212;-INGL\u00c9S<\/a><\/p>\n\n\n\n<p><\/p>\n\n\n\n<p class=\"has-light-green-cyan-background-color has-background\">.<\/p>\n\n\n\n<h5 class=\"has-text-align-center has-vivid-green-cyan-color has-text-color\"><strong>1\u00ba TRIMESTRE<\/strong><\/h5>\n\n\n\n<p class=\"has-text-align-center\">D<img loading=\"lazy\" width=\"3386\" height=\"2370\" class=\"wp-image-8190\" style=\"width: 400px;\" src=\"https:\/\/ceiptorrevieja.es\/wp-content\/uploads\/2025\/11\/calendario-de-noviembre-2025-2.png\" alt=\"\" srcset=\"https:\/\/ceiptorrevieja.es\/wp-content\/uploads\/2025\/11\/calendario-de-noviembre-2025-2.png 3386w, https:\/\/ceiptorrevieja.es\/wp-content\/uploads\/2025\/11\/calendario-de-noviembre-2025-2-300x210.png 300w, https:\/\/ceiptorrevieja.es\/wp-content\/uploads\/2025\/11\/calendario-de-noviembre-2025-2-1024x717.png 1024w, https:\/\/ceiptorrevieja.es\/wp-content\/uploads\/2025\/11\/calendario-de-noviembre-2025-2-768x538.png 768w, https:\/\/ceiptorrevieja.es\/wp-content\/uploads\/2025\/11\/calendario-de-noviembre-2025-2-1536x1075.png 1536w, https:\/\/ceiptorrevieja.es\/wp-content\/uploads\/2025\/11\/calendario-de-noviembre-2025-2-2048x1433.png 2048w, https:\/\/ceiptorrevieja.es\/wp-content\/uploads\/2025\/11\/calendario-de-noviembre-2025-2-130x90.png 130w\" sizes=\"(max-width: 3386px) 100vw, 3386px\" \/><\/p>\n\n\n\n<p class=\"has-black-color has-light-green-cyan-background-color has-text-color has-background\">&#8211;<\/p>\n\n\n\n<p class=\"has-text-align-center has-very-dark-gray-color has-vivid-cyan-blue-background-color has-text-color has-background\"><strong><a href=\"https:\/\/docs.google.com\/document\/d\/1Wk5BDMmAQjppkKAm_eQtMGDXWkQ88xr2\/edit?usp=sharing&amp;ouid=112180580807933240760&amp;rtpof=true&amp;sd=true\">TAREAS DE LA SEMANA  DE 24 NOVIEMBRE AL 28  NOVIEMBRE<\/a><\/strong><\/p>\n\n\n\n<p><a href=\"https:\/\/docs.google.com\/document\/d\/1Wk5BDMmAQjppkKAm_eQtMGDXWkQ88xr2\/edit?usp=sharing&amp;ouid=112180580807933240760&amp;rtpof=true&amp;sd=true\"><strong>PINCHA AQU\u00cd&#8212;&#8211;<\/strong>PROGRAMACI\u00d3N SEMANAL<\/a><\/p>\n\n\n\n<p><a href=\"https:\/\/ceiptorrevieja.es\/?page_id=2385\">PINCHA AQUI&#8212;-INGL\u00c9S<\/a><\/p>\n\n\n\n<p class=\"has-text-align-center has-very-dark-gray-color has-vivid-cyan-blue-background-color has-text-color has-background\"><strong>TAREAS DE LA SEMANA  DE 17 NOVIEMBRE AL 21  NOVIEMBRE<\/strong><\/p>\n\n\n\n<p><a href=\"https:\/\/docs.google.com\/document\/d\/1AAq-wpMT4WO0UqtrzKXPiET5vqpdAUi6\/edit?usp=sharing&amp;ouid=112180580807933240760&amp;rtpof=true&amp;sd=true\"><strong>PINCHA AQU\u00cd&#8212;&#8211;<\/strong>PROGRAMACI\u00d3N SEMANAL<\/a><\/p>\n\n\n\n<p><a href=\"https:\/\/ceiptorrevieja.es\/?page_id=2385\">PINCHA AQUI&#8212;-INGL\u00c9S<\/a><\/p>\n\n\n\n<p class=\"has-text-align-center has-very-dark-gray-color has-vivid-cyan-blue-background-color has-text-color has-background\"><strong>TAREAS DE LA SEMANA  DE 10 nOVIEMBRE AL 14  NOVIEMBRE<\/strong><\/p>\n\n\n\n<p><a href=\"https:\/\/drive.google.com\/file\/d\/1Nndt59yxTz_QKuX2KwM4rwEWidYlADz7\/view?usp=sharing\"><strong>PINCHA AQU\u00cd&#8212;&#8211; LENGUA-MATES-<\/strong>CONOCIMIENTO DEL MEDIO<\/a><\/p>\n\n\n\n<p><a href=\"https:\/\/ceiptorrevieja.es\/?page_id=2385\">PINCHA AQUI&#8212;-INGL\u00c9S<\/a><\/p>\n\n\n\n<p class=\"has-cyan-bluish-gray-background-color has-background\">&#8211;<\/p>\n\n\n\n<div class=\"wp-block-image\"><figure class=\"aligncenter is-resized\"><img loading=\"lazy\" src=\"https:\/\/www.calendarpedia.com\/images-large\/espana\/mensual\/2025\/calendario-de-octubre-2025.png\" alt=\"Calendario octubre 2025 en PDF, Excel y Word | Calendarpedia\" width=\"406\" height=\"284\"\/><\/figure><\/div>\n\n\n\n<p><\/p>\n\n\n\n<p class=\"has-text-align-center has-very-dark-gray-color has-vivid-cyan-blue-background-color has-text-color has-background\"><strong>TAREAS DE LA SEMANA  DE 15BSEPTIEMBRE AL 19  SEPTIEMBRE<\/strong><\/p>\n\n\n\n<p><a href=\"https:\/\/drive.google.com\/file\/d\/1Nndt59yxTz_QKuX2KwM4rwEWidYlADz7\/view?usp=sharing\"><strong>PINCHA AQU\u00cd&#8212;&#8211; LENGUA-MATES-<\/strong>CONOCIMIENTO DEL MEDIO<\/a><\/p>\n\n\n\n<p><a href=\"https:\/\/ceiptorrevieja.es\/?page_id=2385\">PINCHA AQUI&#8212;-INGL\u00c9S<\/a><\/p>\n\n\n\n<p><\/p>\n\n\n\n<p class=\"has-pale-cyan-blue-background-color has-background\">&#8211;<\/p>\n\n\n\n<p class=\"has-light-green-cyan-background-color has-background\">&#8211;<\/p>\n","protected":false},"excerpt":{"rendered":"<p>TUTORA: LAURA VALENCIA HORARIO DE CLASE CALENDARIO ESCOLAR 2025-2026. ( Los d\u00edas 24 septiembre, 2 Marzo y 4 de Mayo<\/p>\n","protected":false},"author":1,"featured_media":7936,"parent":0,"menu_order":0,"comment_status":"closed","ping_status":"closed","template":"","meta":[],"_links":{"self":[{"href":"https:\/\/ceiptorrevieja.es\/index.php?rest_route=\/wp\/v2\/pages\/101"}],"collection":[{"href":"https:\/\/ceiptorrevieja.es\/index.php?rest_route=\/wp\/v2\/pages"}],"about":[{"href":"https:\/\/ceiptorrevieja.es\/index.php?rest_route=\/wp\/v2\/types\/page"}],"author":[{"embeddable":true,"href":"https:\/\/ceiptorrevieja.es\/index.php?rest_route=\/wp\/v2\/users\/1"}],"replies":[{"embeddable":true,"href":"https:\/\/ceiptorrevieja.es\/index.php?rest_route=%2Fwp%2Fv2%2Fcomments&post=101"}],"version-history":[{"count":213,"href":"https:\/\/ceiptorrevieja.es\/index.php?rest_route=\/wp\/v2\/pages\/101\/revisions"}],"predecessor-version":[{"id":8977,"href":"https:\/\/ceiptorrevieja.es\/index.php?rest_route=\/wp\/v2\/pages\/101\/revisions\/8977"}],"wp:featuredmedia":[{"embeddable":true,"href":"https:\/\/ceiptorrevieja.es\/index.php?rest_route=\/wp\/v2\/media\/7936"}],"wp:attachment":[{"href":"https:\/\/ceiptorrevieja.es\/index.php?rest_route=%2Fwp%2Fv2%2Fmedia&parent=101"}],"curies":[{"name":"wp","href":"https:\/\/api.w.org\/{rel}","templated":true}]}}